{"id":12573,"date":"2026-03-31T22:19:50","date_gmt":"2026-03-31T20:19:50","guid":{"rendered":"https:\/\/weinhundert.com\/produkt\/manso-de-velasco-2011-075-l\/"},"modified":"2026-04-02T13:39:13","modified_gmt":"2026-04-02T11:39:13","slug":"manso-de-velasco-2011-075-l","status":"publish","type":"product","link":"https:\/\/weinhundert.com\/da\/produkt\/manso-de-velasco-2011-075-l\/","title":{"rendered":"Manso de Velasco  2011 0,75 l"},"content":{"rendered":"<p>Lass dich von diesem Manso de Velasco aus dem Jahr 2011 in die sonnenverw\u00f6hnten H\u00fcgel des Curico Valleys entf\u00fchren. Dieser chilenische Cabernet Sauvignon bringt die kraftvolle Fruchtigkeit der Region perfekt zur Geltung und pr\u00e4sentiert sich mit Noten von reifen Beeren und einem Hauch von Gew\u00fcrzen, die sich harmonisch entfalten. Mit seinen 14,5 % Alkohol bietet er einen intensiven Genuss, der sowohl den Gaumen als auch die Sinne erfreut. Dieser Wein ist nicht nur ein Genuss f\u00fcr dich selbst, sondern auch ein toller Begleiter zu einem saftigen Steak oder einer herzhaften Pasta mit reichhaltiger Sauce. G\u00f6nn dir diese geschmackliche Reise und bring das St\u00fcck Chile direkt auf deinen Tisch!<\/p>\n","protected":false},"excerpt":{"rendered":"<p>Kraftvoller Cabernet Sauvignon aus Chiles sonnigem Curic\u00f3 Valley: reife Beeren, w\u00fcrzige Noten, intensiver Genuss f\u00fcr Steak und Pasta.<\/p>\n","protected":false},"featured_media":12752,"comment_status":"open","ping_status":"closed","template":"","meta":{"_acf_changed":false,"_et_pb_use_builder":"","_et_pb_old_content":"","_et_gb_content_width":"","inline_featured_image":false,"_price":"33.90","_stock":"-1","_tribe_ticket_header":"","_tribe_default_ticket_provider":"","_tribe_ticket_capacity":"","_ticket_start_date":"","_ticket_end_date":"","_tribe_ticket_show_description":"","_tribe_ticket_show_not_going":false,"_tribe_ticket_use_global_stock":"","_tribe_ticket_global_stock_level":"","_global_stock_mode":"","_global_stock_cap":"","_tribe_rsvp_for_event":"","_tribe_ticket_going_count":"","_tribe_ticket_not_going_count":"","_tribe_tickets_list":"[]","_tribe_ticket_has_attendee_info_fields":false,"_tec_slr_enabled":"","_tec_slr_layout":""},"product_brand":[],"product_cat":[124],"product_tag":[],"class_list":{"0":"post-12573","1":"product","2":"type-product","3":"status-publish","4":"has-post-thumbnail","6":"product_cat-rotwein","8":"first","9":"outofstock","10":"taxable","11":"shipping-taxable","12":"purchasable","13":"product-type-simple"},"acf":[],"_links":{"self":[{"href":"https:\/\/weinhundert.com\/da\/wp-json\/wp\/v2\/product\/12573","targetHints":{"allow":["GET"]}}],"collection":[{"href":"https:\/\/weinhundert.com\/da\/wp-json\/wp\/v2\/product"}],"about":[{"href":"https:\/\/weinhundert.com\/da\/wp-json\/wp\/v2\/types\/product"}],"replies":[{"embeddable":true,"href":"https:\/\/weinhundert.com\/da\/wp-json\/wp\/v2\/comments?post=12573"}],"wp:featuredmedia":[{"embeddable":true,"href":"https:\/\/weinhundert.com\/da\/wp-json\/wp\/v2\/media\/12752"}],"wp:attachment":[{"href":"https:\/\/weinhundert.com\/da\/wp-json\/wp\/v2\/media?parent=12573"}],"wp:term":[{"taxonomy":"product_brand","embeddable":true,"href":"https:\/\/weinhundert.com\/da\/wp-json\/wp\/v2\/product_brand?post=12573"},{"taxonomy":"product_cat","embeddable":true,"href":"https:\/\/weinhundert.com\/da\/wp-json\/wp\/v2\/product_cat?post=12573"},{"taxonomy":"product_tag","embeddable":true,"href":"https:\/\/weinhundert.com\/da\/wp-json\/wp\/v2\/product_tag?post=12573"}],"curies":[{"name":"wp","href":"https:\/\/api.w.org\/{rel}","templated":true}]}}