{"id":12579,"date":"2026-03-31T22:20:09","date_gmt":"2026-03-31T20:20:09","guid":{"rendered":"https:\/\/weinhundert.com\/produkt\/mer-soleil-chardonnay-reserve-2019-075-l\/"},"modified":"2026-04-02T13:39:18","modified_gmt":"2026-04-02T11:39:18","slug":"mer-soleil-chardonnay-reserve-2019-075-l","status":"publish","type":"product","link":"https:\/\/weinhundert.com\/da\/produkt\/mer-soleil-chardonnay-reserve-2019-075-l\/","title":{"rendered":"Mer Soleil Chardonnay Reserve 2019 0,75 l"},"content":{"rendered":"<p>Dieser kalifornische Chardonnay zeigt, warum die Amis im Wei\u00dfwein-Business so verdammt gut sind. Der 2019er Mer Soleil aus dem Hause Caymus besticht mit cremigen Aromen von Ananas und Vanille, unterlegt mit feiner Holzw\u00fcrze, die dem Wein richtig Stoff gibt \u2013 ohne dabei protzig zu werden. Die S\u00e4ure ist frisch und lebedig, der Alkohol mit 15% gut integriert, und das Ganze trinkt sich unglaublich vergn\u00fcglich. Passt perfekt zu w\u00fcrzigen Pasta-Gerichten, gegrilltem H\u00e4hnchen oder auch zu cremigen Fischso\u00dfen.<\/p>\n","protected":false},"excerpt":{"rendered":"<p>Cremig-fruchtiger Chardonnay aus Kalifornien mit Vanille-Holz-Spielerei. Sonnig, saftig, unverkompliziert.<\/p>\n","protected":false},"featured_media":12757,"comment_status":"open","ping_status":"closed","template":"","meta":{"_acf_changed":false,"_et_pb_use_builder":"","_et_pb_old_content":"","_et_gb_content_width":"","inline_featured_image":false,"_price":"44.90","_stock":"-1","_tribe_ticket_header":"","_tribe_default_ticket_provider":"","_tribe_ticket_capacity":"","_ticket_start_date":"","_ticket_end_date":"","_tribe_ticket_show_description":"","_tribe_ticket_show_not_going":false,"_tribe_ticket_use_global_stock":"","_tribe_ticket_global_stock_level":"","_global_stock_mode":"","_global_stock_cap":"","_tribe_rsvp_for_event":"","_tribe_ticket_going_count":"","_tribe_ticket_not_going_count":"","_tribe_tickets_list":"[]","_tribe_ticket_has_attendee_info_fields":false,"_tec_slr_enabled":"","_tec_slr_layout":""},"product_brand":[],"product_cat":[123],"product_tag":[],"class_list":{"0":"post-12579","1":"product","2":"type-product","3":"status-publish","4":"has-post-thumbnail","6":"product_cat-weisswein","8":"first","9":"outofstock","10":"taxable","11":"shipping-taxable","12":"purchasable","13":"product-type-simple"},"acf":[],"_links":{"self":[{"href":"https:\/\/weinhundert.com\/da\/wp-json\/wp\/v2\/product\/12579","targetHints":{"allow":["GET"]}}],"collection":[{"href":"https:\/\/weinhundert.com\/da\/wp-json\/wp\/v2\/product"}],"about":[{"href":"https:\/\/weinhundert.com\/da\/wp-json\/wp\/v2\/types\/product"}],"replies":[{"embeddable":true,"href":"https:\/\/weinhundert.com\/da\/wp-json\/wp\/v2\/comments?post=12579"}],"wp:featuredmedia":[{"embeddable":true,"href":"https:\/\/weinhundert.com\/da\/wp-json\/wp\/v2\/media\/12757"}],"wp:attachment":[{"href":"https:\/\/weinhundert.com\/da\/wp-json\/wp\/v2\/media?parent=12579"}],"wp:term":[{"taxonomy":"product_brand","embeddable":true,"href":"https:\/\/weinhundert.com\/da\/wp-json\/wp\/v2\/product_brand?post=12579"},{"taxonomy":"product_cat","embeddable":true,"href":"https:\/\/weinhundert.com\/da\/wp-json\/wp\/v2\/product_cat?post=12579"},{"taxonomy":"product_tag","embeddable":true,"href":"https:\/\/weinhundert.com\/da\/wp-json\/wp\/v2\/product_tag?post=12579"}],"curies":[{"name":"wp","href":"https:\/\/api.w.org\/{rel}","templated":true}]}}