{"id":12586,"date":"2026-03-31T22:20:24","date_gmt":"2026-03-31T20:20:24","guid":{"rendered":"https:\/\/weinhundert.com\/produkt\/mer-soleil-silver-unoaked-chardonnay-2018-075-l\/"},"modified":"2026-05-09T07:28:56","modified_gmt":"2026-05-09T05:28:56","slug":"mer-soleil-silver-unoaked-chardonnay-2018-075-l","status":"publish","type":"product","link":"https:\/\/weinhundert.com\/da\/produkt\/mer-soleil-silver-unoaked-chardonnay-2018-075-l\/","title":{"rendered":"Mer Soleil Silver Unoaked Chardonnay 2018 0,75 l"},"content":{"rendered":"<p>Dieser kalifornische Chardonnay zeigt, dass man nicht immer Holz braucht, um gro\u00dfen Wein zu machen. Der Mer Soleil Silver pr\u00e4sentiert sich frisch und lebendig mit feinen Noten von Citrus, gr\u00fcnem Apfel und einer mineralischen Note, die dich sofort beim ersten Schluck packt. Mit seinen 15 Prozent Alkohol hat er Power, ohne dabei aufdringlich zu wirken \u2013 ein echtes Allround-Talent, das flexibel zu vielem passt. Versuch ihn einfach mal zu Pasta mit Butter-Salbei-Sauce oder gegrilltem Fisch.<\/p>\n","protected":false},"excerpt":{"rendered":"<p>Frischer Kalifornier ohne Ziererei \u2013 knackig, mineralisch und absolut trinkfreundlich.<\/p>\n","protected":false},"featured_media":12761,"comment_status":"open","ping_status":"closed","template":"","meta":{"_acf_changed":false,"_et_pb_use_builder":"","_et_pb_old_content":"","_et_gb_content_width":"","inline_featured_image":false,"_price":"34.90","_stock":"-1","_tribe_ticket_header":"","_tribe_default_ticket_provider":"","_tribe_ticket_capacity":"","_ticket_start_date":"","_ticket_end_date":"","_tribe_ticket_show_description":"","_tribe_ticket_show_not_going":false,"_tribe_ticket_use_global_stock":"","_tribe_ticket_global_stock_level":"","_global_stock_mode":"","_global_stock_cap":"","_tribe_rsvp_for_event":"","_tribe_ticket_going_count":"","_tribe_ticket_not_going_count":"","_tribe_tickets_list":"[]","_tribe_ticket_has_attendee_info_fields":false,"_tec_slr_enabled":"","_tec_slr_layout":""},"product_brand":[],"product_cat":[123],"product_tag":[],"class_list":{"0":"post-12586","1":"product","2":"type-product","3":"status-publish","4":"has-post-thumbnail","6":"product_cat-weisswein","8":"first","9":"outofstock","10":"taxable","11":"shipping-taxable","12":"purchasable","13":"product-type-simple"},"acf":[],"_links":{"self":[{"href":"https:\/\/weinhundert.com\/da\/wp-json\/wp\/v2\/product\/12586","targetHints":{"allow":["GET"]}}],"collection":[{"href":"https:\/\/weinhundert.com\/da\/wp-json\/wp\/v2\/product"}],"about":[{"href":"https:\/\/weinhundert.com\/da\/wp-json\/wp\/v2\/types\/product"}],"replies":[{"embeddable":true,"href":"https:\/\/weinhundert.com\/da\/wp-json\/wp\/v2\/comments?post=12586"}],"wp:featuredmedia":[{"embeddable":true,"href":"https:\/\/weinhundert.com\/da\/wp-json\/wp\/v2\/media\/12761"}],"wp:attachment":[{"href":"https:\/\/weinhundert.com\/da\/wp-json\/wp\/v2\/media?parent=12586"}],"wp:term":[{"taxonomy":"product_brand","embeddable":true,"href":"https:\/\/weinhundert.com\/da\/wp-json\/wp\/v2\/product_brand?post=12586"},{"taxonomy":"product_cat","embeddable":true,"href":"https:\/\/weinhundert.com\/da\/wp-json\/wp\/v2\/product_cat?post=12586"},{"taxonomy":"product_tag","embeddable":true,"href":"https:\/\/weinhundert.com\/da\/wp-json\/wp\/v2\/product_tag?post=12586"}],"curies":[{"name":"wp","href":"https:\/\/api.w.org\/{rel}","templated":true}]}}