{"id":12589,"date":"2026-03-31T22:20:38","date_gmt":"2026-03-31T20:20:38","guid":{"rendered":"https:\/\/weinhundert.com\/produkt\/caymus-special-selection-2017-150-l\/"},"modified":"2026-05-09T07:28:57","modified_gmt":"2026-05-09T05:28:57","slug":"caymus-special-selection-2017-150-l","status":"publish","type":"product","link":"https:\/\/weinhundert.com\/da\/produkt\/caymus-special-selection-2017-150-l\/","title":{"rendered":"Caymus Special Selection 2017 1,50 l"},"content":{"rendered":"<p>Dieser Caymus Cabernet Sauvignon aus dem Jahrgang 2017 ist ein echtes Schwergewicht aus Kalifornien, das du sofort merken wirst. Mit 15 Prozent Alkohol bringt er Kraft und Tiefe ins Glas \u2013 dunkle Beeren, ein Hauch Vanille und w\u00fcrzige Noten spielen hier zusammen. Das ist kein leichtf\u00fc\u00dfiger Wein, sondern einer mit echtem Charakter und Pr\u00e4senz, der richtig gut zu kurzgebratenem Fleisch, Burger oder auch zu einem saftigen Steak passt. Perfekt f\u00fcr den Abend, wenn du Lust auf etwas mit Substanz hast.<\/p>\n","protected":false},"excerpt":{"rendered":"<p>Kraftvoller kalifornischer Cabernet mit dunklen Beeren und w\u00fcrziger Tiefe. Der perfekte Partner f\u00fcr Steak und BBQ.<\/p>\n","protected":false},"featured_media":11428,"comment_status":"open","ping_status":"closed","template":"","meta":{"_acf_changed":false,"_et_pb_use_builder":"","_et_pb_old_content":"","_et_gb_content_width":"","inline_featured_image":false,"_price":"420.00","_stock":"-1","_tribe_ticket_header":"","_tribe_default_ticket_provider":"","_tribe_ticket_capacity":"","_ticket_start_date":"","_ticket_end_date":"","_tribe_ticket_show_description":"","_tribe_ticket_show_not_going":false,"_tribe_ticket_use_global_stock":"","_tribe_ticket_global_stock_level":"","_global_stock_mode":"","_global_stock_cap":"","_tribe_rsvp_for_event":"","_tribe_ticket_going_count":"","_tribe_ticket_not_going_count":"","_tribe_tickets_list":"[]","_tribe_ticket_has_attendee_info_fields":false,"_tec_slr_enabled":"","_tec_slr_layout":""},"product_brand":[],"product_cat":[124],"product_tag":[],"class_list":{"0":"post-12589","1":"product","2":"type-product","3":"status-publish","4":"has-post-thumbnail","6":"product_cat-rotwein","8":"first","9":"outofstock","10":"taxable","11":"shipping-taxable","12":"purchasable","13":"product-type-simple"},"acf":[],"_links":{"self":[{"href":"https:\/\/weinhundert.com\/da\/wp-json\/wp\/v2\/product\/12589","targetHints":{"allow":["GET"]}}],"collection":[{"href":"https:\/\/weinhundert.com\/da\/wp-json\/wp\/v2\/product"}],"about":[{"href":"https:\/\/weinhundert.com\/da\/wp-json\/wp\/v2\/types\/product"}],"replies":[{"embeddable":true,"href":"https:\/\/weinhundert.com\/da\/wp-json\/wp\/v2\/comments?post=12589"}],"wp:featuredmedia":[{"embeddable":true,"href":"https:\/\/weinhundert.com\/da\/wp-json\/wp\/v2\/media\/11428"}],"wp:attachment":[{"href":"https:\/\/weinhundert.com\/da\/wp-json\/wp\/v2\/media?parent=12589"}],"wp:term":[{"taxonomy":"product_brand","embeddable":true,"href":"https:\/\/weinhundert.com\/da\/wp-json\/wp\/v2\/product_brand?post=12589"},{"taxonomy":"product_cat","embeddable":true,"href":"https:\/\/weinhundert.com\/da\/wp-json\/wp\/v2\/product_cat?post=12589"},{"taxonomy":"product_tag","embeddable":true,"href":"https:\/\/weinhundert.com\/da\/wp-json\/wp\/v2\/product_tag?post=12589"}],"curies":[{"name":"wp","href":"https:\/\/api.w.org\/{rel}","templated":true}]}}