{"id":12618,"date":"2026-03-31T22:21:56","date_gmt":"2026-03-31T20:21:56","guid":{"rendered":"https:\/\/weinhundert.com\/produkt\/boschendal1685-shiraz-2016-075-l\/"},"modified":"2026-04-02T13:39:59","modified_gmt":"2026-04-02T11:39:59","slug":"boschendal1685-shiraz-2016-075-l","status":"publish","type":"product","link":"https:\/\/weinhundert.com\/da\/produkt\/boschendal1685-shiraz-2016-075-l\/","title":{"rendered":"Boschendal1685 Shiraz 2016 0,75 l"},"content":{"rendered":"<p>Dieser Shiraz aus Franschhoek zeigt dir, warum S\u00fcdafrika im Weingame ernst zu nehmen ist. Der 2016er bringt saftige dunkle Beeren mit, hat eine sch\u00f6ne W\u00fcrze und genug Struktur, um wirklich Spa\u00df zu machen \u2013 ohne dabei verkompliziert zu sein. Mit 13,5 % Alkohol sitzt er angenehm im Rahmen und trinkt sich verdammt unkompliziert weg. Perfekt zu gegrilltem Fleisch, w\u00fcrzigen Pasta-Gerichten oder einfach mit guten Freunden und gutem Gespr\u00e4ch.<\/p>\n","protected":false},"excerpt":{"rendered":"<p>Saftiger S\u00fcdafrikaner mit dunklen Beeren und W\u00fcrze. Unkompliziert, lecker und absolut partygeeignet.<\/p>\n","protected":false},"featured_media":12792,"comment_status":"open","ping_status":"closed","template":"","meta":{"_acf_changed":false,"_et_pb_use_builder":"","_et_pb_old_content":"","_et_gb_content_width":"","inline_featured_image":false,"_price":"8.99","_stock":"-1","_tribe_ticket_header":"","_tribe_default_ticket_provider":"","_tribe_ticket_capacity":"","_ticket_start_date":"","_ticket_end_date":"","_tribe_ticket_show_description":"","_tribe_ticket_show_not_going":false,"_tribe_ticket_use_global_stock":"","_tribe_ticket_global_stock_level":"","_global_stock_mode":"","_global_stock_cap":"","_tribe_rsvp_for_event":"","_tribe_ticket_going_count":"","_tribe_ticket_not_going_count":"","_tribe_tickets_list":"[]","_tribe_ticket_has_attendee_info_fields":false,"_tec_slr_enabled":"","_tec_slr_layout":""},"product_brand":[],"product_cat":[124],"product_tag":[],"class_list":{"0":"post-12618","1":"product","2":"type-product","3":"status-publish","4":"has-post-thumbnail","6":"product_cat-rotwein","8":"first","9":"outofstock","10":"taxable","11":"shipping-taxable","12":"purchasable","13":"product-type-simple"},"acf":[],"_links":{"self":[{"href":"https:\/\/weinhundert.com\/da\/wp-json\/wp\/v2\/product\/12618","targetHints":{"allow":["GET"]}}],"collection":[{"href":"https:\/\/weinhundert.com\/da\/wp-json\/wp\/v2\/product"}],"about":[{"href":"https:\/\/weinhundert.com\/da\/wp-json\/wp\/v2\/types\/product"}],"replies":[{"embeddable":true,"href":"https:\/\/weinhundert.com\/da\/wp-json\/wp\/v2\/comments?post=12618"}],"wp:featuredmedia":[{"embeddable":true,"href":"https:\/\/weinhundert.com\/da\/wp-json\/wp\/v2\/media\/12792"}],"wp:attachment":[{"href":"https:\/\/weinhundert.com\/da\/wp-json\/wp\/v2\/media?parent=12618"}],"wp:term":[{"taxonomy":"product_brand","embeddable":true,"href":"https:\/\/weinhundert.com\/da\/wp-json\/wp\/v2\/product_brand?post=12618"},{"taxonomy":"product_cat","embeddable":true,"href":"https:\/\/weinhundert.com\/da\/wp-json\/wp\/v2\/product_cat?post=12618"},{"taxonomy":"product_tag","embeddable":true,"href":"https:\/\/weinhundert.com\/da\/wp-json\/wp\/v2\/product_tag?post=12618"}],"curies":[{"name":"wp","href":"https:\/\/api.w.org\/{rel}","templated":true}]}}