{"id":12623,"date":"2026-03-31T22:22:10","date_gmt":"2026-03-31T20:22:10","guid":{"rendered":"https:\/\/weinhundert.com\/produkt\/cognac-tesseron-lot-no-53-070-l\/"},"modified":"2026-04-02T13:40:04","modified_gmt":"2026-04-02T11:40:04","slug":"cognac-tesseron-lot-no-53-070-l","status":"publish","type":"product","link":"https:\/\/weinhundert.com\/da\/produkt\/cognac-tesseron-lot-no-53-070-l\/","title":{"rendered":"Cognac Tesseron Lot No.53 0,70 l"},"content":{"rendered":"<p>Der Tesseron Lot No.53 ist ein Cognac, der wei\u00df, was er kann \u2013 ohne dabei rumzuprahlen. Mit seinem vollmundigen Charakter und den feinen Noten von Vanille, Eiche und dunklen Fr\u00fcchten schmeichelt er dir direkt am Gaumen. Diese franz\u00f6sische Spirituose entstand aus einer klugen Selektion reifer Eau-de-Vies und \u00fcberzeugt mit ihrer Balance zwischen Kraft und Finesse. Perfekt pur genie\u00dfen oder als Basis f\u00fcr einen verfeinerten Cocktail \u2013 dieser Cognac passt zu deinen Lieblingsstunden.<\/p>\n","protected":false},"excerpt":{"rendered":"<p>Franz\u00f6sischer Klassiker mit Tiefe: Vollmundig, vanillig, perfekt pur oder im Cocktail.<\/p>\n","protected":false},"featured_media":12798,"comment_status":"open","ping_status":"closed","template":"","meta":{"_acf_changed":false,"_et_pb_use_builder":"","_et_pb_old_content":"","_et_gb_content_width":"","inline_featured_image":false,"_price":"199.00","_stock":"-1","_tribe_ticket_header":"","_tribe_default_ticket_provider":"","_tribe_ticket_capacity":"","_ticket_start_date":"","_ticket_end_date":"","_tribe_ticket_show_description":"","_tribe_ticket_show_not_going":false,"_tribe_ticket_use_global_stock":"","_tribe_ticket_global_stock_level":"","_global_stock_mode":"","_global_stock_cap":"","_tribe_rsvp_for_event":"","_tribe_ticket_going_count":"","_tribe_ticket_not_going_count":"","_tribe_tickets_list":"[]","_tribe_ticket_has_attendee_info_fields":false,"_tec_slr_enabled":"","_tec_slr_layout":""},"product_brand":[],"product_cat":[127],"product_tag":[],"class_list":{"0":"post-12623","1":"product","2":"type-product","3":"status-publish","4":"has-post-thumbnail","6":"product_cat-spirituosen","8":"first","9":"outofstock","10":"taxable","11":"shipping-taxable","12":"purchasable","13":"product-type-simple"},"acf":[],"_links":{"self":[{"href":"https:\/\/weinhundert.com\/da\/wp-json\/wp\/v2\/product\/12623","targetHints":{"allow":["GET"]}}],"collection":[{"href":"https:\/\/weinhundert.com\/da\/wp-json\/wp\/v2\/product"}],"about":[{"href":"https:\/\/weinhundert.com\/da\/wp-json\/wp\/v2\/types\/product"}],"replies":[{"embeddable":true,"href":"https:\/\/weinhundert.com\/da\/wp-json\/wp\/v2\/comments?post=12623"}],"wp:featuredmedia":[{"embeddable":true,"href":"https:\/\/weinhundert.com\/da\/wp-json\/wp\/v2\/media\/12798"}],"wp:attachment":[{"href":"https:\/\/weinhundert.com\/da\/wp-json\/wp\/v2\/media?parent=12623"}],"wp:term":[{"taxonomy":"product_brand","embeddable":true,"href":"https:\/\/weinhundert.com\/da\/wp-json\/wp\/v2\/product_brand?post=12623"},{"taxonomy":"product_cat","embeddable":true,"href":"https:\/\/weinhundert.com\/da\/wp-json\/wp\/v2\/product_cat?post=12623"},{"taxonomy":"product_tag","embeddable":true,"href":"https:\/\/weinhundert.com\/da\/wp-json\/wp\/v2\/product_tag?post=12623"}],"curies":[{"name":"wp","href":"https:\/\/api.w.org\/{rel}","templated":true}]}}