{"id":12658,"date":"2026-03-31T22:23:53","date_gmt":"2026-03-31T20:23:53","guid":{"rendered":"https:\/\/weinhundert.com\/produkt\/buitenvervachting-meifort-2015-075-l\/"},"modified":"2026-04-02T13:40:39","modified_gmt":"2026-04-02T11:40:39","slug":"buitenvervachting-meifort-2015-075-l","status":"publish","type":"product","link":"https:\/\/weinhundert.com\/da\/produkt\/buitenvervachting-meifort-2015-075-l\/","title":{"rendered":"Buitenvervachting Meifort 2015 0,75 l"},"content":{"rendered":"<p>Stell dir vor, du sitzt an einem lauen Abend auf der Terrasse und genie\u00dft ein Glas Buitenvervachting Meifort 2015 \u2013 dieser Rotwein aus der bezaubernden Region Constantia in S\u00fcdafrika. Mit seiner verf\u00fchrerischen Mischung aus Cabernet Sauvignon, Malbec, Cabernet Franc, Merlot und Petit Verdot bringt er den fruchtigen Charakter und die s\u00fcdafrikanische Sonne direkt in dein Glas. Die Aromen von reifen Beeren, feinen Gew\u00fcrzen und einem Hauch von Schokolade machen jeden Schluck zu einem kleinen Genussmoment. Perfekt zu einem saftigen Rindersteak oder einem herzhaften Schmorgericht, wird dieser Wein dich und deine Freunde begeistern. Lass ihn dir nicht entgehen!<\/p>\n","protected":false},"excerpt":{"rendered":"<p>S\u00fcdafrikas finessenreiche Rotwein-Cuv\u00e9e: Reife Beeren, edle Gew\u00fcrze, samtige Schokolade. Ein Klassiker f\u00fcr jeden Anlass.<\/p>\n","protected":false},"featured_media":12831,"comment_status":"open","ping_status":"closed","template":"","meta":{"_acf_changed":false,"_et_pb_use_builder":"","_et_pb_old_content":"","_et_gb_content_width":"","inline_featured_image":false,"_price":"8.49","_stock":"-1","_tribe_ticket_header":"","_tribe_default_ticket_provider":"","_tribe_ticket_capacity":"","_ticket_start_date":"","_ticket_end_date":"","_tribe_ticket_show_description":"","_tribe_ticket_show_not_going":false,"_tribe_ticket_use_global_stock":"","_tribe_ticket_global_stock_level":"","_global_stock_mode":"","_global_stock_cap":"","_tribe_rsvp_for_event":"","_tribe_ticket_going_count":"","_tribe_ticket_not_going_count":"","_tribe_tickets_list":"[]","_tribe_ticket_has_attendee_info_fields":false,"_tec_slr_enabled":"","_tec_slr_layout":""},"product_brand":[],"product_cat":[124],"product_tag":[],"class_list":{"0":"post-12658","1":"product","2":"type-product","3":"status-publish","4":"has-post-thumbnail","6":"product_cat-rotwein","8":"first","9":"outofstock","10":"taxable","11":"shipping-taxable","12":"purchasable","13":"product-type-simple"},"acf":[],"_links":{"self":[{"href":"https:\/\/weinhundert.com\/da\/wp-json\/wp\/v2\/product\/12658","targetHints":{"allow":["GET"]}}],"collection":[{"href":"https:\/\/weinhundert.com\/da\/wp-json\/wp\/v2\/product"}],"about":[{"href":"https:\/\/weinhundert.com\/da\/wp-json\/wp\/v2\/types\/product"}],"replies":[{"embeddable":true,"href":"https:\/\/weinhundert.com\/da\/wp-json\/wp\/v2\/comments?post=12658"}],"wp:featuredmedia":[{"embeddable":true,"href":"https:\/\/weinhundert.com\/da\/wp-json\/wp\/v2\/media\/12831"}],"wp:attachment":[{"href":"https:\/\/weinhundert.com\/da\/wp-json\/wp\/v2\/media?parent=12658"}],"wp:term":[{"taxonomy":"product_brand","embeddable":true,"href":"https:\/\/weinhundert.com\/da\/wp-json\/wp\/v2\/product_brand?post=12658"},{"taxonomy":"product_cat","embeddable":true,"href":"https:\/\/weinhundert.com\/da\/wp-json\/wp\/v2\/product_cat?post=12658"},{"taxonomy":"product_tag","embeddable":true,"href":"https:\/\/weinhundert.com\/da\/wp-json\/wp\/v2\/product_tag?post=12658"}],"curies":[{"name":"wp","href":"https:\/\/api.w.org\/{rel}","templated":true}]}}