{"id":12664,"date":"2026-03-31T22:24:07","date_gmt":"2026-03-31T20:24:07","guid":{"rendered":"https:\/\/weinhundert.com\/produkt\/mouton-cadet-blanc-2015-075-l\/"},"modified":"2026-04-02T13:40:44","modified_gmt":"2026-04-02T11:40:44","slug":"mouton-cadet-blanc-2015-075-l","status":"publish","type":"product","link":"https:\/\/weinhundert.com\/da\/produkt\/mouton-cadet-blanc-2015-075-l\/","title":{"rendered":"Mouton Cadet Blanc 2015 0,75 l"},"content":{"rendered":"<p>Dieser franz\u00f6sische Sauvignon Blanc aus Bordeaux ist dein perfekter Begleiter f\u00fcr spontane Weinabende und gesellige Stunden mit Freunden. Mit seinem frischen, lebendigen Charakter bringt er Zitrusnoten und gr\u00fcne Fruchtaromen ins Glas, die direkt erfrischend wirken. Der 2015er Jahrgang zeigt dabei eine angenehme Balance und l\u00e4sst sich durch seinen moderaten Alkoholgehalt von 12 Prozent besonders leicht trinken. Das Mouton Cadet Blanc \u00fcberzeugt einfach durch seine unkomplizierte Art \u2013 kein Schnickschnack, sondern ehrlicher Weingenuss. Probier ihn gek\u00fchlt zu frischen Meeresfr\u00fcchten, leichten Pasta<\/p>\n","protected":false},"excerpt":{"rendered":"<p>Frischer Sauvignon Blanc mit Zitrus und gr\u00fcnen Fruchtaromen \u2013 unkomplizierter Genuss f\u00fcr gesellige Stunden mit Freunden.<\/p>\n","protected":false},"featured_media":12835,"comment_status":"open","ping_status":"closed","template":"","meta":{"_acf_changed":false,"_et_pb_use_builder":"","_et_pb_old_content":"","_et_gb_content_width":"","inline_featured_image":false,"_price":"6.99","_stock":"17","_tribe_ticket_header":"","_tribe_default_ticket_provider":"","_tribe_ticket_capacity":"","_ticket_start_date":"","_ticket_end_date":"","_tribe_ticket_show_description":"","_tribe_ticket_show_not_going":false,"_tribe_ticket_use_global_stock":"","_tribe_ticket_global_stock_level":"","_global_stock_mode":"","_global_stock_cap":"","_tribe_rsvp_for_event":"","_tribe_ticket_going_count":"","_tribe_ticket_not_going_count":"","_tribe_tickets_list":"[]","_tribe_ticket_has_attendee_info_fields":false,"_tec_slr_enabled":"","_tec_slr_layout":""},"product_brand":[],"product_cat":[123],"product_tag":[],"class_list":{"0":"post-12664","1":"product","2":"type-product","3":"status-publish","4":"has-post-thumbnail","6":"product_cat-weisswein","8":"first","9":"instock","10":"taxable","11":"shipping-taxable","12":"purchasable","13":"product-type-simple"},"acf":[],"_links":{"self":[{"href":"https:\/\/weinhundert.com\/da\/wp-json\/wp\/v2\/product\/12664","targetHints":{"allow":["GET"]}}],"collection":[{"href":"https:\/\/weinhundert.com\/da\/wp-json\/wp\/v2\/product"}],"about":[{"href":"https:\/\/weinhundert.com\/da\/wp-json\/wp\/v2\/types\/product"}],"replies":[{"embeddable":true,"href":"https:\/\/weinhundert.com\/da\/wp-json\/wp\/v2\/comments?post=12664"}],"wp:featuredmedia":[{"embeddable":true,"href":"https:\/\/weinhundert.com\/da\/wp-json\/wp\/v2\/media\/12835"}],"wp:attachment":[{"href":"https:\/\/weinhundert.com\/da\/wp-json\/wp\/v2\/media?parent=12664"}],"wp:term":[{"taxonomy":"product_brand","embeddable":true,"href":"https:\/\/weinhundert.com\/da\/wp-json\/wp\/v2\/product_brand?post=12664"},{"taxonomy":"product_cat","embeddable":true,"href":"https:\/\/weinhundert.com\/da\/wp-json\/wp\/v2\/product_cat?post=12664"},{"taxonomy":"product_tag","embeddable":true,"href":"https:\/\/weinhundert.com\/da\/wp-json\/wp\/v2\/product_tag?post=12664"}],"curies":[{"name":"wp","href":"https:\/\/api.w.org\/{rel}","templated":true}]}}