{"id":12667,"date":"2026-03-31T22:24:14","date_gmt":"2026-03-31T20:24:14","guid":{"rendered":"https:\/\/weinhundert.com\/produkt\/pascal-jolivet-indigene-2017-075-l\/"},"modified":"2026-04-02T13:40:48","modified_gmt":"2026-04-02T11:40:48","slug":"pascal-jolivet-indigene-2017-075-l","status":"publish","type":"product","link":"https:\/\/weinhundert.com\/da\/produkt\/pascal-jolivet-indigene-2017-075-l\/","title":{"rendered":"Pascal Jolivet Indig\u00e8ne  2017 0,75 l"},"content":{"rendered":"<p>Dieser Sauvignon Blanc aus Sancerre zeigt dir, wie kraftvoll und pr\u00e4sent ein franz\u00f6sischer Wei\u00dfwein sein kann. Mit seiner intensiven Aromatik nach Grapefruit, Kr\u00e4utern und einer feinen Mineralit\u00e4t schmei\u00dft er dich direkt in die Loire-Landschaft \u2013 frisch, lebendig und absolut erfrischend. Der 2017er Jahrgang bringt eine sch\u00f6ne Balance zwischen Frucht und mineralischem Backbone mit, die dich immer wieder einen Schluck nehmen l\u00e4sst. Perfekt zu Austern, Ziegenk\u00e4se oder auch einfach pur als Aperitif.<\/p>\n","protected":false},"excerpt":{"rendered":"<p>Kraftvoller Loire-Sauvignon mit intensiver Grapefruit-Aromatik, feiner Mineralit\u00e4t und erfrischender Lebendigkeit \u2013 purer franz\u00f6sischer Wei\u00dfwein-Genuss.<\/p>\n","protected":false},"featured_media":12840,"comment_status":"open","ping_status":"closed","template":"","meta":{"_acf_changed":false,"_et_pb_use_builder":"","_et_pb_old_content":"","_et_gb_content_width":"","inline_featured_image":false,"_price":"35.90","_stock":"5","_tribe_ticket_header":"","_tribe_default_ticket_provider":"","_tribe_ticket_capacity":"","_ticket_start_date":"","_ticket_end_date":"","_tribe_ticket_show_description":"","_tribe_ticket_show_not_going":false,"_tribe_ticket_use_global_stock":"","_tribe_ticket_global_stock_level":"","_global_stock_mode":"","_global_stock_cap":"","_tribe_rsvp_for_event":"","_tribe_ticket_going_count":"","_tribe_ticket_not_going_count":"","_tribe_tickets_list":"[]","_tribe_ticket_has_attendee_info_fields":false,"_tec_slr_enabled":"","_tec_slr_layout":""},"product_brand":[],"product_cat":[123],"product_tag":[],"class_list":{"0":"post-12667","1":"product","2":"type-product","3":"status-publish","4":"has-post-thumbnail","6":"product_cat-weisswein","8":"first","9":"instock","10":"taxable","11":"shipping-taxable","12":"purchasable","13":"product-type-simple"},"acf":[],"_links":{"self":[{"href":"https:\/\/weinhundert.com\/da\/wp-json\/wp\/v2\/product\/12667","targetHints":{"allow":["GET"]}}],"collection":[{"href":"https:\/\/weinhundert.com\/da\/wp-json\/wp\/v2\/product"}],"about":[{"href":"https:\/\/weinhundert.com\/da\/wp-json\/wp\/v2\/types\/product"}],"replies":[{"embeddable":true,"href":"https:\/\/weinhundert.com\/da\/wp-json\/wp\/v2\/comments?post=12667"}],"wp:featuredmedia":[{"embeddable":true,"href":"https:\/\/weinhundert.com\/da\/wp-json\/wp\/v2\/media\/12840"}],"wp:attachment":[{"href":"https:\/\/weinhundert.com\/da\/wp-json\/wp\/v2\/media?parent=12667"}],"wp:term":[{"taxonomy":"product_brand","embeddable":true,"href":"https:\/\/weinhundert.com\/da\/wp-json\/wp\/v2\/product_brand?post=12667"},{"taxonomy":"product_cat","embeddable":true,"href":"https:\/\/weinhundert.com\/da\/wp-json\/wp\/v2\/product_cat?post=12667"},{"taxonomy":"product_tag","embeddable":true,"href":"https:\/\/weinhundert.com\/da\/wp-json\/wp\/v2\/product_tag?post=12667"}],"curies":[{"name":"wp","href":"https:\/\/api.w.org\/{rel}","templated":true}]}}