{"id":12692,"date":"2026-03-31T22:25:28","date_gmt":"2026-03-31T20:25:28","guid":{"rendered":"https:\/\/weinhundert.com\/produkt\/torres-purgatori-2013-075-l\/"},"modified":"2026-04-02T13:41:12","modified_gmt":"2026-04-02T11:41:12","slug":"torres-purgatori-2013-075-l","status":"publish","type":"product","link":"https:\/\/weinhundert.com\/da\/produkt\/torres-purgatori-2013-075-l\/","title":{"rendered":"Torres Purgatori  2013 0,75 l"},"content":{"rendered":"<p>Dieser Rotwein aus Costers del Segre zeigt dir, was spanische Kraft und s\u00fcdeurop\u00e4ische Sonne k\u00f6nnen: Die Mischung aus Garnacha, Cari\u00f1ena und Syrah bringt dir w\u00fcrzige Noten, reife Frucht und ein sch\u00f6nes Mundgef\u00fchl mit. Der 2013er Torres Purgatori hat Charakter ohne dabei zu schwer zu werden \u2013 perfekt, wenn du nach einem Wein suchst, der bei 14,5% auch ganz allein schmeckt. Das Weingut Torres ist eine echte Gr\u00f6\u00dfe in Spanien und wei\u00df genau, wie man aus diesen klassischen Rebsorten was Spannendes zaubert. Gib diesem Rotwein Fleisch, dunkle So\u00dfen oder gegrill<\/p>\n","protected":false},"excerpt":{"rendered":"<p>W\u00fcrzige Kraft aus Spanien: Garnacha, Cari\u00f1ena und Syrah vereinen sich zu vollmundigem Charakter mit reifer Frucht.<\/p>\n","protected":false},"featured_media":12864,"comment_status":"open","ping_status":"closed","template":"","meta":{"_acf_changed":false,"_et_pb_use_builder":"","_et_pb_old_content":"","_et_gb_content_width":"","inline_featured_image":false,"_price":"24.90","_stock":"20","_tribe_ticket_header":"","_tribe_default_ticket_provider":"","_tribe_ticket_capacity":"","_ticket_start_date":"","_ticket_end_date":"","_tribe_ticket_show_description":"","_tribe_ticket_show_not_going":false,"_tribe_ticket_use_global_stock":"","_tribe_ticket_global_stock_level":"","_global_stock_mode":"","_global_stock_cap":"","_tribe_rsvp_for_event":"","_tribe_ticket_going_count":"","_tribe_ticket_not_going_count":"","_tribe_tickets_list":"[]","_tribe_ticket_has_attendee_info_fields":false,"_tec_slr_enabled":"","_tec_slr_layout":""},"product_brand":[],"product_cat":[124],"product_tag":[],"class_list":{"0":"post-12692","1":"product","2":"type-product","3":"status-publish","4":"has-post-thumbnail","6":"product_cat-rotwein","8":"first","9":"instock","10":"taxable","11":"shipping-taxable","12":"purchasable","13":"product-type-simple"},"acf":[],"_links":{"self":[{"href":"https:\/\/weinhundert.com\/da\/wp-json\/wp\/v2\/product\/12692","targetHints":{"allow":["GET"]}}],"collection":[{"href":"https:\/\/weinhundert.com\/da\/wp-json\/wp\/v2\/product"}],"about":[{"href":"https:\/\/weinhundert.com\/da\/wp-json\/wp\/v2\/types\/product"}],"replies":[{"embeddable":true,"href":"https:\/\/weinhundert.com\/da\/wp-json\/wp\/v2\/comments?post=12692"}],"wp:featuredmedia":[{"embeddable":true,"href":"https:\/\/weinhundert.com\/da\/wp-json\/wp\/v2\/media\/12864"}],"wp:attachment":[{"href":"https:\/\/weinhundert.com\/da\/wp-json\/wp\/v2\/media?parent=12692"}],"wp:term":[{"taxonomy":"product_brand","embeddable":true,"href":"https:\/\/weinhundert.com\/da\/wp-json\/wp\/v2\/product_brand?post=12692"},{"taxonomy":"product_cat","embeddable":true,"href":"https:\/\/weinhundert.com\/da\/wp-json\/wp\/v2\/product_cat?post=12692"},{"taxonomy":"product_tag","embeddable":true,"href":"https:\/\/weinhundert.com\/da\/wp-json\/wp\/v2\/product_tag?post=12692"}],"curies":[{"name":"wp","href":"https:\/\/api.w.org\/{rel}","templated":true}]}}