{"id":12758,"date":"2026-03-31T22:28:36","date_gmt":"2026-03-31T20:28:36","guid":{"rendered":"https:\/\/weinhundert.com\/produkt\/the-echo-of-g-2011-075-l\/"},"modified":"2026-04-02T13:42:17","modified_gmt":"2026-04-02T11:42:17","slug":"the-echo-of-g-2011-075-l","status":"publish","type":"product","link":"https:\/\/weinhundert.com\/da\/produkt\/the-echo-of-g-2011-075-l\/","title":{"rendered":"The Echo of G.  2011 0,75 l"},"content":{"rendered":"<p>Dieser S\u00fcdafrikaner aus dem Franschhoek Valley zeigt dir, warum die Bordeaux-Klassiker auch am Kap zuhause sind. Die Syrah bringt w\u00fcrzige Tiefe, w\u00e4hrend Cabernet Sauvignon und Franc f\u00fcr schwarze Johannisbeeren und einen saftigen K\u00f6rper sorgen \u2013 ein echtes Kraftpaket mit Charakter. Der 2011er Jahrgang hat sch\u00f6n gereift und pr\u00e4sentiert sich jetzt mit feinen Tanninen und einem langen Nachhall. Perfekt zu gegrilltem Rind, kr\u00e4ftigen Eint\u00f6pfen oder auch solo am Lagerfeuer.<\/p>\n","protected":false},"excerpt":{"rendered":"<p>Reifer s\u00fcdafrikanischer Rotwein mit W\u00fcrze und Power. Franschhoek-Klassiker f\u00fcr Fleischfreunde.<\/p>\n","protected":false},"featured_media":12927,"comment_status":"open","ping_status":"closed","template":"","meta":{"_acf_changed":false,"_et_pb_use_builder":"","_et_pb_old_content":"","_et_gb_content_width":"","inline_featured_image":false,"_price":"129.00","_stock":"-1","_tribe_ticket_header":"","_tribe_default_ticket_provider":"","_tribe_ticket_capacity":"","_ticket_start_date":"","_ticket_end_date":"","_tribe_ticket_show_description":"","_tribe_ticket_show_not_going":false,"_tribe_ticket_use_global_stock":"","_tribe_ticket_global_stock_level":"","_global_stock_mode":"","_global_stock_cap":"","_tribe_rsvp_for_event":"","_tribe_ticket_going_count":"","_tribe_ticket_not_going_count":"","_tribe_tickets_list":"[]","_tribe_ticket_has_attendee_info_fields":false,"_tec_slr_enabled":"","_tec_slr_layout":""},"product_brand":[],"product_cat":[124],"product_tag":[],"class_list":{"0":"post-12758","1":"product","2":"type-product","3":"status-publish","4":"has-post-thumbnail","6":"product_cat-rotwein","8":"first","9":"outofstock","10":"taxable","11":"shipping-taxable","12":"purchasable","13":"product-type-simple"},"acf":[],"_links":{"self":[{"href":"https:\/\/weinhundert.com\/da\/wp-json\/wp\/v2\/product\/12758","targetHints":{"allow":["GET"]}}],"collection":[{"href":"https:\/\/weinhundert.com\/da\/wp-json\/wp\/v2\/product"}],"about":[{"href":"https:\/\/weinhundert.com\/da\/wp-json\/wp\/v2\/types\/product"}],"replies":[{"embeddable":true,"href":"https:\/\/weinhundert.com\/da\/wp-json\/wp\/v2\/comments?post=12758"}],"wp:featuredmedia":[{"embeddable":true,"href":"https:\/\/weinhundert.com\/da\/wp-json\/wp\/v2\/media\/12927"}],"wp:attachment":[{"href":"https:\/\/weinhundert.com\/da\/wp-json\/wp\/v2\/media?parent=12758"}],"wp:term":[{"taxonomy":"product_brand","embeddable":true,"href":"https:\/\/weinhundert.com\/da\/wp-json\/wp\/v2\/product_brand?post=12758"},{"taxonomy":"product_cat","embeddable":true,"href":"https:\/\/weinhundert.com\/da\/wp-json\/wp\/v2\/product_cat?post=12758"},{"taxonomy":"product_tag","embeddable":true,"href":"https:\/\/weinhundert.com\/da\/wp-json\/wp\/v2\/product_tag?post=12758"}],"curies":[{"name":"wp","href":"https:\/\/api.w.org\/{rel}","templated":true}]}}