{"id":12775,"date":"2026-03-31T22:29:30","date_gmt":"2026-03-31T20:29:30","guid":{"rendered":"https:\/\/weinhundert.com\/produkt\/montes-reserva-sauvignon-blanc-2015-075-l\/"},"modified":"2026-04-02T13:42:39","modified_gmt":"2026-04-02T11:42:39","slug":"montes-reserva-sauvignon-blanc-2015-075-l","status":"publish","type":"product","link":"https:\/\/weinhundert.com\/da\/produkt\/montes-reserva-sauvignon-blanc-2015-075-l\/","title":{"rendered":"Montes Reserva Sauvignon Blanc 2015 0,75 l"},"content":{"rendered":"<p>Der Montes Reserva Sauvignon Blanc aus dem Jahr 2015 ist ein echter Genuss aus dem sonnenverw\u00f6hnten Chile. Mit seiner spritzigen Frische und fruchtigen Aromen von Zitrusfr\u00fcchten und gr\u00fcnem Apfel bringt er das Lebensgef\u00fchl der Cen Valle Central direkt in dein Glas. Wenn du auf der Suche nach einem Wein bist, der einfach gute Laune verbreitet, dann ist dieser hier genau der richtige. Ob zu einem leichten Salat mit Ziegenk\u00e4se oder einer knackigen Meeresfr\u00fcchte-Pasta \u2013 dieser Sauvignon Blanc wird dein kulinarisches Erlebnis perfekt abrunden. Lass dich von seiner Lebendigkeit mitrei\u00dfen und genie\u00dfe jeden Schluck!<\/p>\n","protected":false},"excerpt":{"rendered":"<p>Spritzige Frische aus Chile: Zitrus und gr\u00fcner Apfel mit Lebendigkeit und guter Laune im Glas.<\/p>\n","protected":false},"featured_media":12945,"comment_status":"open","ping_status":"closed","template":"","meta":{"_acf_changed":false,"_et_pb_use_builder":"","_et_pb_old_content":"","_et_gb_content_width":"","inline_featured_image":false,"_price":"5.99","_stock":"-1","_tribe_ticket_header":"","_tribe_default_ticket_provider":"","_tribe_ticket_capacity":"","_ticket_start_date":"","_ticket_end_date":"","_tribe_ticket_show_description":"","_tribe_ticket_show_not_going":false,"_tribe_ticket_use_global_stock":"","_tribe_ticket_global_stock_level":"","_global_stock_mode":"","_global_stock_cap":"","_tribe_rsvp_for_event":"","_tribe_ticket_going_count":"","_tribe_ticket_not_going_count":"","_tribe_tickets_list":"[]","_tribe_ticket_has_attendee_info_fields":false,"_tec_slr_enabled":"","_tec_slr_layout":""},"product_brand":[],"product_cat":[123],"product_tag":[],"class_list":{"0":"post-12775","1":"product","2":"type-product","3":"status-publish","4":"has-post-thumbnail","6":"product_cat-weisswein","8":"first","9":"outofstock","10":"taxable","11":"shipping-taxable","12":"purchasable","13":"product-type-simple"},"acf":[],"_links":{"self":[{"href":"https:\/\/weinhundert.com\/da\/wp-json\/wp\/v2\/product\/12775","targetHints":{"allow":["GET"]}}],"collection":[{"href":"https:\/\/weinhundert.com\/da\/wp-json\/wp\/v2\/product"}],"about":[{"href":"https:\/\/weinhundert.com\/da\/wp-json\/wp\/v2\/types\/product"}],"replies":[{"embeddable":true,"href":"https:\/\/weinhundert.com\/da\/wp-json\/wp\/v2\/comments?post=12775"}],"wp:featuredmedia":[{"embeddable":true,"href":"https:\/\/weinhundert.com\/da\/wp-json\/wp\/v2\/media\/12945"}],"wp:attachment":[{"href":"https:\/\/weinhundert.com\/da\/wp-json\/wp\/v2\/media?parent=12775"}],"wp:term":[{"taxonomy":"product_brand","embeddable":true,"href":"https:\/\/weinhundert.com\/da\/wp-json\/wp\/v2\/product_brand?post=12775"},{"taxonomy":"product_cat","embeddable":true,"href":"https:\/\/weinhundert.com\/da\/wp-json\/wp\/v2\/product_cat?post=12775"},{"taxonomy":"product_tag","embeddable":true,"href":"https:\/\/weinhundert.com\/da\/wp-json\/wp\/v2\/product_tag?post=12775"}],"curies":[{"name":"wp","href":"https:\/\/api.w.org\/{rel}","templated":true}]}}