{"id":12812,"date":"2026-03-31T22:31:09","date_gmt":"2026-03-31T20:31:09","guid":{"rendered":"https:\/\/weinhundert.com\/produkt\/lail-vineyards-j-daniel-cuvee-cabernet-sauvignon-2013-075-l\/"},"modified":"2026-05-13T18:37:41","modified_gmt":"2026-05-13T16:37:41","slug":"lail-vineyards-j-daniel-cuvee-cabernet-sauvignon-2013-075-l","status":"publish","type":"product","link":"https:\/\/weinhundert.com\/da\/produkt\/lail-vineyards-j-daniel-cuvee-cabernet-sauvignon-2013-075-l\/","title":{"rendered":"Lail Vineyards J. Daniel Cuvee Cabernet Sauvignon 2013 0,75 l"},"content":{"rendered":"<p>Der Lail Vineyards J. Daniel Cuvee Cabernet Sauvignon aus dem Jahrgang 2013 ist ein echter Schatz aus dem Napa Valley, der dir ein St\u00fcck kalifornische Lebensfreude ins Glas zaubert. Mit seinen satten Aromen von dunklen Beeren und einem Hauch von feinen Gew\u00fcrzen ist dieser Rotwein wie ein gem\u00fctlicher Abend mit Freunden \u2013 warm und einladend. Der hohe Alkoholgehalt von 16 % gibt ihm einen kraftvollen Kick, der bestens zu einem saftigen Steak vom Grill oder einem herzhaften Wildgericht passt. Lass dich von diesem Wein mitrei\u00dfen und genie\u00dfe die unbeschwerte Atmosph\u00e4re, die er verbreitet. Eine Flasche, die man einfach haben muss!<\/p>\n","protected":false},"excerpt":{"rendered":"<p>Napa-Klassiker mit dunklen Beeren und W\u00fcrzspiel. Kraftvoller Cabernet f\u00fcr Steak und Wild \u2013 kalifornische Eleganz pur.<\/p>\n","protected":false},"featured_media":12981,"comment_status":"open","ping_status":"closed","template":"","meta":{"_acf_changed":false,"_et_pb_use_builder":"","_et_pb_old_content":"","_et_gb_content_width":"","inline_featured_image":false,"_price":"279.00","_stock":"-1","_tribe_ticket_header":"","_tribe_default_ticket_provider":"","_tribe_ticket_capacity":"","_ticket_start_date":"","_ticket_end_date":"","_tribe_ticket_show_description":"","_tribe_ticket_show_not_going":false,"_tribe_ticket_use_global_stock":"","_tribe_ticket_global_stock_level":"","_global_stock_mode":"","_global_stock_cap":"","_tribe_rsvp_for_event":"","_tribe_ticket_going_count":"","_tribe_ticket_not_going_count":"","_tribe_tickets_list":"[]","_tribe_ticket_has_attendee_info_fields":false,"_tec_slr_enabled":"","_tec_slr_layout":""},"product_brand":[],"product_cat":[124],"product_tag":[],"class_list":{"0":"post-12812","1":"product","2":"type-product","3":"status-publish","4":"has-post-thumbnail","6":"product_cat-rotwein","8":"first","9":"outofstock","10":"taxable","11":"shipping-taxable","12":"purchasable","13":"product-type-simple"},"acf":[],"_links":{"self":[{"href":"https:\/\/weinhundert.com\/da\/wp-json\/wp\/v2\/product\/12812","targetHints":{"allow":["GET"]}}],"collection":[{"href":"https:\/\/weinhundert.com\/da\/wp-json\/wp\/v2\/product"}],"about":[{"href":"https:\/\/weinhundert.com\/da\/wp-json\/wp\/v2\/types\/product"}],"replies":[{"embeddable":true,"href":"https:\/\/weinhundert.com\/da\/wp-json\/wp\/v2\/comments?post=12812"}],"wp:featuredmedia":[{"embeddable":true,"href":"https:\/\/weinhundert.com\/da\/wp-json\/wp\/v2\/media\/12981"}],"wp:attachment":[{"href":"https:\/\/weinhundert.com\/da\/wp-json\/wp\/v2\/media?parent=12812"}],"wp:term":[{"taxonomy":"product_brand","embeddable":true,"href":"https:\/\/weinhundert.com\/da\/wp-json\/wp\/v2\/product_brand?post=12812"},{"taxonomy":"product_cat","embeddable":true,"href":"https:\/\/weinhundert.com\/da\/wp-json\/wp\/v2\/product_cat?post=12812"},{"taxonomy":"product_tag","embeddable":true,"href":"https:\/\/weinhundert.com\/da\/wp-json\/wp\/v2\/product_tag?post=12812"}],"curies":[{"name":"wp","href":"https:\/\/api.w.org\/{rel}","templated":true}]}}