{"id":12817,"date":"2026-03-31T22:31:22","date_gmt":"2026-03-31T20:31:22","guid":{"rendered":"https:\/\/weinhundert.com\/produkt\/mesa-opale-dopo-vermentino-di-sardegna-2010-075-l\/"},"modified":"2026-04-02T13:43:37","modified_gmt":"2026-04-02T11:43:37","slug":"mesa-opale-dopo-vermentino-di-sardegna-2010-075-l","status":"publish","type":"product","link":"https:\/\/weinhundert.com\/da\/produkt\/mesa-opale-dopo-vermentino-di-sardegna-2010-075-l\/","title":{"rendered":"Mesa Opale Dopo Vermentino di Sardegna 2010 0,75 l"},"content":{"rendered":"<p>Dieser Vermentino aus Sardinien zeigt dir, warum die Insel f\u00fcr gro\u00dfartige Weine steht \u2013 kr\u00e4ftig im Geschmack, aber immer noch erfrischend und voller Leben. Mit 14 Prozent Alkohol bringt er eine sch\u00f6ne Wucht mit sich, die du vor allem bei k\u00fchler Serviertemperatur richtig genie\u00dft. Der 2010er Jahrgang hat einige Jahre auf dem Buckel und hat dadurch an Tiefe gewonnen, ohne dabei an Frische zu verlieren. Perfekt zu gegrilltem Fisch, salzigen K\u00e4sesorten oder mediterranen Nudelgerichten \u2013 dieser Wein macht einfach Lust auf mehr.<\/p>\n","protected":false},"excerpt":{"rendered":"<p>Sardischer Vermentino mit kr\u00e4ftigem Charakter und \u00fcberraschender Frische \u2013 reif, elegant und perfekt zu Fisch und Meeresfr\u00fcchten.<\/p>\n","protected":false},"featured_media":12985,"comment_status":"open","ping_status":"closed","template":"","meta":{"_acf_changed":false,"_et_pb_use_builder":"","_et_pb_old_content":"","_et_gb_content_width":"","inline_featured_image":false,"_price":"19.99","_stock":"9","_tribe_ticket_header":"","_tribe_default_ticket_provider":"","_tribe_ticket_capacity":"","_ticket_start_date":"","_ticket_end_date":"","_tribe_ticket_show_description":"","_tribe_ticket_show_not_going":false,"_tribe_ticket_use_global_stock":"","_tribe_ticket_global_stock_level":"","_global_stock_mode":"","_global_stock_cap":"","_tribe_rsvp_for_event":"","_tribe_ticket_going_count":"","_tribe_ticket_not_going_count":"","_tribe_tickets_list":"[]","_tribe_ticket_has_attendee_info_fields":false,"_tec_slr_enabled":"","_tec_slr_layout":""},"product_brand":[],"product_cat":[124],"product_tag":[],"class_list":{"0":"post-12817","1":"product","2":"type-product","3":"status-publish","4":"has-post-thumbnail","6":"product_cat-rotwein","8":"first","9":"instock","10":"taxable","11":"shipping-taxable","12":"purchasable","13":"product-type-simple"},"acf":[],"_links":{"self":[{"href":"https:\/\/weinhundert.com\/da\/wp-json\/wp\/v2\/product\/12817","targetHints":{"allow":["GET"]}}],"collection":[{"href":"https:\/\/weinhundert.com\/da\/wp-json\/wp\/v2\/product"}],"about":[{"href":"https:\/\/weinhundert.com\/da\/wp-json\/wp\/v2\/types\/product"}],"replies":[{"embeddable":true,"href":"https:\/\/weinhundert.com\/da\/wp-json\/wp\/v2\/comments?post=12817"}],"wp:featuredmedia":[{"embeddable":true,"href":"https:\/\/weinhundert.com\/da\/wp-json\/wp\/v2\/media\/12985"}],"wp:attachment":[{"href":"https:\/\/weinhundert.com\/da\/wp-json\/wp\/v2\/media?parent=12817"}],"wp:term":[{"taxonomy":"product_brand","embeddable":true,"href":"https:\/\/weinhundert.com\/da\/wp-json\/wp\/v2\/product_brand?post=12817"},{"taxonomy":"product_cat","embeddable":true,"href":"https:\/\/weinhundert.com\/da\/wp-json\/wp\/v2\/product_cat?post=12817"},{"taxonomy":"product_tag","embeddable":true,"href":"https:\/\/weinhundert.com\/da\/wp-json\/wp\/v2\/product_tag?post=12817"}],"curies":[{"name":"wp","href":"https:\/\/api.w.org\/{rel}","templated":true}]}}