{"id":12861,"date":"2026-03-31T22:33:39","date_gmt":"2026-03-31T20:33:39","guid":{"rendered":"https:\/\/weinhundert.com\/produkt\/chateau-la-fleur-1994-075-l\/"},"modified":"2026-05-13T18:37:48","modified_gmt":"2026-05-13T16:37:48","slug":"chateau-la-fleur-1994-075-l","status":"publish","type":"product","link":"https:\/\/weinhundert.com\/da\/produkt\/chateau-la-fleur-1994-075-l\/","title":{"rendered":"Chateau La-Fleur 1994 0,75 l"},"content":{"rendered":"<p>Dieser Bordeaux von 1994 zeigt dir, wie gut franz\u00f6sische Rotweine altern k\u00f6nnen. Die Mischung aus Cabernet Sauvignon, Merlot und Cabernet Franc bringt dir eine wunderbar reife Frucht mit feinen Tanninen und einem sch\u00f6nen K\u00f6rper auf den Tisch \u2013 absolut genussreif. Nach \u00fcber 25 Jahren hat dieser Wein eine besondere Tiefe entwickelt, die dich mit jeder Flasche in Saint-\u00c9milion selbst verwurzelt f\u00fchlen l\u00e4sst. Probier ihn zu kr\u00e4ftigem Rindersteak oder w\u00fcrzigen Schmorgerichten, dann passt alles perfekt zusammen.<\/p>\n","protected":false},"excerpt":{"rendered":"<p>Legend\u00e4rer Bordeaux von 1994 mit satter Reife und franz\u00f6sischem Charakter. Perfekt zum Steak.<\/p>\n","protected":false},"featured_media":13023,"comment_status":"open","ping_status":"closed","template":"","meta":{"_acf_changed":false,"_et_pb_use_builder":"","_et_pb_old_content":"","_et_gb_content_width":"","inline_featured_image":false,"_price":"24.90","_stock":"-1","_tribe_ticket_header":"","_tribe_default_ticket_provider":"","_tribe_ticket_capacity":"","_ticket_start_date":"","_ticket_end_date":"","_tribe_ticket_show_description":"","_tribe_ticket_show_not_going":false,"_tribe_ticket_use_global_stock":"","_tribe_ticket_global_stock_level":"","_global_stock_mode":"","_global_stock_cap":"","_tribe_rsvp_for_event":"","_tribe_ticket_going_count":"","_tribe_ticket_not_going_count":"","_tribe_tickets_list":"[]","_tribe_ticket_has_attendee_info_fields":false,"_tec_slr_enabled":"","_tec_slr_layout":""},"product_brand":[],"product_cat":[124],"product_tag":[],"class_list":{"0":"post-12861","1":"product","2":"type-product","3":"status-publish","4":"has-post-thumbnail","6":"product_cat-rotwein","8":"first","9":"outofstock","10":"taxable","11":"shipping-taxable","12":"purchasable","13":"product-type-simple"},"acf":[],"_links":{"self":[{"href":"https:\/\/weinhundert.com\/da\/wp-json\/wp\/v2\/product\/12861","targetHints":{"allow":["GET"]}}],"collection":[{"href":"https:\/\/weinhundert.com\/da\/wp-json\/wp\/v2\/product"}],"about":[{"href":"https:\/\/weinhundert.com\/da\/wp-json\/wp\/v2\/types\/product"}],"replies":[{"embeddable":true,"href":"https:\/\/weinhundert.com\/da\/wp-json\/wp\/v2\/comments?post=12861"}],"wp:featuredmedia":[{"embeddable":true,"href":"https:\/\/weinhundert.com\/da\/wp-json\/wp\/v2\/media\/13023"}],"wp:attachment":[{"href":"https:\/\/weinhundert.com\/da\/wp-json\/wp\/v2\/media?parent=12861"}],"wp:term":[{"taxonomy":"product_brand","embeddable":true,"href":"https:\/\/weinhundert.com\/da\/wp-json\/wp\/v2\/product_brand?post=12861"},{"taxonomy":"product_cat","embeddable":true,"href":"https:\/\/weinhundert.com\/da\/wp-json\/wp\/v2\/product_cat?post=12861"},{"taxonomy":"product_tag","embeddable":true,"href":"https:\/\/weinhundert.com\/da\/wp-json\/wp\/v2\/product_tag?post=12861"}],"curies":[{"name":"wp","href":"https:\/\/api.w.org\/{rel}","templated":true}]}}