{"id":12879,"date":"2026-03-31T22:34:29","date_gmt":"2026-03-31T20:34:29","guid":{"rendered":"https:\/\/weinhundert.com\/produkt\/avignonesi-capannelle-5050-1998-075-l\/"},"modified":"2026-04-02T13:44:45","modified_gmt":"2026-04-02T11:44:45","slug":"avignonesi-capannelle-5050-1998-075-l","status":"publish","type":"product","link":"https:\/\/weinhundert.com\/da\/produkt\/avignonesi-capannelle-5050-1998-075-l\/","title":{"rendered":"Avignonesi Capannelle 50&amp;50 1998 0,75 l"},"content":{"rendered":"<p>Dieser Sangiovese aus der Toskana zeigt, was italienischer Wein kann, wenn man ihm Zeit gibt: Nach \u00fcber zwei Jahrzehnten hat der &#8217;98er noch immer Kraft und Charakter, ohne dabei m\u00fcde zu wirken. Die Rebsorte Sangiovese bringt dir rote Fr\u00fcchte und eine angenehme W\u00fcrzigkeit mit, die perfekt zu kr\u00e4ftigen Speisen passt. Mit 13,5 % Alkohol bleibt der Wein ausgewogen und trinkt sich \u00fcberraschend unkompliziert \u2013 ein reifer Klassiker f\u00fcr alle, die gern \u00fcber Jahrg\u00e4nge und Reife sprechen m\u00f6gen. Dazu passt er hervorragend zu Wildgerichten, kr\u00e4ftigen Fleischso\u00dfen oder auch zu \u00e4lterem Par<\/p>\n","protected":false},"excerpt":{"rendered":"<p>Toskanischer Sangiovese von 1998: Reifer Klassiker mit Kraft, W\u00fcrze und zeitlosen roten Fr\u00fcchten \u2013 noch immer im perfekten Trinkfenster.<\/p>\n","protected":false},"featured_media":13037,"comment_status":"open","ping_status":"closed","template":"","meta":{"_acf_changed":false,"_et_pb_use_builder":"","_et_pb_old_content":"","_et_gb_content_width":"","inline_featured_image":false,"_price":"149.00","_stock":"4","_tribe_ticket_header":"","_tribe_default_ticket_provider":"","_tribe_ticket_capacity":"","_ticket_start_date":"","_ticket_end_date":"","_tribe_ticket_show_description":"","_tribe_ticket_show_not_going":false,"_tribe_ticket_use_global_stock":"","_tribe_ticket_global_stock_level":"","_global_stock_mode":"","_global_stock_cap":"","_tribe_rsvp_for_event":"","_tribe_ticket_going_count":"","_tribe_ticket_not_going_count":"","_tribe_tickets_list":"[]","_tribe_ticket_has_attendee_info_fields":false,"_tec_slr_enabled":"","_tec_slr_layout":""},"product_brand":[],"product_cat":[124],"product_tag":[],"class_list":{"0":"post-12879","1":"product","2":"type-product","3":"status-publish","4":"has-post-thumbnail","6":"product_cat-rotwein","8":"first","9":"instock","10":"taxable","11":"shipping-taxable","12":"purchasable","13":"product-type-simple"},"acf":[],"_links":{"self":[{"href":"https:\/\/weinhundert.com\/da\/wp-json\/wp\/v2\/product\/12879","targetHints":{"allow":["GET"]}}],"collection":[{"href":"https:\/\/weinhundert.com\/da\/wp-json\/wp\/v2\/product"}],"about":[{"href":"https:\/\/weinhundert.com\/da\/wp-json\/wp\/v2\/types\/product"}],"replies":[{"embeddable":true,"href":"https:\/\/weinhundert.com\/da\/wp-json\/wp\/v2\/comments?post=12879"}],"wp:featuredmedia":[{"embeddable":true,"href":"https:\/\/weinhundert.com\/da\/wp-json\/wp\/v2\/media\/13037"}],"wp:attachment":[{"href":"https:\/\/weinhundert.com\/da\/wp-json\/wp\/v2\/media?parent=12879"}],"wp:term":[{"taxonomy":"product_brand","embeddable":true,"href":"https:\/\/weinhundert.com\/da\/wp-json\/wp\/v2\/product_brand?post=12879"},{"taxonomy":"product_cat","embeddable":true,"href":"https:\/\/weinhundert.com\/da\/wp-json\/wp\/v2\/product_cat?post=12879"},{"taxonomy":"product_tag","embeddable":true,"href":"https:\/\/weinhundert.com\/da\/wp-json\/wp\/v2\/product_tag?post=12879"}],"curies":[{"name":"wp","href":"https:\/\/api.w.org\/{rel}","templated":true}]}}