{"id":12884,"date":"2026-03-31T22:34:43","date_gmt":"2026-03-31T20:34:43","guid":{"rendered":"https:\/\/weinhundert.com\/produkt\/avignonesi-capannelle-5050-1999-075-l\/"},"modified":"2026-04-02T13:44:53","modified_gmt":"2026-04-02T11:44:53","slug":"avignonesi-capannelle-5050-1999-075-l","status":"publish","type":"product","link":"https:\/\/weinhundert.com\/da\/produkt\/avignonesi-capannelle-5050-1999-075-l\/","title":{"rendered":"Avignonesi Capannelle 50&amp;50 1999 0,75 l"},"content":{"rendered":"<p>Dieser 1999er Sangiovese aus der Toskana zeigt dir, was dieser italienische Klassiker wirklich drauf hat \u2013 w\u00fcrzig, mit feinem Kirschenaroma und einer angenehmen Frische, die auch nach \u00fcber 20 Jahren noch pr\u00e4sent ist. Das Weingut Avignonesi wei\u00df, wie man aus der Sangiovese-Traube das Beste herausholt, und dieser 50&amp;50 beweist das mit jedem Schluck. Die S\u00e4ure ist perfekt ausbalanciert und gibt dem Wein eine sch\u00f6ne Lebendigkeit, die dich immer wieder zum n\u00e4chsten Glas verleitet. Dazu passen mediterrane Gerichte wie Pasta mit Tomaten-Fleisch-So\u00dfe oder gegrilltes Lammfleisch<\/p>\n","protected":false},"excerpt":{"rendered":"<p>Klassischer Toskanawein mit w\u00fcrzigem Charakter, feinem Kirschenaroma und eleganter Frische \u2013 zeitlos elegant nach \u00fcber 20 Jahren.<\/p>\n","protected":false},"featured_media":13043,"comment_status":"open","ping_status":"closed","template":"","meta":{"_acf_changed":false,"_et_pb_use_builder":"","_et_pb_old_content":"","_et_gb_content_width":"","inline_featured_image":false,"_price":"149.00","_stock":"8","_tribe_ticket_header":"","_tribe_default_ticket_provider":"","_tribe_ticket_capacity":"","_ticket_start_date":"","_ticket_end_date":"","_tribe_ticket_show_description":"","_tribe_ticket_show_not_going":false,"_tribe_ticket_use_global_stock":"","_tribe_ticket_global_stock_level":"","_global_stock_mode":"","_global_stock_cap":"","_tribe_rsvp_for_event":"","_tribe_ticket_going_count":"","_tribe_ticket_not_going_count":"","_tribe_tickets_list":"[]","_tribe_ticket_has_attendee_info_fields":false,"_tec_slr_enabled":"","_tec_slr_layout":""},"product_brand":[],"product_cat":[124],"product_tag":[],"class_list":{"0":"post-12884","1":"product","2":"type-product","3":"status-publish","4":"has-post-thumbnail","6":"product_cat-rotwein","8":"first","9":"instock","10":"taxable","11":"shipping-taxable","12":"purchasable","13":"product-type-simple"},"acf":[],"_links":{"self":[{"href":"https:\/\/weinhundert.com\/da\/wp-json\/wp\/v2\/product\/12884","targetHints":{"allow":["GET"]}}],"collection":[{"href":"https:\/\/weinhundert.com\/da\/wp-json\/wp\/v2\/product"}],"about":[{"href":"https:\/\/weinhundert.com\/da\/wp-json\/wp\/v2\/types\/product"}],"replies":[{"embeddable":true,"href":"https:\/\/weinhundert.com\/da\/wp-json\/wp\/v2\/comments?post=12884"}],"wp:featuredmedia":[{"embeddable":true,"href":"https:\/\/weinhundert.com\/da\/wp-json\/wp\/v2\/media\/13043"}],"wp:attachment":[{"href":"https:\/\/weinhundert.com\/da\/wp-json\/wp\/v2\/media?parent=12884"}],"wp:term":[{"taxonomy":"product_brand","embeddable":true,"href":"https:\/\/weinhundert.com\/da\/wp-json\/wp\/v2\/product_brand?post=12884"},{"taxonomy":"product_cat","embeddable":true,"href":"https:\/\/weinhundert.com\/da\/wp-json\/wp\/v2\/product_cat?post=12884"},{"taxonomy":"product_tag","embeddable":true,"href":"https:\/\/weinhundert.com\/da\/wp-json\/wp\/v2\/product_tag?post=12884"}],"curies":[{"name":"wp","href":"https:\/\/api.w.org\/{rel}","templated":true}]}}