{"id":12906,"date":"2026-03-31T22:35:44","date_gmt":"2026-03-31T20:35:44","guid":{"rendered":"https:\/\/weinhundert.com\/produkt\/yon-figeac-1996-075-l\/"},"modified":"2026-04-02T13:45:15","modified_gmt":"2026-04-02T11:45:15","slug":"yon-figeac-1996-075-l","status":"publish","type":"product","link":"https:\/\/weinhundert.com\/da\/produkt\/yon-figeac-1996-075-l\/","title":{"rendered":"Yon Figeac  1996 0,75 l"},"content":{"rendered":"<p>Bei diesem 1996er Figeac aus Saint-\u00c9milion hast du einen echten Klassiker vor dir \u2013 ein Bordeaux, der wei\u00df, wie man Zeit nutzt. Nach Jahren in der Flasche hat dieser Rotwein jetzt seinen Sweet Spot erreicht und pr\u00e4sentiert sich reif, ausgewogen und voller Geschichte. Die Cuv\u00e9e zeigt dunkle Fruchtaromen, sambtweiches Tannin und eine sch\u00f6ne Struktur, die den 13er Alkoholgehalt perfekt unterst\u00fctzt. Perfekt zu br\u00fcniertem Rindfleisch, kr\u00e4ftigen Eint\u00f6pfen oder auch zu reifem K\u00e4se \u2013 ein Wein, der das Beste aus klassischen Bordeaux-Traditionen verk\u00f6rpert.<\/p>\n","protected":false},"excerpt":{"rendered":"<p>Reifer Saint-\u00c9milion Klassiker von 1996 mit Geschichte und Charakter \u2013 zeitlos und genussreif.<\/p>\n","protected":false},"featured_media":13064,"comment_status":"open","ping_status":"closed","template":"","meta":{"_acf_changed":false,"_et_pb_use_builder":"","_et_pb_old_content":"","_et_gb_content_width":"","inline_featured_image":false,"_price":"29.90","_stock":"-1","_tribe_ticket_header":"","_tribe_default_ticket_provider":"","_tribe_ticket_capacity":"","_ticket_start_date":"","_ticket_end_date":"","_tribe_ticket_show_description":"","_tribe_ticket_show_not_going":false,"_tribe_ticket_use_global_stock":"","_tribe_ticket_global_stock_level":"","_global_stock_mode":"","_global_stock_cap":"","_tribe_rsvp_for_event":"","_tribe_ticket_going_count":"","_tribe_ticket_not_going_count":"","_tribe_tickets_list":"[]","_tribe_ticket_has_attendee_info_fields":false,"_tec_slr_enabled":"","_tec_slr_layout":""},"product_brand":[],"product_cat":[124],"product_tag":[],"class_list":{"0":"post-12906","1":"product","2":"type-product","3":"status-publish","4":"has-post-thumbnail","6":"product_cat-rotwein","8":"first","9":"outofstock","10":"taxable","11":"shipping-taxable","12":"purchasable","13":"product-type-simple"},"acf":[],"_links":{"self":[{"href":"https:\/\/weinhundert.com\/da\/wp-json\/wp\/v2\/product\/12906","targetHints":{"allow":["GET"]}}],"collection":[{"href":"https:\/\/weinhundert.com\/da\/wp-json\/wp\/v2\/product"}],"about":[{"href":"https:\/\/weinhundert.com\/da\/wp-json\/wp\/v2\/types\/product"}],"replies":[{"embeddable":true,"href":"https:\/\/weinhundert.com\/da\/wp-json\/wp\/v2\/comments?post=12906"}],"wp:featuredmedia":[{"embeddable":true,"href":"https:\/\/weinhundert.com\/da\/wp-json\/wp\/v2\/media\/13064"}],"wp:attachment":[{"href":"https:\/\/weinhundert.com\/da\/wp-json\/wp\/v2\/media?parent=12906"}],"wp:term":[{"taxonomy":"product_brand","embeddable":true,"href":"https:\/\/weinhundert.com\/da\/wp-json\/wp\/v2\/product_brand?post=12906"},{"taxonomy":"product_cat","embeddable":true,"href":"https:\/\/weinhundert.com\/da\/wp-json\/wp\/v2\/product_cat?post=12906"},{"taxonomy":"product_tag","embeddable":true,"href":"https:\/\/weinhundert.com\/da\/wp-json\/wp\/v2\/product_tag?post=12906"}],"curies":[{"name":"wp","href":"https:\/\/api.w.org\/{rel}","templated":true}]}}