{"id":12910,"date":"2026-03-31T22:35:59","date_gmt":"2026-03-31T20:35:59","guid":{"rendered":"https:\/\/weinhundert.com\/produkt\/chateau-figeac-1996-075-l\/"},"modified":"2026-04-02T13:45:20","modified_gmt":"2026-04-02T11:45:20","slug":"chateau-figeac-1996-075-l","status":"publish","type":"product","link":"https:\/\/weinhundert.com\/da\/produkt\/chateau-figeac-1996-075-l\/","title":{"rendered":"Chateau Figeac 1996 0,75 l"},"content":{"rendered":"<p>Ein Saint-\u00c9milion der Extraklasse aus einem gro\u00dfartigen Jahrgang \u2013 dieser 1996er zeigt, warum Ch\u00e2teau Figeac ein echter Klassiker ist. Die perfekte Balance zwischen Cabernet Franc, Cabernet Sauvignon und Merlot schenkt dir reife dunkle Fr\u00fcchte, dezente Kr\u00e4uternoten und eine wunderbar strukturierte Textur, die \u00fcber die Jahre nur an Tiefe gewonnen hat. Dieser Wein hat gelebt und ist jetzt genau am richtigen Punkt \u2013 nicht zu jung, nicht zu alt. Passt wunderbar zu Rinderbrat, Lamm oder kr\u00e4ftigen K\u00e4sesorten.<\/p>\n","protected":false},"excerpt":{"rendered":"<p>Gro\u00dfer Saint-\u00c9milion von 1996 \u2013 reif, strukturiert und jetzt im perfekten Fenster zum Trinken.<\/p>\n","protected":false},"featured_media":13068,"comment_status":"open","ping_status":"closed","template":"","meta":{"_acf_changed":false,"_et_pb_use_builder":"","_et_pb_old_content":"","_et_gb_content_width":"","inline_featured_image":false,"_price":"149.00","_stock":"-1","_tribe_ticket_header":"","_tribe_default_ticket_provider":"","_tribe_ticket_capacity":"","_ticket_start_date":"","_ticket_end_date":"","_tribe_ticket_show_description":"","_tribe_ticket_show_not_going":false,"_tribe_ticket_use_global_stock":"","_tribe_ticket_global_stock_level":"","_global_stock_mode":"","_global_stock_cap":"","_tribe_rsvp_for_event":"","_tribe_ticket_going_count":"","_tribe_ticket_not_going_count":"","_tribe_tickets_list":"[]","_tribe_ticket_has_attendee_info_fields":false,"_tec_slr_enabled":"","_tec_slr_layout":""},"product_brand":[],"product_cat":[124],"product_tag":[],"class_list":{"0":"post-12910","1":"product","2":"type-product","3":"status-publish","4":"has-post-thumbnail","6":"product_cat-rotwein","8":"first","9":"outofstock","10":"taxable","11":"shipping-taxable","12":"purchasable","13":"product-type-simple"},"acf":[],"_links":{"self":[{"href":"https:\/\/weinhundert.com\/da\/wp-json\/wp\/v2\/product\/12910","targetHints":{"allow":["GET"]}}],"collection":[{"href":"https:\/\/weinhundert.com\/da\/wp-json\/wp\/v2\/product"}],"about":[{"href":"https:\/\/weinhundert.com\/da\/wp-json\/wp\/v2\/types\/product"}],"replies":[{"embeddable":true,"href":"https:\/\/weinhundert.com\/da\/wp-json\/wp\/v2\/comments?post=12910"}],"wp:featuredmedia":[{"embeddable":true,"href":"https:\/\/weinhundert.com\/da\/wp-json\/wp\/v2\/media\/13068"}],"wp:attachment":[{"href":"https:\/\/weinhundert.com\/da\/wp-json\/wp\/v2\/media?parent=12910"}],"wp:term":[{"taxonomy":"product_brand","embeddable":true,"href":"https:\/\/weinhundert.com\/da\/wp-json\/wp\/v2\/product_brand?post=12910"},{"taxonomy":"product_cat","embeddable":true,"href":"https:\/\/weinhundert.com\/da\/wp-json\/wp\/v2\/product_cat?post=12910"},{"taxonomy":"product_tag","embeddable":true,"href":"https:\/\/weinhundert.com\/da\/wp-json\/wp\/v2\/product_tag?post=12910"}],"curies":[{"name":"wp","href":"https:\/\/api.w.org\/{rel}","templated":true}]}}