{"id":12930,"date":"2026-03-31T22:36:54","date_gmt":"2026-03-31T20:36:54","guid":{"rendered":"https:\/\/weinhundert.com\/produkt\/firriato-ribeca-2005-150-l\/"},"modified":"2026-04-02T13:45:41","modified_gmt":"2026-04-02T11:45:41","slug":"firriato-ribeca-2005-150-l","status":"publish","type":"product","link":"https:\/\/weinhundert.com\/da\/produkt\/firriato-ribeca-2005-150-l\/","title":{"rendered":"Firriato Ribeca  2005 1,50 l"},"content":{"rendered":"<p>Dieser sizilianische Rotwein aus der Perricone-Traube zeigt dir, warum Firriato zu den spannendsten Weing\u00fctern der Insel geh\u00f6rt. Der 2005er hat Reife entwickelt und pr\u00e4sentiert sich mit saftigen Kirschen, feinen Kr\u00e4uternoten und einer angenehmen W\u00fcrze, die dich immer wieder zum Glas greift. Mit seinen 14,5% Alkohol sitzt er perfekt in der Balance \u2013 kein Schwergewicht, aber mit nachhaltiger Pr\u00e4senz. Perfekt zu kr\u00e4ftigen Pasta-Gerichten, Lammfleisch oder gereiftem K\u00e4se.<\/p>\n","protected":false},"excerpt":{"rendered":"<p>Gereifter sizilianischer Charakter aus Perricone mit Kirsche, Kr\u00e4utern und feiner W\u00fcrze. Ein Wein mit Geschichte.<\/p>\n","protected":false},"featured_media":13091,"comment_status":"open","ping_status":"closed","template":"","meta":{"_acf_changed":false,"_et_pb_use_builder":"","_et_pb_old_content":"","_et_gb_content_width":"","inline_featured_image":false,"_price":"49.90","_stock":"-1","_tribe_ticket_header":"","_tribe_default_ticket_provider":"","_tribe_ticket_capacity":"","_ticket_start_date":"","_ticket_end_date":"","_tribe_ticket_show_description":"","_tribe_ticket_show_not_going":false,"_tribe_ticket_use_global_stock":"","_tribe_ticket_global_stock_level":"","_global_stock_mode":"","_global_stock_cap":"","_tribe_rsvp_for_event":"","_tribe_ticket_going_count":"","_tribe_ticket_not_going_count":"","_tribe_tickets_list":"[]","_tribe_ticket_has_attendee_info_fields":false,"_tec_slr_enabled":"","_tec_slr_layout":""},"product_brand":[],"product_cat":[124],"product_tag":[],"class_list":{"0":"post-12930","1":"product","2":"type-product","3":"status-publish","4":"has-post-thumbnail","6":"product_cat-rotwein","8":"first","9":"outofstock","10":"taxable","11":"shipping-taxable","12":"purchasable","13":"product-type-simple"},"acf":[],"_links":{"self":[{"href":"https:\/\/weinhundert.com\/da\/wp-json\/wp\/v2\/product\/12930","targetHints":{"allow":["GET"]}}],"collection":[{"href":"https:\/\/weinhundert.com\/da\/wp-json\/wp\/v2\/product"}],"about":[{"href":"https:\/\/weinhundert.com\/da\/wp-json\/wp\/v2\/types\/product"}],"replies":[{"embeddable":true,"href":"https:\/\/weinhundert.com\/da\/wp-json\/wp\/v2\/comments?post=12930"}],"wp:featuredmedia":[{"embeddable":true,"href":"https:\/\/weinhundert.com\/da\/wp-json\/wp\/v2\/media\/13091"}],"wp:attachment":[{"href":"https:\/\/weinhundert.com\/da\/wp-json\/wp\/v2\/media?parent=12930"}],"wp:term":[{"taxonomy":"product_brand","embeddable":true,"href":"https:\/\/weinhundert.com\/da\/wp-json\/wp\/v2\/product_brand?post=12930"},{"taxonomy":"product_cat","embeddable":true,"href":"https:\/\/weinhundert.com\/da\/wp-json\/wp\/v2\/product_cat?post=12930"},{"taxonomy":"product_tag","embeddable":true,"href":"https:\/\/weinhundert.com\/da\/wp-json\/wp\/v2\/product_tag?post=12930"}],"curies":[{"name":"wp","href":"https:\/\/api.w.org\/{rel}","templated":true}]}}