{"id":12946,"date":"2026-03-31T22:37:37","date_gmt":"2026-03-31T20:37:37","guid":{"rendered":"https:\/\/weinhundert.com\/produkt\/chateau-ste-michelle-the-pundit-2014-075-l\/"},"modified":"2026-04-02T13:45:56","modified_gmt":"2026-04-02T11:45:56","slug":"chateau-ste-michelle-the-pundit-2014-075-l","status":"publish","type":"product","link":"https:\/\/weinhundert.com\/da\/produkt\/chateau-ste-michelle-the-pundit-2014-075-l\/","title":{"rendered":"Chateau Ste. Michelle The Pundit 2014 0,75 l"},"content":{"rendered":"<p>Dieser Rotwein aus Washington State zeigt dir, was die Amerikaner draufhaben: Eine Mischung aus Syrah, Grenache und Mourv\u00e8dre, die richtig Kraft hat und dabei nicht stur wirkt. Die kleine Portion Viognier bringt noch eine florale Note mit rein und sorgt f\u00fcr eine \u00fcberraschende Frische. Der 2014er hat genug Reife entwickelt, um wirklich interessant zu sein \u2013 w\u00fcrzig, mit dunklen Fr\u00fcchten und einem nachhaltigen Abgang, der dich \u00fcberzeugt. Perfekt zu Pulled Pork, Schmorgerichten oder w\u00fcrzigem Gegrilltem, wo er sein volles Potenzial ausspielt.<\/p>\n","protected":false},"excerpt":{"rendered":"<p>Kr\u00e4ftig-w\u00fcrziger Rotwein-Blend aus Washington mit Charakter und reifen Aromen seit 2014.<\/p>\n","protected":false},"featured_media":13106,"comment_status":"open","ping_status":"closed","template":"","meta":{"_acf_changed":false,"_et_pb_use_builder":"","_et_pb_old_content":"","_et_gb_content_width":"","inline_featured_image":false,"_price":"24.90","_stock":"-1","_tribe_ticket_header":"","_tribe_default_ticket_provider":"","_tribe_ticket_capacity":"","_ticket_start_date":"","_ticket_end_date":"","_tribe_ticket_show_description":"","_tribe_ticket_show_not_going":false,"_tribe_ticket_use_global_stock":"","_tribe_ticket_global_stock_level":"","_global_stock_mode":"","_global_stock_cap":"","_tribe_rsvp_for_event":"","_tribe_ticket_going_count":"","_tribe_ticket_not_going_count":"","_tribe_tickets_list":"[]","_tribe_ticket_has_attendee_info_fields":false,"_tec_slr_enabled":"","_tec_slr_layout":""},"product_brand":[],"product_cat":[124],"product_tag":[],"class_list":{"0":"post-12946","1":"product","2":"type-product","3":"status-publish","4":"has-post-thumbnail","6":"product_cat-rotwein","8":"first","9":"outofstock","10":"taxable","11":"shipping-taxable","12":"purchasable","13":"product-type-simple"},"acf":[],"_links":{"self":[{"href":"https:\/\/weinhundert.com\/da\/wp-json\/wp\/v2\/product\/12946","targetHints":{"allow":["GET"]}}],"collection":[{"href":"https:\/\/weinhundert.com\/da\/wp-json\/wp\/v2\/product"}],"about":[{"href":"https:\/\/weinhundert.com\/da\/wp-json\/wp\/v2\/types\/product"}],"replies":[{"embeddable":true,"href":"https:\/\/weinhundert.com\/da\/wp-json\/wp\/v2\/comments?post=12946"}],"wp:featuredmedia":[{"embeddable":true,"href":"https:\/\/weinhundert.com\/da\/wp-json\/wp\/v2\/media\/13106"}],"wp:attachment":[{"href":"https:\/\/weinhundert.com\/da\/wp-json\/wp\/v2\/media?parent=12946"}],"wp:term":[{"taxonomy":"product_brand","embeddable":true,"href":"https:\/\/weinhundert.com\/da\/wp-json\/wp\/v2\/product_brand?post=12946"},{"taxonomy":"product_cat","embeddable":true,"href":"https:\/\/weinhundert.com\/da\/wp-json\/wp\/v2\/product_cat?post=12946"},{"taxonomy":"product_tag","embeddable":true,"href":"https:\/\/weinhundert.com\/da\/wp-json\/wp\/v2\/product_tag?post=12946"}],"curies":[{"name":"wp","href":"https:\/\/api.w.org\/{rel}","templated":true}]}}