{"id":12951,"date":"2026-03-31T22:37:53","date_gmt":"2026-03-31T20:37:53","guid":{"rendered":"https:\/\/weinhundert.com\/produkt\/chateau-ste-michelle-tenet-gsm-2014-075-l\/"},"modified":"2026-04-02T13:46:02","modified_gmt":"2026-04-02T11:46:02","slug":"chateau-ste-michelle-tenet-gsm-2014-075-l","status":"publish","type":"product","link":"https:\/\/weinhundert.com\/da\/produkt\/chateau-ste-michelle-tenet-gsm-2014-075-l\/","title":{"rendered":"Chateau Ste. Michelle Tenet GSM 2014 0,75 l"},"content":{"rendered":"<p>Dieser Tenet GSM aus Washington State zeigt, dass die Jungs vom Chateau Ste. Michelle wissen, wie man die klassische s\u00fcdfranz\u00f6sische Mischung aus Grenache, Syrah und Mourv\u00e8dre richtig ausspielt. Der 2014er Jahrgang bringt dir dunkle Beeren, w\u00fcrziges Temperament und eine sch\u00f6ne Saftigkeit auf den Gaumen \u2013 nicht zu schwer, aber mit ordentlich Charakter. Der 15,5er Alkohol sitzt perfekt im Wein und gibt ihm Kraft, ohne aufdringlich zu werden. Das ist genau der Typ Wein, bei dem du gerne eine zweite Flasche \u00f6ffnest und merkst, dass die erste schon leer ist. Passt perfekt zu Grill<\/p>\n","protected":false},"excerpt":{"rendered":"<p>Dunkle Beeren und w\u00fcrziges Temperament: Washington State GSM mit Charakter, Saftigkeit und perfekter Balance.<\/p>\n","protected":false},"featured_media":13112,"comment_status":"open","ping_status":"closed","template":"","meta":{"_acf_changed":false,"_et_pb_use_builder":"","_et_pb_old_content":"","_et_gb_content_width":"","inline_featured_image":false,"_price":"60.90","_stock":"5","_tribe_ticket_header":"","_tribe_default_ticket_provider":"","_tribe_ticket_capacity":"","_ticket_start_date":"","_ticket_end_date":"","_tribe_ticket_show_description":"","_tribe_ticket_show_not_going":false,"_tribe_ticket_use_global_stock":"","_tribe_ticket_global_stock_level":"","_global_stock_mode":"","_global_stock_cap":"","_tribe_rsvp_for_event":"","_tribe_ticket_going_count":"","_tribe_ticket_not_going_count":"","_tribe_tickets_list":"[]","_tribe_ticket_has_attendee_info_fields":false,"_tec_slr_enabled":"","_tec_slr_layout":""},"product_brand":[],"product_cat":[124],"product_tag":[],"class_list":{"0":"post-12951","1":"product","2":"type-product","3":"status-publish","4":"has-post-thumbnail","6":"product_cat-rotwein","8":"first","9":"instock","10":"taxable","11":"shipping-taxable","12":"purchasable","13":"product-type-simple"},"acf":[],"_links":{"self":[{"href":"https:\/\/weinhundert.com\/da\/wp-json\/wp\/v2\/product\/12951","targetHints":{"allow":["GET"]}}],"collection":[{"href":"https:\/\/weinhundert.com\/da\/wp-json\/wp\/v2\/product"}],"about":[{"href":"https:\/\/weinhundert.com\/da\/wp-json\/wp\/v2\/types\/product"}],"replies":[{"embeddable":true,"href":"https:\/\/weinhundert.com\/da\/wp-json\/wp\/v2\/comments?post=12951"}],"wp:featuredmedia":[{"embeddable":true,"href":"https:\/\/weinhundert.com\/da\/wp-json\/wp\/v2\/media\/13112"}],"wp:attachment":[{"href":"https:\/\/weinhundert.com\/da\/wp-json\/wp\/v2\/media?parent=12951"}],"wp:term":[{"taxonomy":"product_brand","embeddable":true,"href":"https:\/\/weinhundert.com\/da\/wp-json\/wp\/v2\/product_brand?post=12951"},{"taxonomy":"product_cat","embeddable":true,"href":"https:\/\/weinhundert.com\/da\/wp-json\/wp\/v2\/product_cat?post=12951"},{"taxonomy":"product_tag","embeddable":true,"href":"https:\/\/weinhundert.com\/da\/wp-json\/wp\/v2\/product_tag?post=12951"}],"curies":[{"name":"wp","href":"https:\/\/api.w.org\/{rel}","templated":true}]}}