{"id":13041,"date":"2026-03-31T22:42:16","date_gmt":"2026-03-31T20:42:16","guid":{"rendered":"https:\/\/weinhundert.com\/produkt\/chateau-mouton-rothschild-1986-075-l\/"},"modified":"2026-05-13T18:38:13","modified_gmt":"2026-05-13T16:38:13","slug":"chateau-mouton-rothschild-1986-075-l","status":"publish","type":"product","link":"https:\/\/weinhundert.com\/da\/produkt\/chateau-mouton-rothschild-1986-075-l\/","title":{"rendered":"Chateau Mouton Rothschild 1986 0,75 l"},"content":{"rendered":"<p>Ein absolutes Zeitdokument aus den 80ern \u2013 dieser 1986er Mouton Rothschild zeigt, warum das Ch\u00e2teau bis heute zu den Top-Adressen von Pauillac z\u00e4hlt. Die Cabernet Sauvignon und Merlot Cuv\u00e9e entwickelt sich im Glas wunderbar, mit w\u00fcrzigen Noten und einer Struktur, die noch Jahre vor sich hat. Jetzt ist der perfekte Moment, um diesen Klassiker zu erleben \u2013 ob pur zum Genie\u00dfen oder zu einem sch\u00f6nen Steak, das Ding harmoniert einfach \u00fcberall mit.<\/p>\n","protected":false},"excerpt":{"rendered":"<p>Kultiger Bordeaux-Klassiker von 1986: Pauillac mit Tiefe, W\u00fcrze und zeitlosem Charakter.<\/p>\n","protected":false},"featured_media":13199,"comment_status":"open","ping_status":"closed","template":"","meta":{"_acf_changed":false,"_et_pb_use_builder":"","_et_pb_old_content":"","_et_gb_content_width":"","inline_featured_image":false,"_price":"799.00","_stock":"-1","_tribe_ticket_header":"","_tribe_default_ticket_provider":"","_tribe_ticket_capacity":"","_ticket_start_date":"","_ticket_end_date":"","_tribe_ticket_show_description":"","_tribe_ticket_show_not_going":false,"_tribe_ticket_use_global_stock":"","_tribe_ticket_global_stock_level":"","_global_stock_mode":"","_global_stock_cap":"","_tribe_rsvp_for_event":"","_tribe_ticket_going_count":"","_tribe_ticket_not_going_count":"","_tribe_tickets_list":"[]","_tribe_ticket_has_attendee_info_fields":false,"_tec_slr_enabled":"","_tec_slr_layout":""},"product_brand":[],"product_cat":[124],"product_tag":[],"class_list":{"0":"post-13041","1":"product","2":"type-product","3":"status-publish","4":"has-post-thumbnail","6":"product_cat-rotwein","8":"first","9":"outofstock","10":"taxable","11":"shipping-taxable","12":"purchasable","13":"product-type-simple"},"acf":[],"_links":{"self":[{"href":"https:\/\/weinhundert.com\/da\/wp-json\/wp\/v2\/product\/13041","targetHints":{"allow":["GET"]}}],"collection":[{"href":"https:\/\/weinhundert.com\/da\/wp-json\/wp\/v2\/product"}],"about":[{"href":"https:\/\/weinhundert.com\/da\/wp-json\/wp\/v2\/types\/product"}],"replies":[{"embeddable":true,"href":"https:\/\/weinhundert.com\/da\/wp-json\/wp\/v2\/comments?post=13041"}],"wp:featuredmedia":[{"embeddable":true,"href":"https:\/\/weinhundert.com\/da\/wp-json\/wp\/v2\/media\/13199"}],"wp:attachment":[{"href":"https:\/\/weinhundert.com\/da\/wp-json\/wp\/v2\/media?parent=13041"}],"wp:term":[{"taxonomy":"product_brand","embeddable":true,"href":"https:\/\/weinhundert.com\/da\/wp-json\/wp\/v2\/product_brand?post=13041"},{"taxonomy":"product_cat","embeddable":true,"href":"https:\/\/weinhundert.com\/da\/wp-json\/wp\/v2\/product_cat?post=13041"},{"taxonomy":"product_tag","embeddable":true,"href":"https:\/\/weinhundert.com\/da\/wp-json\/wp\/v2\/product_tag?post=13041"}],"curies":[{"name":"wp","href":"https:\/\/api.w.org\/{rel}","templated":true}]}}