{"id":13073,"date":"2026-03-31T22:43:45","date_gmt":"2026-03-31T20:43:45","guid":{"rendered":"https:\/\/weinhundert.com\/produkt\/chateau-mouton-rothschild-1993-075-l\/"},"modified":"2026-04-02T13:48:14","modified_gmt":"2026-04-02T11:48:14","slug":"chateau-mouton-rothschild-1993-075-l","status":"publish","type":"product","link":"https:\/\/weinhundert.com\/da\/produkt\/chateau-mouton-rothschild-1993-075-l\/","title":{"rendered":"Chateau Mouton Rothschild 1993 0,75 l"},"content":{"rendered":"<p>Dieser Bordeaux aus dem legend\u00e4ren Ch\u00e2teau Mouton Rothschild ist ein echter Klassiker aus den 90ern \u2013 damals, als die Ch\u00e2teaux von Pauillac noch richtig Kraft und Charakter in die Flaschen brachten. Die Mischung aus Cabernet Sauvignon und Merlot schenkt dir dunkle Beeren, w\u00fcrzige Noten und eine beeindruckende Struktur, die \u00fcber die Jahre wunderbar gereift ist. Mit 12,5% Alkohol sitzt er perfekt im Gleichgewicht und ist bereit, endlich ge\u00f6ffnet zu werden. Perfekt zu einem saftigen Steak oder intensiven Schmorgerichten \u2013 dieser Wein kann sich ganz entspannt behaupten.<\/p>\n","protected":false},"excerpt":{"rendered":"<p>Pauillac-Legend von 1993: Cabernet &amp; Merlot mit Kraft und Geschichte. Reif f\u00fcr den Tisch.<\/p>\n","protected":false},"featured_media":13231,"comment_status":"open","ping_status":"closed","template":"","meta":{"_acf_changed":false,"_et_pb_use_builder":"","_et_pb_old_content":"","_et_gb_content_width":"","inline_featured_image":false,"_price":"349.00","_stock":"-1","_tribe_ticket_header":"","_tribe_default_ticket_provider":"","_tribe_ticket_capacity":"","_ticket_start_date":"","_ticket_end_date":"","_tribe_ticket_show_description":"","_tribe_ticket_show_not_going":false,"_tribe_ticket_use_global_stock":"","_tribe_ticket_global_stock_level":"","_global_stock_mode":"","_global_stock_cap":"","_tribe_rsvp_for_event":"","_tribe_ticket_going_count":"","_tribe_ticket_not_going_count":"","_tribe_tickets_list":"[]","_tribe_ticket_has_attendee_info_fields":false,"_tec_slr_enabled":"","_tec_slr_layout":""},"product_brand":[],"product_cat":[124],"product_tag":[],"class_list":{"0":"post-13073","1":"product","2":"type-product","3":"status-publish","4":"has-post-thumbnail","6":"product_cat-rotwein","8":"first","9":"outofstock","10":"taxable","11":"shipping-taxable","12":"purchasable","13":"product-type-simple"},"acf":[],"_links":{"self":[{"href":"https:\/\/weinhundert.com\/da\/wp-json\/wp\/v2\/product\/13073","targetHints":{"allow":["GET"]}}],"collection":[{"href":"https:\/\/weinhundert.com\/da\/wp-json\/wp\/v2\/product"}],"about":[{"href":"https:\/\/weinhundert.com\/da\/wp-json\/wp\/v2\/types\/product"}],"replies":[{"embeddable":true,"href":"https:\/\/weinhundert.com\/da\/wp-json\/wp\/v2\/comments?post=13073"}],"wp:featuredmedia":[{"embeddable":true,"href":"https:\/\/weinhundert.com\/da\/wp-json\/wp\/v2\/media\/13231"}],"wp:attachment":[{"href":"https:\/\/weinhundert.com\/da\/wp-json\/wp\/v2\/media?parent=13073"}],"wp:term":[{"taxonomy":"product_brand","embeddable":true,"href":"https:\/\/weinhundert.com\/da\/wp-json\/wp\/v2\/product_brand?post=13073"},{"taxonomy":"product_cat","embeddable":true,"href":"https:\/\/weinhundert.com\/da\/wp-json\/wp\/v2\/product_cat?post=13073"},{"taxonomy":"product_tag","embeddable":true,"href":"https:\/\/weinhundert.com\/da\/wp-json\/wp\/v2\/product_tag?post=13073"}],"curies":[{"name":"wp","href":"https:\/\/api.w.org\/{rel}","templated":true}]}}