{"id":13078,"date":"2026-03-31T22:44:00","date_gmt":"2026-03-31T20:44:00","guid":{"rendered":"https:\/\/weinhundert.com\/produkt\/chateau-mouton-rothschild-1994-075-l\/"},"modified":"2026-04-02T13:48:18","modified_gmt":"2026-04-02T11:48:18","slug":"chateau-mouton-rothschild-1994-075-l","status":"publish","type":"product","link":"https:\/\/weinhundert.com\/da\/produkt\/chateau-mouton-rothschild-1994-075-l\/","title":{"rendered":"Chateau Mouton Rothschild 1994 0,75 l"},"content":{"rendered":"<p>Dieser Bordeaux aus dem legend\u00e4ren Ch\u00e2teau Mouton Rothschild ist ein echtes Zeitdokument \u2013 ein Wein, der die Geschichte des Hauses bewahrt und mit gro\u00dfer Pr\u00e4senz am Gaumen begeistert. Die Mischung aus Cabernet Sauvignon und Merlot bringt dir intensive dunkle Frucht, w\u00fcrzige Noten und eine Struktur, die zeigt, warum dieses Ch\u00e2teau seit Generationen Ma\u00dfst\u00e4be setzt. Nach drei Jahrzehnten im Keller hat dieser 1994er seine Reife erreicht und pr\u00e4sentiert sich mit beeindruckender Tiefe. Dazu passt ein kr\u00e4ftiges Entrec\u00f4te oder ein w\u00fcrziges Wildragout perfekt.<\/p>\n","protected":false},"excerpt":{"rendered":"<p>Legend\u00e4rer Pauillac von 1994 mit intensiver Frucht, w\u00fcrziger Tiefe und klassischer Bordeaux-Struktur.<\/p>\n","protected":false},"featured_media":13237,"comment_status":"open","ping_status":"closed","template":"","meta":{"_acf_changed":false,"_et_pb_use_builder":"","_et_pb_old_content":"","_et_gb_content_width":"","inline_featured_image":false,"_price":"399.00","_stock":"-1","_tribe_ticket_header":"","_tribe_default_ticket_provider":"","_tribe_ticket_capacity":"","_ticket_start_date":"","_ticket_end_date":"","_tribe_ticket_show_description":"","_tribe_ticket_show_not_going":false,"_tribe_ticket_use_global_stock":"","_tribe_ticket_global_stock_level":"","_global_stock_mode":"","_global_stock_cap":"","_tribe_rsvp_for_event":"","_tribe_ticket_going_count":"","_tribe_ticket_not_going_count":"","_tribe_tickets_list":"[]","_tribe_ticket_has_attendee_info_fields":false,"_tec_slr_enabled":"","_tec_slr_layout":""},"product_brand":[],"product_cat":[124],"product_tag":[],"class_list":{"0":"post-13078","1":"product","2":"type-product","3":"status-publish","4":"has-post-thumbnail","6":"product_cat-rotwein","8":"first","9":"outofstock","10":"taxable","11":"shipping-taxable","12":"purchasable","13":"product-type-simple"},"acf":[],"_links":{"self":[{"href":"https:\/\/weinhundert.com\/da\/wp-json\/wp\/v2\/product\/13078","targetHints":{"allow":["GET"]}}],"collection":[{"href":"https:\/\/weinhundert.com\/da\/wp-json\/wp\/v2\/product"}],"about":[{"href":"https:\/\/weinhundert.com\/da\/wp-json\/wp\/v2\/types\/product"}],"replies":[{"embeddable":true,"href":"https:\/\/weinhundert.com\/da\/wp-json\/wp\/v2\/comments?post=13078"}],"wp:featuredmedia":[{"embeddable":true,"href":"https:\/\/weinhundert.com\/da\/wp-json\/wp\/v2\/media\/13237"}],"wp:attachment":[{"href":"https:\/\/weinhundert.com\/da\/wp-json\/wp\/v2\/media?parent=13078"}],"wp:term":[{"taxonomy":"product_brand","embeddable":true,"href":"https:\/\/weinhundert.com\/da\/wp-json\/wp\/v2\/product_brand?post=13078"},{"taxonomy":"product_cat","embeddable":true,"href":"https:\/\/weinhundert.com\/da\/wp-json\/wp\/v2\/product_cat?post=13078"},{"taxonomy":"product_tag","embeddable":true,"href":"https:\/\/weinhundert.com\/da\/wp-json\/wp\/v2\/product_tag?post=13078"}],"curies":[{"name":"wp","href":"https:\/\/api.w.org\/{rel}","templated":true}]}}