{"id":13093,"date":"2026-03-31T22:44:33","date_gmt":"2026-03-31T20:44:33","guid":{"rendered":"https:\/\/weinhundert.com\/produkt\/chateau-latour-1992-075-l\/"},"modified":"2026-04-02T13:48:34","modified_gmt":"2026-04-02T11:48:34","slug":"chateau-latour-1992-075-l","status":"publish","type":"product","link":"https:\/\/weinhundert.com\/da\/produkt\/chateau-latour-1992-075-l\/","title":{"rendered":"Chateau Latour 1992 0,75 l"},"content":{"rendered":"<p>Dieser 1992er aus Pauillac zeigt dir, was Bordeaux-Klassiker k\u00f6nnen: eine wunderbar ausgewogene Mischung aus Cabernet Sauvignon, Merlot und Cabernet Franc mit feinen Cassis- und Pflaumennoten, die noch immer frisch und pr\u00e4sent wirken. Nach \u00fcber 30 Jahren hat dieser Wein wirklich Charakter entwickelt \u2013 reif und genie\u00dfbar, ohne dabei langweilig zu werden. Die 13,5% Alkohol sitzen perfekt im K\u00f6rper und geben dem Ganzen eine sch\u00f6ne Struktur. Ein echter Pauillac-Klassiker, der zu Rinderbraten, gegrilltem Steak oder w\u00fcrzigen K\u00e4sesorten brilliert.<\/p>\n","protected":false},"excerpt":{"rendered":"<p>Gereifter Pauillac-Klassiker mit feinen Cassis-Noten und ausgezeichneter Struktur \u2013 authentischer Bordeaux-Charakter.<\/p>\n","protected":false},"featured_media":13250,"comment_status":"open","ping_status":"closed","template":"","meta":{"_acf_changed":false,"_et_pb_use_builder":"","_et_pb_old_content":"","_et_gb_content_width":"","inline_featured_image":false,"_price":"429.00","_stock":"-1","_tribe_ticket_header":"","_tribe_default_ticket_provider":"","_tribe_ticket_capacity":"","_ticket_start_date":"","_ticket_end_date":"","_tribe_ticket_show_description":"","_tribe_ticket_show_not_going":false,"_tribe_ticket_use_global_stock":"","_tribe_ticket_global_stock_level":"","_global_stock_mode":"","_global_stock_cap":"","_tribe_rsvp_for_event":"","_tribe_ticket_going_count":"","_tribe_ticket_not_going_count":"","_tribe_tickets_list":"[]","_tribe_ticket_has_attendee_info_fields":false,"_tec_slr_enabled":"","_tec_slr_layout":""},"product_brand":[],"product_cat":[124],"product_tag":[],"class_list":{"0":"post-13093","1":"product","2":"type-product","3":"status-publish","4":"has-post-thumbnail","6":"product_cat-rotwein","8":"first","9":"outofstock","10":"taxable","11":"shipping-taxable","12":"purchasable","13":"product-type-simple"},"acf":[],"_links":{"self":[{"href":"https:\/\/weinhundert.com\/da\/wp-json\/wp\/v2\/product\/13093","targetHints":{"allow":["GET"]}}],"collection":[{"href":"https:\/\/weinhundert.com\/da\/wp-json\/wp\/v2\/product"}],"about":[{"href":"https:\/\/weinhundert.com\/da\/wp-json\/wp\/v2\/types\/product"}],"replies":[{"embeddable":true,"href":"https:\/\/weinhundert.com\/da\/wp-json\/wp\/v2\/comments?post=13093"}],"wp:featuredmedia":[{"embeddable":true,"href":"https:\/\/weinhundert.com\/da\/wp-json\/wp\/v2\/media\/13250"}],"wp:attachment":[{"href":"https:\/\/weinhundert.com\/da\/wp-json\/wp\/v2\/media?parent=13093"}],"wp:term":[{"taxonomy":"product_brand","embeddable":true,"href":"https:\/\/weinhundert.com\/da\/wp-json\/wp\/v2\/product_brand?post=13093"},{"taxonomy":"product_cat","embeddable":true,"href":"https:\/\/weinhundert.com\/da\/wp-json\/wp\/v2\/product_cat?post=13093"},{"taxonomy":"product_tag","embeddable":true,"href":"https:\/\/weinhundert.com\/da\/wp-json\/wp\/v2\/product_tag?post=13093"}],"curies":[{"name":"wp","href":"https:\/\/api.w.org\/{rel}","templated":true}]}}