{"id":13109,"date":"2026-03-31T22:45:21","date_gmt":"2026-03-31T20:45:21","guid":{"rendered":"https:\/\/weinhundert.com\/produkt\/chateau-cheval-blanc-2004-150-l\/"},"modified":"2026-04-02T13:48:50","modified_gmt":"2026-04-02T11:48:50","slug":"chateau-cheval-blanc-2004-150-l","status":"publish","type":"product","link":"https:\/\/weinhundert.com\/da\/produkt\/chateau-cheval-blanc-2004-150-l\/","title":{"rendered":"Chateau Cheval Blanc 2004 1,50 l"},"content":{"rendered":"<p>Der Ch\u00e2teau Cheval Blanc 2004 aus Saint-\u00c9milion zeigt dir, warum dieser Bordeaux seit Jahren Fans hat: Dunkle Kirschen und Pflaumennoten treffen auf w\u00fcrzige Noten von Zedernholz und Graphit, alles gerahmt von feinen Tanninen, die Zeit hatten, wunderbar zusammenzuwachsen. Das ist kein \u00fcbertriebenes Ding, sondern einfach ein Wein, der wei\u00df, was er kann \u2013 konzentriert, ausbalanciert und mit einer angenehmen Tiefe, die dich beim Trinken nicht losl\u00e4sst. Der 2004er Jahrgang ist jetzt im perfekten Alter zum Geniessen, nicht zu jung, nicht zu alt. Passt perfekt zu einem<\/p>\n","protected":false},"excerpt":{"rendered":"<p>Dunkle Kirschen, Zedernholz und grafitfeine Tannine in perfekter Balance \u2013 dieser legend\u00e4re Bordeaux zeigt jetzt sein bestes Gesicht.<\/p>\n","protected":false},"featured_media":13267,"comment_status":"open","ping_status":"closed","template":"","meta":{"_acf_changed":false,"_et_pb_use_builder":"","_et_pb_old_content":"","_et_gb_content_width":"","inline_featured_image":false,"_price":"1299.00","_stock":"1","_tribe_ticket_header":"","_tribe_default_ticket_provider":"","_tribe_ticket_capacity":"","_ticket_start_date":"","_ticket_end_date":"","_tribe_ticket_show_description":"","_tribe_ticket_show_not_going":false,"_tribe_ticket_use_global_stock":"","_tribe_ticket_global_stock_level":"","_global_stock_mode":"","_global_stock_cap":"","_tribe_rsvp_for_event":"","_tribe_ticket_going_count":"","_tribe_ticket_not_going_count":"","_tribe_tickets_list":"[]","_tribe_ticket_has_attendee_info_fields":false,"_tec_slr_enabled":"","_tec_slr_layout":""},"product_brand":[],"product_cat":[124],"product_tag":[],"class_list":{"0":"post-13109","1":"product","2":"type-product","3":"status-publish","4":"has-post-thumbnail","6":"product_cat-rotwein","8":"first","9":"instock","10":"taxable","11":"shipping-taxable","12":"purchasable","13":"product-type-simple"},"acf":[],"_links":{"self":[{"href":"https:\/\/weinhundert.com\/da\/wp-json\/wp\/v2\/product\/13109","targetHints":{"allow":["GET"]}}],"collection":[{"href":"https:\/\/weinhundert.com\/da\/wp-json\/wp\/v2\/product"}],"about":[{"href":"https:\/\/weinhundert.com\/da\/wp-json\/wp\/v2\/types\/product"}],"replies":[{"embeddable":true,"href":"https:\/\/weinhundert.com\/da\/wp-json\/wp\/v2\/comments?post=13109"}],"wp:featuredmedia":[{"embeddable":true,"href":"https:\/\/weinhundert.com\/da\/wp-json\/wp\/v2\/media\/13267"}],"wp:attachment":[{"href":"https:\/\/weinhundert.com\/da\/wp-json\/wp\/v2\/media?parent=13109"}],"wp:term":[{"taxonomy":"product_brand","embeddable":true,"href":"https:\/\/weinhundert.com\/da\/wp-json\/wp\/v2\/product_brand?post=13109"},{"taxonomy":"product_cat","embeddable":true,"href":"https:\/\/weinhundert.com\/da\/wp-json\/wp\/v2\/product_cat?post=13109"},{"taxonomy":"product_tag","embeddable":true,"href":"https:\/\/weinhundert.com\/da\/wp-json\/wp\/v2\/product_tag?post=13109"}],"curies":[{"name":"wp","href":"https:\/\/api.w.org\/{rel}","templated":true}]}}