{"id":13141,"date":"2026-03-31T22:46:43","date_gmt":"2026-03-31T20:46:43","guid":{"rendered":"https:\/\/weinhundert.com\/produkt\/biondi-santi-riserva-1995-075-l\/"},"modified":"2026-04-02T13:49:21","modified_gmt":"2026-04-02T11:49:21","slug":"biondi-santi-riserva-1995-075-l","status":"publish","type":"product","link":"https:\/\/weinhundert.com\/da\/produkt\/biondi-santi-riserva-1995-075-l\/","title":{"rendered":"Biondi Santi Riserva 1995 0,75 l"},"content":{"rendered":"<p>Dieser 1995er aus dem legend\u00e4ren Weingut Biondi Santi ist genau das, wof\u00fcr Montalcino ber\u00fchmt ist \u2013 kraftvoller Sangiovese mit Charakter und Geschichte. Nach fast 30 Jahren im Keller hat sich der Wein wunderbar entwickelt, zeigt w\u00fcrzige Kirschennoten und eine mineralische Tiefe, die dich sofort in die Toskana versetzt. Mit 13 Prozent Alkohol sitzt er perfekt im Gleichgewicht zwischen Kraft und Finesse. G\u00f6nn dir diesen Klassiker zu Wildgerichten, gereiftem K\u00e4se oder einfach zu einem sch\u00f6nen Abend mit guten Freunden \u2013 dieser Wein hat die Jahre gelebt und hat es verdient.<\/p>\n","protected":false},"excerpt":{"rendered":"<p>Ein w\u00fcrdiger 1995er Montalcino \u2013 gereifter Sangiovese mit mineralischer Tiefe und Geschichte.<\/p>\n","protected":false},"featured_media":13299,"comment_status":"open","ping_status":"closed","template":"","meta":{"_acf_changed":false,"_et_pb_use_builder":"","_et_pb_old_content":"","_et_gb_content_width":"","inline_featured_image":false,"_price":"379.00","_stock":"-1","_tribe_ticket_header":"","_tribe_default_ticket_provider":"","_tribe_ticket_capacity":"","_ticket_start_date":"","_ticket_end_date":"","_tribe_ticket_show_description":"","_tribe_ticket_show_not_going":false,"_tribe_ticket_use_global_stock":"","_tribe_ticket_global_stock_level":"","_global_stock_mode":"","_global_stock_cap":"","_tribe_rsvp_for_event":"","_tribe_ticket_going_count":"","_tribe_ticket_not_going_count":"","_tribe_tickets_list":"[]","_tribe_ticket_has_attendee_info_fields":false,"_tec_slr_enabled":"","_tec_slr_layout":""},"product_brand":[],"product_cat":[124],"product_tag":[],"class_list":{"0":"post-13141","1":"product","2":"type-product","3":"status-publish","4":"has-post-thumbnail","6":"product_cat-rotwein","8":"first","9":"outofstock","10":"taxable","11":"shipping-taxable","12":"purchasable","13":"product-type-simple"},"acf":[],"_links":{"self":[{"href":"https:\/\/weinhundert.com\/da\/wp-json\/wp\/v2\/product\/13141","targetHints":{"allow":["GET"]}}],"collection":[{"href":"https:\/\/weinhundert.com\/da\/wp-json\/wp\/v2\/product"}],"about":[{"href":"https:\/\/weinhundert.com\/da\/wp-json\/wp\/v2\/types\/product"}],"replies":[{"embeddable":true,"href":"https:\/\/weinhundert.com\/da\/wp-json\/wp\/v2\/comments?post=13141"}],"wp:featuredmedia":[{"embeddable":true,"href":"https:\/\/weinhundert.com\/da\/wp-json\/wp\/v2\/media\/13299"}],"wp:attachment":[{"href":"https:\/\/weinhundert.com\/da\/wp-json\/wp\/v2\/media?parent=13141"}],"wp:term":[{"taxonomy":"product_brand","embeddable":true,"href":"https:\/\/weinhundert.com\/da\/wp-json\/wp\/v2\/product_brand?post=13141"},{"taxonomy":"product_cat","embeddable":true,"href":"https:\/\/weinhundert.com\/da\/wp-json\/wp\/v2\/product_cat?post=13141"},{"taxonomy":"product_tag","embeddable":true,"href":"https:\/\/weinhundert.com\/da\/wp-json\/wp\/v2\/product_tag?post=13141"}],"curies":[{"name":"wp","href":"https:\/\/api.w.org\/{rel}","templated":true}]}}