{"id":13146,"date":"2026-03-31T22:46:57","date_gmt":"2026-03-31T20:46:57","guid":{"rendered":"https:\/\/weinhundert.com\/produkt\/brancaia-il-blu-1996-075-l\/"},"modified":"2026-04-02T13:49:26","modified_gmt":"2026-04-02T11:49:26","slug":"brancaia-il-blu-1996-075-l","status":"publish","type":"product","link":"https:\/\/weinhundert.com\/da\/produkt\/brancaia-il-blu-1996-075-l\/","title":{"rendered":"Brancaia Il Blu 1996 0,75 l"},"content":{"rendered":"<p>Dieser Toskaner aus dem legend\u00e4ren Jahrgang 1996 ist ein echter Zeitzeuge \u2013 Sangiovese, Merlot und Cabernet Sauvignon verschmelzen hier zu einem Wein, der die Jahre wunderbar getragen hat. Die Frucht ist jetzt feiner geworden, die Struktur hat sich entspannt und gibt dir daf\u00fcr tiefe und Charakter. Mit 13,5 % Alkohol sitzt er perfekt im Gleichgewicht und schmeckt nach roten Beeren, einem Hauch Erde und dieser klassischen toskanischen W\u00fcrze, die nicht an Mode gebunden ist. Ein Klassiker, der auch jetzt noch sehr lebendig wirkt und sich mit einem sch\u00f6nen Rindersteak oder gegrilltem Wild richtig wohlf\u00fchlt.<\/p>\n","protected":false},"excerpt":{"rendered":"<p>Klassischer Toskaner von 1996 mit gereiftem Charakter: Sangiovese-Mix, das reife Fr\u00fcchte und Eleganz vereint.<\/p>\n","protected":false},"featured_media":13304,"comment_status":"open","ping_status":"closed","template":"","meta":{"_acf_changed":false,"_et_pb_use_builder":"","_et_pb_old_content":"","_et_gb_content_width":"","inline_featured_image":false,"_price":"49.90","_stock":"-1","_tribe_ticket_header":"","_tribe_default_ticket_provider":"","_tribe_ticket_capacity":"","_ticket_start_date":"","_ticket_end_date":"","_tribe_ticket_show_description":"","_tribe_ticket_show_not_going":false,"_tribe_ticket_use_global_stock":"","_tribe_ticket_global_stock_level":"","_global_stock_mode":"","_global_stock_cap":"","_tribe_rsvp_for_event":"","_tribe_ticket_going_count":"","_tribe_ticket_not_going_count":"","_tribe_tickets_list":"[]","_tribe_ticket_has_attendee_info_fields":false,"_tec_slr_enabled":"","_tec_slr_layout":""},"product_brand":[],"product_cat":[124],"product_tag":[],"class_list":{"0":"post-13146","1":"product","2":"type-product","3":"status-publish","4":"has-post-thumbnail","6":"product_cat-rotwein","8":"first","9":"outofstock","10":"taxable","11":"shipping-taxable","12":"purchasable","13":"product-type-simple"},"acf":[],"_links":{"self":[{"href":"https:\/\/weinhundert.com\/da\/wp-json\/wp\/v2\/product\/13146","targetHints":{"allow":["GET"]}}],"collection":[{"href":"https:\/\/weinhundert.com\/da\/wp-json\/wp\/v2\/product"}],"about":[{"href":"https:\/\/weinhundert.com\/da\/wp-json\/wp\/v2\/types\/product"}],"replies":[{"embeddable":true,"href":"https:\/\/weinhundert.com\/da\/wp-json\/wp\/v2\/comments?post=13146"}],"wp:featuredmedia":[{"embeddable":true,"href":"https:\/\/weinhundert.com\/da\/wp-json\/wp\/v2\/media\/13304"}],"wp:attachment":[{"href":"https:\/\/weinhundert.com\/da\/wp-json\/wp\/v2\/media?parent=13146"}],"wp:term":[{"taxonomy":"product_brand","embeddable":true,"href":"https:\/\/weinhundert.com\/da\/wp-json\/wp\/v2\/product_brand?post=13146"},{"taxonomy":"product_cat","embeddable":true,"href":"https:\/\/weinhundert.com\/da\/wp-json\/wp\/v2\/product_cat?post=13146"},{"taxonomy":"product_tag","embeddable":true,"href":"https:\/\/weinhundert.com\/da\/wp-json\/wp\/v2\/product_tag?post=13146"}],"curies":[{"name":"wp","href":"https:\/\/api.w.org\/{rel}","templated":true}]}}