{"id":13177,"date":"2026-03-31T22:48:20","date_gmt":"2026-03-31T20:48:20","guid":{"rendered":"https:\/\/weinhundert.com\/produkt\/masi-osar-rosso-del-veronese-2009-075-l\/"},"modified":"2026-04-02T13:49:57","modified_gmt":"2026-04-02T11:49:57","slug":"masi-osar-rosso-del-veronese-2009-075-l","status":"publish","type":"product","link":"https:\/\/weinhundert.com\/da\/produkt\/masi-osar-rosso-del-veronese-2009-075-l\/","title":{"rendered":"Masi Osar Rosso del Veronese 2009 0,75 l"},"content":{"rendered":"<p>Dieser italienische Rotwein aus der Oseleta-Traube bringt dir ein echtes St\u00fcck Venetien ins Glas \u2013 eine Rebsorte, die lange Zeit fast vergessen war und jetzt wieder ihr volles Potenzial zeigt. Der Masi Osar \u00fcberzeugt mit intensiven roten Fruchtaromen und einer angenehmen Mineralit\u00e4t, die dem Wein Charakter und Spannung verleiht. Mit 14 Prozent Alkohol sitzt er perfekt im Gleichgewicht und trinkt sich \u00fcberraschend frisch und lebendig. Probier ihn zu kr\u00e4ftigen Pasta-Gerichten, Rinderbraten oder reifem K\u00e4se \u2013 da zeigt er seine volle Kraft.<\/p>\n","protected":false},"excerpt":{"rendered":"<p>Rare Oseleta aus Venetien: charaktervoll, mineralisch und voller roter Fr\u00fcchte. Ein echter Geheimtipp.<\/p>\n","protected":false},"featured_media":13333,"comment_status":"open","ping_status":"closed","template":"","meta":{"_acf_changed":false,"_et_pb_use_builder":"","_et_pb_old_content":"","_et_gb_content_width":"","inline_featured_image":false,"_price":"49.90","_stock":"-1","_tribe_ticket_header":"","_tribe_default_ticket_provider":"","_tribe_ticket_capacity":"","_ticket_start_date":"","_ticket_end_date":"","_tribe_ticket_show_description":"","_tribe_ticket_show_not_going":false,"_tribe_ticket_use_global_stock":"","_tribe_ticket_global_stock_level":"","_global_stock_mode":"","_global_stock_cap":"","_tribe_rsvp_for_event":"","_tribe_ticket_going_count":"","_tribe_ticket_not_going_count":"","_tribe_tickets_list":"[]","_tribe_ticket_has_attendee_info_fields":false,"_tec_slr_enabled":"","_tec_slr_layout":""},"product_brand":[],"product_cat":[124],"product_tag":[],"class_list":{"0":"post-13177","1":"product","2":"type-product","3":"status-publish","4":"has-post-thumbnail","6":"product_cat-rotwein","8":"first","9":"outofstock","10":"taxable","11":"shipping-taxable","12":"purchasable","13":"product-type-simple"},"acf":[],"_links":{"self":[{"href":"https:\/\/weinhundert.com\/da\/wp-json\/wp\/v2\/product\/13177","targetHints":{"allow":["GET"]}}],"collection":[{"href":"https:\/\/weinhundert.com\/da\/wp-json\/wp\/v2\/product"}],"about":[{"href":"https:\/\/weinhundert.com\/da\/wp-json\/wp\/v2\/types\/product"}],"replies":[{"embeddable":true,"href":"https:\/\/weinhundert.com\/da\/wp-json\/wp\/v2\/comments?post=13177"}],"wp:featuredmedia":[{"embeddable":true,"href":"https:\/\/weinhundert.com\/da\/wp-json\/wp\/v2\/media\/13333"}],"wp:attachment":[{"href":"https:\/\/weinhundert.com\/da\/wp-json\/wp\/v2\/media?parent=13177"}],"wp:term":[{"taxonomy":"product_brand","embeddable":true,"href":"https:\/\/weinhundert.com\/da\/wp-json\/wp\/v2\/product_brand?post=13177"},{"taxonomy":"product_cat","embeddable":true,"href":"https:\/\/weinhundert.com\/da\/wp-json\/wp\/v2\/product_cat?post=13177"},{"taxonomy":"product_tag","embeddable":true,"href":"https:\/\/weinhundert.com\/da\/wp-json\/wp\/v2\/product_tag?post=13177"}],"curies":[{"name":"wp","href":"https:\/\/api.w.org\/{rel}","templated":true}]}}