{"id":13191,"date":"2026-03-31T22:49:01","date_gmt":"2026-03-31T20:49:01","guid":{"rendered":"https:\/\/weinhundert.com\/produkt\/caymus-special-selection-2007-600-l\/"},"modified":"2026-04-02T13:50:12","modified_gmt":"2026-04-02T11:50:12","slug":"caymus-special-selection-2007-600-l","status":"publish","type":"product","link":"https:\/\/weinhundert.com\/da\/produkt\/caymus-special-selection-2007-600-l\/","title":{"rendered":"Caymus Special Selection 2007 6,00 l"},"content":{"rendered":"<p>Dieser Caymus Cabernet aus dem legend\u00e4ren Jahrgang 2007 zeigt dir, warum Napa Valley Weinherzen h\u00f6her schlagen l\u00e4sst. Reife dunkle Fr\u00fcchte treffen auf w\u00fcrzige Noten und ein stoffiges Mundgef\u00fchl, das wirklich Eindruck macht \u2013 perfekt gereift und immer noch voller Power. Das ist kein allt\u00e4glicher Rotwein, sondern ein Statement im Glas, das sich Zeit genommen hat, richtig gut zu werden. Zum saftigen Steak oder kr\u00e4ftigem K\u00e4se ist er dein absoluter Begleiter.<\/p>\n","protected":false},"excerpt":{"rendered":"<p>Napa Valley Cabernet vom Feinsten: reif, w\u00fcrzig, vollmundig und ein echter Klassiker im Glas.<\/p>\n","protected":false},"featured_media":13350,"comment_status":"open","ping_status":"closed","template":"","meta":{"_acf_changed":false,"_et_pb_use_builder":"","_et_pb_old_content":"","_et_gb_content_width":"","inline_featured_image":false,"_price":"1999.00","_stock":"-1","_tribe_ticket_header":"","_tribe_default_ticket_provider":"","_tribe_ticket_capacity":"","_ticket_start_date":"","_ticket_end_date":"","_tribe_ticket_show_description":"","_tribe_ticket_show_not_going":false,"_tribe_ticket_use_global_stock":"","_tribe_ticket_global_stock_level":"","_global_stock_mode":"","_global_stock_cap":"","_tribe_rsvp_for_event":"","_tribe_ticket_going_count":"","_tribe_ticket_not_going_count":"","_tribe_tickets_list":"[]","_tribe_ticket_has_attendee_info_fields":false,"_tec_slr_enabled":"","_tec_slr_layout":""},"product_brand":[],"product_cat":[124],"product_tag":[],"class_list":{"0":"post-13191","1":"product","2":"type-product","3":"status-publish","4":"has-post-thumbnail","6":"product_cat-rotwein","8":"first","9":"outofstock","10":"taxable","11":"shipping-taxable","12":"purchasable","13":"product-type-simple"},"acf":[],"_links":{"self":[{"href":"https:\/\/weinhundert.com\/da\/wp-json\/wp\/v2\/product\/13191","targetHints":{"allow":["GET"]}}],"collection":[{"href":"https:\/\/weinhundert.com\/da\/wp-json\/wp\/v2\/product"}],"about":[{"href":"https:\/\/weinhundert.com\/da\/wp-json\/wp\/v2\/types\/product"}],"replies":[{"embeddable":true,"href":"https:\/\/weinhundert.com\/da\/wp-json\/wp\/v2\/comments?post=13191"}],"wp:featuredmedia":[{"embeddable":true,"href":"https:\/\/weinhundert.com\/da\/wp-json\/wp\/v2\/media\/13350"}],"wp:attachment":[{"href":"https:\/\/weinhundert.com\/da\/wp-json\/wp\/v2\/media?parent=13191"}],"wp:term":[{"taxonomy":"product_brand","embeddable":true,"href":"https:\/\/weinhundert.com\/da\/wp-json\/wp\/v2\/product_brand?post=13191"},{"taxonomy":"product_cat","embeddable":true,"href":"https:\/\/weinhundert.com\/da\/wp-json\/wp\/v2\/product_cat?post=13191"},{"taxonomy":"product_tag","embeddable":true,"href":"https:\/\/weinhundert.com\/da\/wp-json\/wp\/v2\/product_tag?post=13191"}],"curies":[{"name":"wp","href":"https:\/\/api.w.org\/{rel}","templated":true}]}}