{"id":13203,"date":"2026-03-31T22:49:33","date_gmt":"2026-03-31T20:49:33","guid":{"rendered":"https:\/\/weinhundert.com\/produkt\/la-braccesca-santa-pia-vino-nobile-di-montepulcian-2013-075-l\/"},"modified":"2026-04-02T13:50:22","modified_gmt":"2026-04-02T11:50:22","slug":"la-braccesca-santa-pia-vino-nobile-di-montepulcian-2013-075-l","status":"publish","type":"product","link":"https:\/\/weinhundert.com\/da\/produkt\/la-braccesca-santa-pia-vino-nobile-di-montepulcian-2013-075-l\/","title":{"rendered":"La Braccesca Santa Pia Vino Nobile di Montepulcian 2013 0,75 l"},"content":{"rendered":"<p>Dieser Vino Nobile aus der Toskana zeigt dir, warum die Prugnolo Gentile in Montepulciano zuhause ist. Der 2013er hat ordentlich Charakter: w\u00fcrzige Noten, reife dunkle Fr\u00fcchte und eine Struktur, die dich im besten Sinne fordert. Das Antinori-Weingut hat hier einen Wein gekeltert, der mit Luft und Zeit immer besser wird und nicht einfach nur nett sein m\u00f6chte. Passt perfekt zu kr\u00e4ftigen Pasta-Gerichten, gegrilltem Fleisch oder einem guten St\u00fcck K\u00e4se.<\/p>\n","protected":false},"excerpt":{"rendered":"<p>W\u00fcrziger Vino Nobile mit Struktur und Charakter. Toskanischer Klassiker vom renommierten Antinori.<\/p>\n","protected":false},"featured_media":13358,"comment_status":"open","ping_status":"closed","template":"","meta":{"_acf_changed":false,"_et_pb_use_builder":"","_et_pb_old_content":"","_et_gb_content_width":"","inline_featured_image":false,"_price":"28.90","_stock":"-1","_tribe_ticket_header":"","_tribe_default_ticket_provider":"","_tribe_ticket_capacity":"","_ticket_start_date":"","_ticket_end_date":"","_tribe_ticket_show_description":"","_tribe_ticket_show_not_going":false,"_tribe_ticket_use_global_stock":"","_tribe_ticket_global_stock_level":"","_global_stock_mode":"","_global_stock_cap":"","_tribe_rsvp_for_event":"","_tribe_ticket_going_count":"","_tribe_ticket_not_going_count":"","_tribe_tickets_list":"[]","_tribe_ticket_has_attendee_info_fields":false,"_tec_slr_enabled":"","_tec_slr_layout":""},"product_brand":[],"product_cat":[124],"product_tag":[],"class_list":{"0":"post-13203","1":"product","2":"type-product","3":"status-publish","4":"has-post-thumbnail","6":"product_cat-rotwein","8":"first","9":"outofstock","10":"taxable","11":"shipping-taxable","12":"purchasable","13":"product-type-simple"},"acf":[],"_links":{"self":[{"href":"https:\/\/weinhundert.com\/da\/wp-json\/wp\/v2\/product\/13203","targetHints":{"allow":["GET"]}}],"collection":[{"href":"https:\/\/weinhundert.com\/da\/wp-json\/wp\/v2\/product"}],"about":[{"href":"https:\/\/weinhundert.com\/da\/wp-json\/wp\/v2\/types\/product"}],"replies":[{"embeddable":true,"href":"https:\/\/weinhundert.com\/da\/wp-json\/wp\/v2\/comments?post=13203"}],"wp:featuredmedia":[{"embeddable":true,"href":"https:\/\/weinhundert.com\/da\/wp-json\/wp\/v2\/media\/13358"}],"wp:attachment":[{"href":"https:\/\/weinhundert.com\/da\/wp-json\/wp\/v2\/media?parent=13203"}],"wp:term":[{"taxonomy":"product_brand","embeddable":true,"href":"https:\/\/weinhundert.com\/da\/wp-json\/wp\/v2\/product_brand?post=13203"},{"taxonomy":"product_cat","embeddable":true,"href":"https:\/\/weinhundert.com\/da\/wp-json\/wp\/v2\/product_cat?post=13203"},{"taxonomy":"product_tag","embeddable":true,"href":"https:\/\/weinhundert.com\/da\/wp-json\/wp\/v2\/product_tag?post=13203"}],"curies":[{"name":"wp","href":"https:\/\/api.w.org\/{rel}","templated":true}]}}