{"id":13205,"date":"2026-03-31T22:49:40","date_gmt":"2026-03-31T20:49:40","guid":{"rendered":"https:\/\/weinhundert.com\/produkt\/caymus-red-schooner-voyage-4-075-l\/"},"modified":"2026-04-02T13:50:27","modified_gmt":"2026-04-02T11:50:27","slug":"caymus-red-schooner-voyage-4-075-l","status":"publish","type":"product","link":"https:\/\/weinhundert.com\/da\/produkt\/caymus-red-schooner-voyage-4-075-l\/","title":{"rendered":"Caymus Red Schooner Voyage 4 0,75 l"},"content":{"rendered":"<p>Dieser Malbec aus Napa Valley zeigt dir, was amerikanische Kraft und s\u00fcdamerikanische Frucht zusammen bewirken k\u00f6nnen. Dunkelrote Beeren treffen auf w\u00fcrzige Noten und einen angenehm griffigen K\u00f6rper, der nicht zu schwer ausf\u00e4llt \u2013 perfekt f\u00fcr gem\u00fctliche Abende. Mit 14,5% Alkohol sitzt er im sweet spot zwischen Kraft und Trinkfluss. Gib ihm zu Grillgem\u00fcse, saftigen Burgern oder w\u00fcrzigen Pastagerichten \u2013 da zeigt dieser Rotwein sein volles Potenzial.<\/p>\n","protected":false},"excerpt":{"rendered":"<p>Kr\u00e4ftiger Malbec aus Napa Valley mit w\u00fcrzigen Beeren und perfektem Trinkfluss f\u00fcr alle Grill- und Burgergelegenheiten.<\/p>\n","protected":false},"featured_media":13362,"comment_status":"open","ping_status":"closed","template":"","meta":{"_acf_changed":false,"_et_pb_use_builder":"","_et_pb_old_content":"","_et_gb_content_width":"","inline_featured_image":false,"_price":"49.90","_stock":"-1","_tribe_ticket_header":"","_tribe_default_ticket_provider":"","_tribe_ticket_capacity":"","_ticket_start_date":"","_ticket_end_date":"","_tribe_ticket_show_description":"","_tribe_ticket_show_not_going":false,"_tribe_ticket_use_global_stock":"","_tribe_ticket_global_stock_level":"","_global_stock_mode":"","_global_stock_cap":"","_tribe_rsvp_for_event":"","_tribe_ticket_going_count":"","_tribe_ticket_not_going_count":"","_tribe_tickets_list":"[]","_tribe_ticket_has_attendee_info_fields":false,"_tec_slr_enabled":"","_tec_slr_layout":""},"product_brand":[],"product_cat":[124],"product_tag":[],"class_list":{"0":"post-13205","1":"product","2":"type-product","3":"status-publish","4":"has-post-thumbnail","6":"product_cat-rotwein","8":"first","9":"outofstock","10":"taxable","11":"shipping-taxable","12":"purchasable","13":"product-type-simple"},"acf":[],"_links":{"self":[{"href":"https:\/\/weinhundert.com\/da\/wp-json\/wp\/v2\/product\/13205","targetHints":{"allow":["GET"]}}],"collection":[{"href":"https:\/\/weinhundert.com\/da\/wp-json\/wp\/v2\/product"}],"about":[{"href":"https:\/\/weinhundert.com\/da\/wp-json\/wp\/v2\/types\/product"}],"replies":[{"embeddable":true,"href":"https:\/\/weinhundert.com\/da\/wp-json\/wp\/v2\/comments?post=13205"}],"wp:featuredmedia":[{"embeddable":true,"href":"https:\/\/weinhundert.com\/da\/wp-json\/wp\/v2\/media\/13362"}],"wp:attachment":[{"href":"https:\/\/weinhundert.com\/da\/wp-json\/wp\/v2\/media?parent=13205"}],"wp:term":[{"taxonomy":"product_brand","embeddable":true,"href":"https:\/\/weinhundert.com\/da\/wp-json\/wp\/v2\/product_brand?post=13205"},{"taxonomy":"product_cat","embeddable":true,"href":"https:\/\/weinhundert.com\/da\/wp-json\/wp\/v2\/product_cat?post=13205"},{"taxonomy":"product_tag","embeddable":true,"href":"https:\/\/weinhundert.com\/da\/wp-json\/wp\/v2\/product_tag?post=13205"}],"curies":[{"name":"wp","href":"https:\/\/api.w.org\/{rel}","templated":true}]}}