{"id":13295,"date":"2026-03-31T22:53:46","date_gmt":"2026-03-31T20:53:46","guid":{"rendered":"https:\/\/weinhundert.com\/produkt\/diamandes-perlita-rosado-2016-075-l\/"},"modified":"2026-04-02T13:51:48","modified_gmt":"2026-04-02T11:51:48","slug":"diamandes-perlita-rosado-2016-075-l","status":"publish","type":"product","link":"https:\/\/weinhundert.com\/da\/produkt\/diamandes-perlita-rosado-2016-075-l\/","title":{"rendered":"Diamandes Perlita Rosado 2016 0,75 l"},"content":{"rendered":"<p>Dieser Malbec aus Mendoza zeigt, was argentinische Weinmacher k\u00f6nnen: tiefe Beerenfr\u00fcchte treffen auf eine erfrischende Leichtigkeit, die einfach Lust auf mehr macht. Der 2016er Jahrgang hat mit seinen 13,5% Alkohol die perfekte Balance \u2013 kraftvoll genug, um Charakter zu zeigen, aber nie plump oder \u00fcberladen. Du merkst hier die s\u00fcdamerikanische Sonne im Glas, ohne dass es anstrengend wirkt. Passt perfekt zu gegrilltem Fleisch, w\u00fcrzigen Empanadas oder auch zu einer guten K\u00e4seplatte.<\/p>\n","protected":false},"excerpt":{"rendered":"<p>Argentinischer Malbec mit Biss: sonnig, fruchtig, unverkompliziert. Dein neuer Lieblingswein zum Grillen.<\/p>\n","protected":false},"featured_media":13447,"comment_status":"open","ping_status":"closed","template":"","meta":{"_acf_changed":false,"_et_pb_use_builder":"","_et_pb_old_content":"","_et_gb_content_width":"","inline_featured_image":false,"_price":"4.99","_stock":"-1","_tribe_ticket_header":"","_tribe_default_ticket_provider":"","_tribe_ticket_capacity":"","_ticket_start_date":"","_ticket_end_date":"","_tribe_ticket_show_description":"","_tribe_ticket_show_not_going":false,"_tribe_ticket_use_global_stock":"","_tribe_ticket_global_stock_level":"","_global_stock_mode":"","_global_stock_cap":"","_tribe_rsvp_for_event":"","_tribe_ticket_going_count":"","_tribe_ticket_not_going_count":"","_tribe_tickets_list":"[]","_tribe_ticket_has_attendee_info_fields":false,"_tec_slr_enabled":"","_tec_slr_layout":""},"product_brand":[],"product_cat":[124],"product_tag":[],"class_list":{"0":"post-13295","1":"product","2":"type-product","3":"status-publish","4":"has-post-thumbnail","6":"product_cat-rotwein","8":"first","9":"outofstock","10":"taxable","11":"shipping-taxable","12":"purchasable","13":"product-type-simple"},"acf":[],"_links":{"self":[{"href":"https:\/\/weinhundert.com\/da\/wp-json\/wp\/v2\/product\/13295","targetHints":{"allow":["GET"]}}],"collection":[{"href":"https:\/\/weinhundert.com\/da\/wp-json\/wp\/v2\/product"}],"about":[{"href":"https:\/\/weinhundert.com\/da\/wp-json\/wp\/v2\/types\/product"}],"replies":[{"embeddable":true,"href":"https:\/\/weinhundert.com\/da\/wp-json\/wp\/v2\/comments?post=13295"}],"wp:featuredmedia":[{"embeddable":true,"href":"https:\/\/weinhundert.com\/da\/wp-json\/wp\/v2\/media\/13447"}],"wp:attachment":[{"href":"https:\/\/weinhundert.com\/da\/wp-json\/wp\/v2\/media?parent=13295"}],"wp:term":[{"taxonomy":"product_brand","embeddable":true,"href":"https:\/\/weinhundert.com\/da\/wp-json\/wp\/v2\/product_brand?post=13295"},{"taxonomy":"product_cat","embeddable":true,"href":"https:\/\/weinhundert.com\/da\/wp-json\/wp\/v2\/product_cat?post=13295"},{"taxonomy":"product_tag","embeddable":true,"href":"https:\/\/weinhundert.com\/da\/wp-json\/wp\/v2\/product_tag?post=13295"}],"curies":[{"name":"wp","href":"https:\/\/api.w.org\/{rel}","templated":true}]}}