{"id":13300,"date":"2026-03-31T22:54:00","date_gmt":"2026-03-31T20:54:00","guid":{"rendered":"https:\/\/weinhundert.com\/produkt\/stark-conde-shiraz-syrah-2014-075-l\/"},"modified":"2026-04-02T13:51:52","modified_gmt":"2026-04-02T11:51:52","slug":"stark-conde-shiraz-syrah-2014-075-l","status":"publish","type":"product","link":"https:\/\/weinhundert.com\/da\/produkt\/stark-conde-shiraz-syrah-2014-075-l\/","title":{"rendered":"Stark-Conde Shiraz \/ Syrah 2014 0,75 l"},"content":{"rendered":"<p>Der Stark-Conde Shiraz\/Syrah aus dem Jahr 2014 ist ein echter Genuss aus der renommierten Region Stellenbosch in S\u00fcdafrika. Mit seinen 14,5 % Alkohol bringt dieser Rotwein eine aufregende Aromenvielfalt auf den Tisch. Du wirst sofort von saftigen Pflaumen, reifen Beeren und einem Hauch von Gew\u00fcrzen verzaubert, die sich beim ersten Schluck wunderbar entfalten. Die sanften Tannine geben dem Wein eine sch\u00f6ne Struktur, die perfekt zu einem Abend mit Freunden passt. Genie\u00dfe ihn am besten zu einem saftigen Steak vom Grill oder einer herzhaften Pasta mit Tomatensauce und lass die Geschmacksexplosion auf dich wirken. Ein Wein, der dich einfach mitnehmen will!<\/p>\n","protected":false},"excerpt":{"rendered":"<p>Saftige Pflaumen, reife Beeren und feine Gew\u00fcrze: Ein s\u00fcdafrikanischer Shiraz mit eleganten Tanninen und gro\u00dfem Trinkfluss.<\/p>\n","protected":false},"featured_media":13451,"comment_status":"open","ping_status":"closed","template":"","meta":{"_acf_changed":false,"_et_pb_use_builder":"","_et_pb_old_content":"","_et_gb_content_width":"","inline_featured_image":false,"_price":"14.99","_stock":"13","_tribe_ticket_header":"","_tribe_default_ticket_provider":"","_tribe_ticket_capacity":"","_ticket_start_date":"","_ticket_end_date":"","_tribe_ticket_show_description":"","_tribe_ticket_show_not_going":false,"_tribe_ticket_use_global_stock":"","_tribe_ticket_global_stock_level":"","_global_stock_mode":"","_global_stock_cap":"","_tribe_rsvp_for_event":"","_tribe_ticket_going_count":"","_tribe_ticket_not_going_count":"","_tribe_tickets_list":"[]","_tribe_ticket_has_attendee_info_fields":false,"_tec_slr_enabled":"","_tec_slr_layout":""},"product_brand":[],"product_cat":[124],"product_tag":[],"class_list":{"0":"post-13300","1":"product","2":"type-product","3":"status-publish","4":"has-post-thumbnail","6":"product_cat-rotwein","8":"first","9":"instock","10":"taxable","11":"shipping-taxable","12":"purchasable","13":"product-type-simple"},"acf":[],"_links":{"self":[{"href":"https:\/\/weinhundert.com\/da\/wp-json\/wp\/v2\/product\/13300","targetHints":{"allow":["GET"]}}],"collection":[{"href":"https:\/\/weinhundert.com\/da\/wp-json\/wp\/v2\/product"}],"about":[{"href":"https:\/\/weinhundert.com\/da\/wp-json\/wp\/v2\/types\/product"}],"replies":[{"embeddable":true,"href":"https:\/\/weinhundert.com\/da\/wp-json\/wp\/v2\/comments?post=13300"}],"wp:featuredmedia":[{"embeddable":true,"href":"https:\/\/weinhundert.com\/da\/wp-json\/wp\/v2\/media\/13451"}],"wp:attachment":[{"href":"https:\/\/weinhundert.com\/da\/wp-json\/wp\/v2\/media?parent=13300"}],"wp:term":[{"taxonomy":"product_brand","embeddable":true,"href":"https:\/\/weinhundert.com\/da\/wp-json\/wp\/v2\/product_brand?post=13300"},{"taxonomy":"product_cat","embeddable":true,"href":"https:\/\/weinhundert.com\/da\/wp-json\/wp\/v2\/product_cat?post=13300"},{"taxonomy":"product_tag","embeddable":true,"href":"https:\/\/weinhundert.com\/da\/wp-json\/wp\/v2\/product_tag?post=13300"}],"curies":[{"name":"wp","href":"https:\/\/api.w.org\/{rel}","templated":true}]}}