{"id":13305,"date":"2026-03-31T22:54:17","date_gmt":"2026-03-31T20:54:17","guid":{"rendered":"https:\/\/weinhundert.com\/produkt\/terlan-st-magdalener-2016-075-l\/"},"modified":"2026-04-02T13:51:56","modified_gmt":"2026-04-02T11:51:56","slug":"terlan-st-magdalener-2016-075-l","status":"publish","type":"product","link":"https:\/\/weinhundert.com\/da\/produkt\/terlan-st-magdalener-2016-075-l\/","title":{"rendered":"Terlan St Magdalener  2016 0,75 l"},"content":{"rendered":"<p>Dieser S\u00fcdtiroler Wei\u00dfwein aus dem Hause Terlan ist eine wunderbare Cuv\u00e9e, die mit ihrer Frische und Lebendigkeit besticht. Der 2016er zeigt sich zug\u00e4nglich und unkompliziert, mit feinen Fruchtaromen, die sofort Lust auf mehr machen. Bei 13% Alkohol sitzt er perfekt im Gleichgewicht und l\u00e4sst sich herrlich einfach trinken \u2013 egal ob als Aperitif oder zum gemeinsamen Abendessen mit Freunden. Passt gro\u00dfartig zu leichten Fischgerichten, Meeresfr\u00fcchten oder auch zu w\u00fcrzigem Gem\u00fcse vom Grill.<\/p>\n","protected":false},"excerpt":{"rendered":"<p>S\u00fcdtiroler Frische und Lebendigkeit in der Flasche: Ein unkomplizierter Wei\u00dfwein f\u00fcr entspannte Momente.<\/p>\n","protected":false},"featured_media":13455,"comment_status":"open","ping_status":"closed","template":"","meta":{"_acf_changed":false,"_et_pb_use_builder":"","_et_pb_old_content":"","_et_gb_content_width":"","inline_featured_image":false,"_price":"8.76","_stock":"-1","_tribe_ticket_header":"","_tribe_default_ticket_provider":"","_tribe_ticket_capacity":"","_ticket_start_date":"","_ticket_end_date":"","_tribe_ticket_show_description":"","_tribe_ticket_show_not_going":false,"_tribe_ticket_use_global_stock":"","_tribe_ticket_global_stock_level":"","_global_stock_mode":"","_global_stock_cap":"","_tribe_rsvp_for_event":"","_tribe_ticket_going_count":"","_tribe_ticket_not_going_count":"","_tribe_tickets_list":"[]","_tribe_ticket_has_attendee_info_fields":false,"_tec_slr_enabled":"","_tec_slr_layout":""},"product_brand":[],"product_cat":[123],"product_tag":[],"class_list":{"0":"post-13305","1":"product","2":"type-product","3":"status-publish","4":"has-post-thumbnail","6":"product_cat-weisswein","8":"first","9":"outofstock","10":"taxable","11":"shipping-taxable","12":"purchasable","13":"product-type-simple"},"acf":[],"_links":{"self":[{"href":"https:\/\/weinhundert.com\/da\/wp-json\/wp\/v2\/product\/13305","targetHints":{"allow":["GET"]}}],"collection":[{"href":"https:\/\/weinhundert.com\/da\/wp-json\/wp\/v2\/product"}],"about":[{"href":"https:\/\/weinhundert.com\/da\/wp-json\/wp\/v2\/types\/product"}],"replies":[{"embeddable":true,"href":"https:\/\/weinhundert.com\/da\/wp-json\/wp\/v2\/comments?post=13305"}],"wp:featuredmedia":[{"embeddable":true,"href":"https:\/\/weinhundert.com\/da\/wp-json\/wp\/v2\/media\/13455"}],"wp:attachment":[{"href":"https:\/\/weinhundert.com\/da\/wp-json\/wp\/v2\/media?parent=13305"}],"wp:term":[{"taxonomy":"product_brand","embeddable":true,"href":"https:\/\/weinhundert.com\/da\/wp-json\/wp\/v2\/product_brand?post=13305"},{"taxonomy":"product_cat","embeddable":true,"href":"https:\/\/weinhundert.com\/da\/wp-json\/wp\/v2\/product_cat?post=13305"},{"taxonomy":"product_tag","embeddable":true,"href":"https:\/\/weinhundert.com\/da\/wp-json\/wp\/v2\/product_tag?post=13305"}],"curies":[{"name":"wp","href":"https:\/\/api.w.org\/{rel}","templated":true}]}}