{"id":13315,"date":"2026-03-31T22:54:43","date_gmt":"2026-03-31T20:54:43","guid":{"rendered":"https:\/\/weinhundert.com\/produkt\/torres-grans-muralles-2011-075-l\/"},"modified":"2026-04-02T13:52:04","modified_gmt":"2026-04-02T11:52:04","slug":"torres-grans-muralles-2011-075-l","status":"publish","type":"product","link":"https:\/\/weinhundert.com\/da\/produkt\/torres-grans-muralles-2011-075-l\/","title":{"rendered":"Torres Grans Muralles  2011 0,75 l"},"content":{"rendered":"<p>Mit diesem Torres packst du dir ein echtes Statement ins Regal \u2013 ein kraftvoller Rotwein aus vier spanischen Rebsorten, der seit 2011 geduldig gereift ist und jetzt richtig Charakter zeigt. Die Cari\u00f1ena, Garnacha, Sams\u00f3 und Monastrell bringen da eine wilde Mischung aus dunklen Fr\u00fcchten, w\u00fcrzigen Noten und einer kernigen Mineralit\u00e4t mit, die du beim ersten Schluck merkst. Das ist kein Wein zum Wegzischen, sondern einer zum Genie\u00dfen \u2013 am besten zu kr\u00e4ftigem Fleisch wie Lamm oder Rind vom Grill, wo er richtig aufbl\u00fcht.<\/p>\n","protected":false},"excerpt":{"rendered":"<p>Kraftvoller spanischer Klassiker mit vier Sorten und neun Jahren Reife \u2013 w\u00fcrzig, mineralisch und mit echtem Biss.<\/p>\n","protected":false},"featured_media":13463,"comment_status":"open","ping_status":"closed","template":"","meta":{"_acf_changed":false,"_et_pb_use_builder":"","_et_pb_old_content":"","_et_gb_content_width":"","inline_featured_image":false,"_price":"89.90","_stock":"-1","_tribe_ticket_header":"","_tribe_default_ticket_provider":"","_tribe_ticket_capacity":"","_ticket_start_date":"","_ticket_end_date":"","_tribe_ticket_show_description":"","_tribe_ticket_show_not_going":false,"_tribe_ticket_use_global_stock":"","_tribe_ticket_global_stock_level":"","_global_stock_mode":"","_global_stock_cap":"","_tribe_rsvp_for_event":"","_tribe_ticket_going_count":"","_tribe_ticket_not_going_count":"","_tribe_tickets_list":"[]","_tribe_ticket_has_attendee_info_fields":false,"_tec_slr_enabled":"","_tec_slr_layout":""},"product_brand":[],"product_cat":[124],"product_tag":[],"class_list":{"0":"post-13315","1":"product","2":"type-product","3":"status-publish","4":"has-post-thumbnail","6":"product_cat-rotwein","8":"first","9":"outofstock","10":"taxable","11":"shipping-taxable","12":"purchasable","13":"product-type-simple"},"acf":[],"_links":{"self":[{"href":"https:\/\/weinhundert.com\/da\/wp-json\/wp\/v2\/product\/13315","targetHints":{"allow":["GET"]}}],"collection":[{"href":"https:\/\/weinhundert.com\/da\/wp-json\/wp\/v2\/product"}],"about":[{"href":"https:\/\/weinhundert.com\/da\/wp-json\/wp\/v2\/types\/product"}],"replies":[{"embeddable":true,"href":"https:\/\/weinhundert.com\/da\/wp-json\/wp\/v2\/comments?post=13315"}],"wp:featuredmedia":[{"embeddable":true,"href":"https:\/\/weinhundert.com\/da\/wp-json\/wp\/v2\/media\/13463"}],"wp:attachment":[{"href":"https:\/\/weinhundert.com\/da\/wp-json\/wp\/v2\/media?parent=13315"}],"wp:term":[{"taxonomy":"product_brand","embeddable":true,"href":"https:\/\/weinhundert.com\/da\/wp-json\/wp\/v2\/product_brand?post=13315"},{"taxonomy":"product_cat","embeddable":true,"href":"https:\/\/weinhundert.com\/da\/wp-json\/wp\/v2\/product_cat?post=13315"},{"taxonomy":"product_tag","embeddable":true,"href":"https:\/\/weinhundert.com\/da\/wp-json\/wp\/v2\/product_tag?post=13315"}],"curies":[{"name":"wp","href":"https:\/\/api.w.org\/{rel}","templated":true}]}}