{"id":13357,"date":"2026-03-31T22:56:36","date_gmt":"2026-03-31T20:56:36","guid":{"rendered":"https:\/\/weinhundert.com\/produkt\/honig-cabernet-sauvignon-2017-075-l\/"},"modified":"2026-04-02T13:52:45","modified_gmt":"2026-04-02T11:52:45","slug":"honig-cabernet-sauvignon-2017-075-l","status":"publish","type":"product","link":"https:\/\/weinhundert.com\/da\/produkt\/honig-cabernet-sauvignon-2017-075-l\/","title":{"rendered":"Honig Cabernet Sauvignon 2017 0,75 l"},"content":{"rendered":"<p>Dieser Kalifornier zeigt dir, was ein Cabernet Sauvignon draufhat: tiefe rote Fr\u00fcchte, ein Hauch von dunkler Schokolade und eine samtige Textur, die nicht zu schwer wirkt. Der 2017er von Honig Winery hat Struktur, ohne dabei m\u00fcde zu werden \u2013 die Mischung aus Cabernet, Cabernet Franc und Petit Verdot sorgt f\u00fcr eine angenehme Balance mit guter L\u00e4nge. Mit 14,5% Alkohol sitzt er im sweet spot und passt perfekt zu gegrilltem Rindfleisch, kr\u00e4ftigen Pastasaucen oder auch mal zu einem feinen Steak.<\/p>\n","protected":false},"excerpt":{"rendered":"<p>Kalifornischer Cabernet mit roten Fr\u00fcchten, dunkler Schokolade und samtiger Struktur \u2013 perfekt zum Grillen.<\/p>\n","protected":false},"featured_media":13495,"comment_status":"open","ping_status":"closed","template":"","meta":{"_acf_changed":false,"_et_pb_use_builder":"","_et_pb_old_content":"","_et_gb_content_width":"","inline_featured_image":false,"_price":"55.90","_stock":"-1","_tribe_ticket_header":"","_tribe_default_ticket_provider":"","_tribe_ticket_capacity":"","_ticket_start_date":"","_ticket_end_date":"","_tribe_ticket_show_description":"","_tribe_ticket_show_not_going":false,"_tribe_ticket_use_global_stock":"","_tribe_ticket_global_stock_level":"","_global_stock_mode":"","_global_stock_cap":"","_tribe_rsvp_for_event":"","_tribe_ticket_going_count":"","_tribe_ticket_not_going_count":"","_tribe_tickets_list":"[]","_tribe_ticket_has_attendee_info_fields":false,"_tec_slr_enabled":"","_tec_slr_layout":""},"product_brand":[],"product_cat":[124],"product_tag":[],"class_list":{"0":"post-13357","1":"product","2":"type-product","3":"status-publish","4":"has-post-thumbnail","6":"product_cat-rotwein","8":"first","9":"outofstock","10":"taxable","11":"shipping-taxable","12":"purchasable","13":"product-type-simple"},"acf":[],"_links":{"self":[{"href":"https:\/\/weinhundert.com\/da\/wp-json\/wp\/v2\/product\/13357","targetHints":{"allow":["GET"]}}],"collection":[{"href":"https:\/\/weinhundert.com\/da\/wp-json\/wp\/v2\/product"}],"about":[{"href":"https:\/\/weinhundert.com\/da\/wp-json\/wp\/v2\/types\/product"}],"replies":[{"embeddable":true,"href":"https:\/\/weinhundert.com\/da\/wp-json\/wp\/v2\/comments?post=13357"}],"wp:featuredmedia":[{"embeddable":true,"href":"https:\/\/weinhundert.com\/da\/wp-json\/wp\/v2\/media\/13495"}],"wp:attachment":[{"href":"https:\/\/weinhundert.com\/da\/wp-json\/wp\/v2\/media?parent=13357"}],"wp:term":[{"taxonomy":"product_brand","embeddable":true,"href":"https:\/\/weinhundert.com\/da\/wp-json\/wp\/v2\/product_brand?post=13357"},{"taxonomy":"product_cat","embeddable":true,"href":"https:\/\/weinhundert.com\/da\/wp-json\/wp\/v2\/product_cat?post=13357"},{"taxonomy":"product_tag","embeddable":true,"href":"https:\/\/weinhundert.com\/da\/wp-json\/wp\/v2\/product_tag?post=13357"}],"curies":[{"name":"wp","href":"https:\/\/api.w.org\/{rel}","templated":true}]}}