{"id":13395,"date":"2026-03-31T22:58:13","date_gmt":"2026-03-31T20:58:13","guid":{"rendered":"https:\/\/weinhundert.com\/produkt\/neil-ellis-whitehall-chardonnay-elgin-2016-075-l\/"},"modified":"2026-04-02T13:53:15","modified_gmt":"2026-04-02T11:53:15","slug":"neil-ellis-whitehall-chardonnay-elgin-2016-075-l","status":"publish","type":"product","link":"https:\/\/weinhundert.com\/da\/produkt\/neil-ellis-whitehall-chardonnay-elgin-2016-075-l\/","title":{"rendered":"Neil Ellis Whitehall Chardonnay Elgin 2016 0,75 l"},"content":{"rendered":"<p>Tauche ein in die sonnigen Gefilde S\u00fcdafrikas mit dem Neil Ellis Whitehall Chardonnay aus dem Jahr 2016. Dieser Wei\u00dfwein aus der malerischen Region Elgin begeistert mit seiner frischen Art und einer wunderbaren Fruchtf\u00fclle, die an saftige Pfirsiche und knackige \u00c4pfel erinnert. Mit einem Hauch von Vanille und einem feinen, mineralischen Finish ist er der perfekte Begleiter f\u00fcr dein n\u00e4chstes Dinner. Ob zu gegrilltem Fisch, einer cremigen Pasta oder einfach solo auf der Terrasse \u2013 dieser Chardonnay bringt Urlaubsgef\u00fchle direkt in dein Glas. Lass dich von seiner charmanten Art verf\u00fchren und genie\u00dfe einen Schluck S\u00fcdafrika!<\/p>\n","protected":false},"excerpt":{"rendered":"<p>S\u00fcdafrikanischer Chardonnay mit Pfirsich- und Apfelaromen, feiner Mineralit\u00e4t und Vanillenoten \u2013 reiner Genuss.<\/p>\n","protected":false},"featured_media":13520,"comment_status":"open","ping_status":"closed","template":"","meta":{"_acf_changed":false,"_et_pb_use_builder":"","_et_pb_old_content":"","_et_gb_content_width":"","inline_featured_image":false,"_price":"16.99","_stock":"1","_tribe_ticket_header":"","_tribe_default_ticket_provider":"","_tribe_ticket_capacity":"","_ticket_start_date":"","_ticket_end_date":"","_tribe_ticket_show_description":"","_tribe_ticket_show_not_going":false,"_tribe_ticket_use_global_stock":"","_tribe_ticket_global_stock_level":"","_global_stock_mode":"","_global_stock_cap":"","_tribe_rsvp_for_event":"","_tribe_ticket_going_count":"","_tribe_ticket_not_going_count":"","_tribe_tickets_list":"[]","_tribe_ticket_has_attendee_info_fields":false,"_tec_slr_enabled":"","_tec_slr_layout":""},"product_brand":[],"product_cat":[123],"product_tag":[],"class_list":{"0":"post-13395","1":"product","2":"type-product","3":"status-publish","4":"has-post-thumbnail","6":"product_cat-weisswein","8":"first","9":"instock","10":"taxable","11":"shipping-taxable","12":"purchasable","13":"product-type-simple"},"acf":[],"_links":{"self":[{"href":"https:\/\/weinhundert.com\/da\/wp-json\/wp\/v2\/product\/13395","targetHints":{"allow":["GET"]}}],"collection":[{"href":"https:\/\/weinhundert.com\/da\/wp-json\/wp\/v2\/product"}],"about":[{"href":"https:\/\/weinhundert.com\/da\/wp-json\/wp\/v2\/types\/product"}],"replies":[{"embeddable":true,"href":"https:\/\/weinhundert.com\/da\/wp-json\/wp\/v2\/comments?post=13395"}],"wp:featuredmedia":[{"embeddable":true,"href":"https:\/\/weinhundert.com\/da\/wp-json\/wp\/v2\/media\/13520"}],"wp:attachment":[{"href":"https:\/\/weinhundert.com\/da\/wp-json\/wp\/v2\/media?parent=13395"}],"wp:term":[{"taxonomy":"product_brand","embeddable":true,"href":"https:\/\/weinhundert.com\/da\/wp-json\/wp\/v2\/product_brand?post=13395"},{"taxonomy":"product_cat","embeddable":true,"href":"https:\/\/weinhundert.com\/da\/wp-json\/wp\/v2\/product_cat?post=13395"},{"taxonomy":"product_tag","embeddable":true,"href":"https:\/\/weinhundert.com\/da\/wp-json\/wp\/v2\/product_tag?post=13395"}],"curies":[{"name":"wp","href":"https:\/\/api.w.org\/{rel}","templated":true}]}}