{"id":13412,"date":"2026-03-31T22:59:06","date_gmt":"2026-03-31T20:59:06","guid":{"rendered":"https:\/\/weinhundert.com\/produkt\/ramey-annum-cabernet-sauvignon-2013-150-l\/"},"modified":"2026-04-02T13:53:34","modified_gmt":"2026-04-02T11:53:34","slug":"ramey-annum-cabernet-sauvignon-2013-150-l","status":"publish","type":"product","link":"https:\/\/weinhundert.com\/da\/produkt\/ramey-annum-cabernet-sauvignon-2013-150-l\/","title":{"rendered":"Ramey Annum Cabernet Sauvignon 2013 1,50 l"},"content":{"rendered":"<p>Der Ramey Annum Cabernet Sauvignon aus dem Jahrgang 2013 ist ein echtes Highlight aus Kalifornien, das dir ein St\u00fcck Sonne und Lebensfreude ins Glas zaubert. Mit seinem vollen, fruchtigen Charakter und den feinen Nuancen von dunklen Beeren und etwas Schokolade ist er wie ein herzlicher Umarmung an einem k\u00fchlen Abend. Dieser Wein hat das gewisse Etwas, das ihn zu einem perfekten Begleiter f\u00fcr ein gem\u00fctliches Dinner mit Freunden macht, vielleicht zu einem saftigen Steak oder einem herzhaften Auflauf. Lass dich von diesem kalifornischen Genuss verf\u00fchren und genie\u00dfe jeden Schluck in vollen Z\u00fcgen!<\/p>\n","protected":false},"excerpt":{"rendered":"<p>Kalifornischer Klassiker mit dunklen Beeren und Schokolade \u2013 vollmundig, verf\u00fcrerisch und perfekt zum Steak.<\/p>\n","protected":false},"featured_media":13535,"comment_status":"open","ping_status":"closed","template":"","meta":{"_acf_changed":false,"_et_pb_use_builder":"","_et_pb_old_content":"","_et_gb_content_width":"","inline_featured_image":false,"_price":"270.00","_stock":"1","_tribe_ticket_header":"","_tribe_default_ticket_provider":"","_tribe_ticket_capacity":"","_ticket_start_date":"","_ticket_end_date":"","_tribe_ticket_show_description":"","_tribe_ticket_show_not_going":false,"_tribe_ticket_use_global_stock":"","_tribe_ticket_global_stock_level":"","_global_stock_mode":"","_global_stock_cap":"","_tribe_rsvp_for_event":"","_tribe_ticket_going_count":"","_tribe_ticket_not_going_count":"","_tribe_tickets_list":"[]","_tribe_ticket_has_attendee_info_fields":false,"_tec_slr_enabled":"","_tec_slr_layout":""},"product_brand":[],"product_cat":[124],"product_tag":[],"class_list":{"0":"post-13412","1":"product","2":"type-product","3":"status-publish","4":"has-post-thumbnail","6":"product_cat-rotwein","8":"first","9":"instock","10":"taxable","11":"shipping-taxable","12":"purchasable","13":"product-type-simple"},"acf":[],"_links":{"self":[{"href":"https:\/\/weinhundert.com\/da\/wp-json\/wp\/v2\/product\/13412","targetHints":{"allow":["GET"]}}],"collection":[{"href":"https:\/\/weinhundert.com\/da\/wp-json\/wp\/v2\/product"}],"about":[{"href":"https:\/\/weinhundert.com\/da\/wp-json\/wp\/v2\/types\/product"}],"replies":[{"embeddable":true,"href":"https:\/\/weinhundert.com\/da\/wp-json\/wp\/v2\/comments?post=13412"}],"wp:featuredmedia":[{"embeddable":true,"href":"https:\/\/weinhundert.com\/da\/wp-json\/wp\/v2\/media\/13535"}],"wp:attachment":[{"href":"https:\/\/weinhundert.com\/da\/wp-json\/wp\/v2\/media?parent=13412"}],"wp:term":[{"taxonomy":"product_brand","embeddable":true,"href":"https:\/\/weinhundert.com\/da\/wp-json\/wp\/v2\/product_brand?post=13412"},{"taxonomy":"product_cat","embeddable":true,"href":"https:\/\/weinhundert.com\/da\/wp-json\/wp\/v2\/product_cat?post=13412"},{"taxonomy":"product_tag","embeddable":true,"href":"https:\/\/weinhundert.com\/da\/wp-json\/wp\/v2\/product_tag?post=13412"}],"curies":[{"name":"wp","href":"https:\/\/api.w.org\/{rel}","templated":true}]}}