{"id":13440,"date":"2026-03-31T23:00:37","date_gmt":"2026-03-31T21:00:37","guid":{"rendered":"https:\/\/weinhundert.com\/produkt\/ramey-chardonnay-platt-2012-075-l\/"},"modified":"2026-04-02T13:54:01","modified_gmt":"2026-04-02T11:54:01","slug":"ramey-chardonnay-platt-2012-075-l","status":"publish","type":"product","link":"https:\/\/weinhundert.com\/da\/produkt\/ramey-chardonnay-platt-2012-075-l\/","title":{"rendered":"Ramey Chardonnay Platt  2012 0,75 l"},"content":{"rendered":"<p>Dieser kalifornische Chardonnay aus dem Platt Vineyard zeigt, warum Ramey Wine Cellars im kalifornischen Weingesch\u00e4ft einen so guten Ruf hat. Der 2012er hat Reife und Substanz entwickelt und pr\u00e4sentiert sich mit feinen Citrusnoten, cremiger Textur und einem w\u00fcrzigen Holztouch, der alles zusammenh\u00e4lt. Das Spiel zwischen Frische und F\u00fclle macht ihn zum perfekten Allrounder \u2013 ob du ihn zu gebratenem Fisch, cremigen Pastasaucen oder leichtem Gefl\u00fcgel servierst.<\/p>\n","protected":false},"excerpt":{"rendered":"<p>Kalifornischer Chardonnay mit Reife und Tiefe. Cremig, aromatisch und wunderbar vielseitig.<\/p>\n","protected":false},"featured_media":13557,"comment_status":"open","ping_status":"closed","template":"","meta":{"_acf_changed":false,"_et_pb_use_builder":"","_et_pb_old_content":"","_et_gb_content_width":"","inline_featured_image":false,"_price":"69.90","_stock":"-1","_tribe_ticket_header":"","_tribe_default_ticket_provider":"","_tribe_ticket_capacity":"","_ticket_start_date":"","_ticket_end_date":"","_tribe_ticket_show_description":"","_tribe_ticket_show_not_going":false,"_tribe_ticket_use_global_stock":"","_tribe_ticket_global_stock_level":"","_global_stock_mode":"","_global_stock_cap":"","_tribe_rsvp_for_event":"","_tribe_ticket_going_count":"","_tribe_ticket_not_going_count":"","_tribe_tickets_list":"[]","_tribe_ticket_has_attendee_info_fields":false,"_tec_slr_enabled":"","_tec_slr_layout":""},"product_brand":[],"product_cat":[123],"product_tag":[],"class_list":{"0":"post-13440","1":"product","2":"type-product","3":"status-publish","4":"has-post-thumbnail","6":"product_cat-weisswein","8":"first","9":"outofstock","10":"taxable","11":"shipping-taxable","12":"purchasable","13":"product-type-simple"},"acf":[],"_links":{"self":[{"href":"https:\/\/weinhundert.com\/da\/wp-json\/wp\/v2\/product\/13440","targetHints":{"allow":["GET"]}}],"collection":[{"href":"https:\/\/weinhundert.com\/da\/wp-json\/wp\/v2\/product"}],"about":[{"href":"https:\/\/weinhundert.com\/da\/wp-json\/wp\/v2\/types\/product"}],"replies":[{"embeddable":true,"href":"https:\/\/weinhundert.com\/da\/wp-json\/wp\/v2\/comments?post=13440"}],"wp:featuredmedia":[{"embeddable":true,"href":"https:\/\/weinhundert.com\/da\/wp-json\/wp\/v2\/media\/13557"}],"wp:attachment":[{"href":"https:\/\/weinhundert.com\/da\/wp-json\/wp\/v2\/media?parent=13440"}],"wp:term":[{"taxonomy":"product_brand","embeddable":true,"href":"https:\/\/weinhundert.com\/da\/wp-json\/wp\/v2\/product_brand?post=13440"},{"taxonomy":"product_cat","embeddable":true,"href":"https:\/\/weinhundert.com\/da\/wp-json\/wp\/v2\/product_cat?post=13440"},{"taxonomy":"product_tag","embeddable":true,"href":"https:\/\/weinhundert.com\/da\/wp-json\/wp\/v2\/product_tag?post=13440"}],"curies":[{"name":"wp","href":"https:\/\/api.w.org\/{rel}","templated":true}]}}