{"id":13473,"date":"2026-03-31T23:02:40","date_gmt":"2026-03-31T21:02:40","guid":{"rendered":"https:\/\/weinhundert.com\/produkt\/schl-vollrads-1211-riesling-2016-075-l\/"},"modified":"2026-04-02T13:54:43","modified_gmt":"2026-04-02T11:54:43","slug":"schl-vollrads-1211-riesling-2016-075-l","status":"publish","type":"product","link":"https:\/\/weinhundert.com\/da\/produkt\/schl-vollrads-1211-riesling-2016-075-l\/","title":{"rendered":"Schl.Vollrads 1211 Riesling  2016 0,75 l"},"content":{"rendered":"<p>Der Schl.Vollrads 1211 Riesling aus dem Jahr 2016 bringt ein St\u00fcck Rheingau direkt in dein Glas! Mit seinen fruchtigen Aromen und einem Hauch von spritziger Frische ist dieser Wei\u00dfwein der perfekte Begleiter f\u00fcr gesellige Abende. Du wirst die knackigen Noten von gr\u00fcnem Apfel und Zitrusfr\u00fcchten lieben, die in einer angenehmen Leichtigkeit daherkommen. Ideal zu leichten Gerichten wie einem frischen Salat mit Ziegenk\u00e4se oder einem zarten Fischfilet \u2013 dieser Riesling sorgt f\u00fcr einen echten Genussmoment. G\u00f6nn dir eine Auszeit und lass dich von diesem tollen Wein verf\u00fchren!<\/p>\n","protected":false},"excerpt":{"rendered":"<p>Rheingauer Riesling mit fruchtigen Aromen, spritziger Frische und knackigen Zitrusnoten \u2013 perfekt zu leichten Gerichten.<\/p>\n","protected":false},"featured_media":13585,"comment_status":"open","ping_status":"closed","template":"","meta":{"_acf_changed":false,"_et_pb_use_builder":"","_et_pb_old_content":"","_et_gb_content_width":"","inline_featured_image":false,"_price":"99.90","_stock":"6","_tribe_ticket_header":"","_tribe_default_ticket_provider":"","_tribe_ticket_capacity":"","_ticket_start_date":"","_ticket_end_date":"","_tribe_ticket_show_description":"","_tribe_ticket_show_not_going":false,"_tribe_ticket_use_global_stock":"","_tribe_ticket_global_stock_level":"","_global_stock_mode":"","_global_stock_cap":"","_tribe_rsvp_for_event":"","_tribe_ticket_going_count":"","_tribe_ticket_not_going_count":"","_tribe_tickets_list":"[]","_tribe_ticket_has_attendee_info_fields":false,"_tec_slr_enabled":"","_tec_slr_layout":""},"product_brand":[],"product_cat":[123],"product_tag":[],"class_list":{"0":"post-13473","1":"product","2":"type-product","3":"status-publish","4":"has-post-thumbnail","6":"product_cat-weisswein","8":"first","9":"instock","10":"taxable","11":"shipping-taxable","12":"purchasable","13":"product-type-simple"},"acf":[],"_links":{"self":[{"href":"https:\/\/weinhundert.com\/da\/wp-json\/wp\/v2\/product\/13473","targetHints":{"allow":["GET"]}}],"collection":[{"href":"https:\/\/weinhundert.com\/da\/wp-json\/wp\/v2\/product"}],"about":[{"href":"https:\/\/weinhundert.com\/da\/wp-json\/wp\/v2\/types\/product"}],"replies":[{"embeddable":true,"href":"https:\/\/weinhundert.com\/da\/wp-json\/wp\/v2\/comments?post=13473"}],"wp:featuredmedia":[{"embeddable":true,"href":"https:\/\/weinhundert.com\/da\/wp-json\/wp\/v2\/media\/13585"}],"wp:attachment":[{"href":"https:\/\/weinhundert.com\/da\/wp-json\/wp\/v2\/media?parent=13473"}],"wp:term":[{"taxonomy":"product_brand","embeddable":true,"href":"https:\/\/weinhundert.com\/da\/wp-json\/wp\/v2\/product_brand?post=13473"},{"taxonomy":"product_cat","embeddable":true,"href":"https:\/\/weinhundert.com\/da\/wp-json\/wp\/v2\/product_cat?post=13473"},{"taxonomy":"product_tag","embeddable":true,"href":"https:\/\/weinhundert.com\/da\/wp-json\/wp\/v2\/product_tag?post=13473"}],"curies":[{"name":"wp","href":"https:\/\/api.w.org\/{rel}","templated":true}]}}