{"id":13481,"date":"2026-03-31T23:03:09","date_gmt":"2026-03-31T21:03:09","guid":{"rendered":"https:\/\/weinhundert.com\/produkt\/cusumano-nero-davola-2016-075-l\/"},"modified":"2026-04-02T13:54:55","modified_gmt":"2026-04-02T11:54:55","slug":"cusumano-nero-davola-2016-075-l","status":"publish","type":"product","link":"https:\/\/weinhundert.com\/da\/produkt\/cusumano-nero-davola-2016-075-l\/","title":{"rendered":"Cusumano Nero d&#8217;Avola 2016 0,75 l"},"content":{"rendered":"<p>Dieser Nero d&#8217;Avola aus Sizilien zeigt dir, warum die s\u00fcditalienische Rebsorte so eine treue Fangemeinde hat. Mit seinen reifen Kirsch- und Pflaumennoten sowie einer feinen W\u00fcrzigkeit ist dieser Wein ein absoluter Allrounder \u2013 ob solo am Feierabend oder beim Essen mit Freunden. Der 2016er Jahrgang hat sch\u00f6ne Reife entwickelt und trinkt sich herrlich unkompliziert, ohne dabei an Charakter zu sparen. Passt perfekt zu kr\u00e4ftigen Pasta-Gerichten, gegrilltem Fleisch oder auch zu manchem guten K\u00e4se.<\/p>\n","protected":false},"excerpt":{"rendered":"<p>Reife Frucht, W\u00fcrze und s\u00fcditalienischer Charakter. Der perfekte Alltagswein aus Sizilien mit Genussfaktor.<\/p>\n","protected":false},"featured_media":13594,"comment_status":"open","ping_status":"closed","template":"","meta":{"_acf_changed":false,"_et_pb_use_builder":"","_et_pb_old_content":"","_et_gb_content_width":"","inline_featured_image":false,"_price":"6.99","_stock":"-1","_tribe_ticket_header":"","_tribe_default_ticket_provider":"","_tribe_ticket_capacity":"","_ticket_start_date":"","_ticket_end_date":"","_tribe_ticket_show_description":"","_tribe_ticket_show_not_going":false,"_tribe_ticket_use_global_stock":"","_tribe_ticket_global_stock_level":"","_global_stock_mode":"","_global_stock_cap":"","_tribe_rsvp_for_event":"","_tribe_ticket_going_count":"","_tribe_ticket_not_going_count":"","_tribe_tickets_list":"[]","_tribe_ticket_has_attendee_info_fields":false,"_tec_slr_enabled":"","_tec_slr_layout":""},"product_brand":[],"product_cat":[124],"product_tag":[],"class_list":{"0":"post-13481","1":"product","2":"type-product","3":"status-publish","4":"has-post-thumbnail","6":"product_cat-rotwein","8":"first","9":"outofstock","10":"taxable","11":"shipping-taxable","12":"purchasable","13":"product-type-simple"},"acf":[],"_links":{"self":[{"href":"https:\/\/weinhundert.com\/da\/wp-json\/wp\/v2\/product\/13481","targetHints":{"allow":["GET"]}}],"collection":[{"href":"https:\/\/weinhundert.com\/da\/wp-json\/wp\/v2\/product"}],"about":[{"href":"https:\/\/weinhundert.com\/da\/wp-json\/wp\/v2\/types\/product"}],"replies":[{"embeddable":true,"href":"https:\/\/weinhundert.com\/da\/wp-json\/wp\/v2\/comments?post=13481"}],"wp:featuredmedia":[{"embeddable":true,"href":"https:\/\/weinhundert.com\/da\/wp-json\/wp\/v2\/media\/13594"}],"wp:attachment":[{"href":"https:\/\/weinhundert.com\/da\/wp-json\/wp\/v2\/media?parent=13481"}],"wp:term":[{"taxonomy":"product_brand","embeddable":true,"href":"https:\/\/weinhundert.com\/da\/wp-json\/wp\/v2\/product_brand?post=13481"},{"taxonomy":"product_cat","embeddable":true,"href":"https:\/\/weinhundert.com\/da\/wp-json\/wp\/v2\/product_cat?post=13481"},{"taxonomy":"product_tag","embeddable":true,"href":"https:\/\/weinhundert.com\/da\/wp-json\/wp\/v2\/product_tag?post=13481"}],"curies":[{"name":"wp","href":"https:\/\/api.w.org\/{rel}","templated":true}]}}