{"id":13503,"date":"2026-03-31T23:04:21","date_gmt":"2026-03-31T21:04:21","guid":{"rendered":"https:\/\/weinhundert.com\/produkt\/domaines-ott-clos-mireille-blanc-2017-075-l\/"},"modified":"2026-04-02T13:55:21","modified_gmt":"2026-04-02T11:55:21","slug":"domaines-ott-clos-mireille-blanc-2017-075-l","status":"publish","type":"product","link":"https:\/\/weinhundert.com\/da\/produkt\/domaines-ott-clos-mireille-blanc-2017-075-l\/","title":{"rendered":"Domaines Ott Clos Mireille Blanc 2017 0,75 l"},"content":{"rendered":"<p>Der Domaines Ott Clos Mireille Blanc 2017 aus der malerischen Provence ist wie ein Sonnenstrahl an einem warmen Sommertag. Dieser Wei\u00dfwein begeistert mit dem fruchtigen Charme von reifen Zitrusfr\u00fcchten und einem Hauch von bl\u00fchendem Jasmin, der dir sofort Urlaubsfeeling beschert. Die Kombination aus Semillon und Rolle bringt eine frische Note mit sich, die perfekt zu einem gem\u00fctlichen Abend auf der Terrasse passt. G\u00f6nn dir diesen Wein zu einem leichten Fischgericht oder einem knackigen Salat \u2013 das wird ein Genuss! Lass dich von der Lebensfreude der Provence mitrei\u00dfen und bring ein St\u00fcckchen Urlaub in dein Glas.<\/p>\n","protected":false},"excerpt":{"rendered":"<p>Sonniger Provence-Wei\u00dfwein mit verf\u00fchrerischen Zitrusnoten und Jasminduft \u2013 purer Urlaubsgenuss im Glas.<\/p>\n","protected":false},"featured_media":13612,"comment_status":"open","ping_status":"closed","template":"","meta":{"_acf_changed":false,"_et_pb_use_builder":"","_et_pb_old_content":"","_et_gb_content_width":"","inline_featured_image":false,"_price":"23.90","_stock":"1","_tribe_ticket_header":"","_tribe_default_ticket_provider":"","_tribe_ticket_capacity":"","_ticket_start_date":"","_ticket_end_date":"","_tribe_ticket_show_description":"","_tribe_ticket_show_not_going":false,"_tribe_ticket_use_global_stock":"","_tribe_ticket_global_stock_level":"","_global_stock_mode":"","_global_stock_cap":"","_tribe_rsvp_for_event":"","_tribe_ticket_going_count":"","_tribe_ticket_not_going_count":"","_tribe_tickets_list":"[]","_tribe_ticket_has_attendee_info_fields":false,"_tec_slr_enabled":"","_tec_slr_layout":""},"product_brand":[],"product_cat":[123],"product_tag":[],"class_list":{"0":"post-13503","1":"product","2":"type-product","3":"status-publish","4":"has-post-thumbnail","6":"product_cat-weisswein","8":"first","9":"instock","10":"taxable","11":"shipping-taxable","12":"purchasable","13":"product-type-simple"},"acf":[],"_links":{"self":[{"href":"https:\/\/weinhundert.com\/da\/wp-json\/wp\/v2\/product\/13503","targetHints":{"allow":["GET"]}}],"collection":[{"href":"https:\/\/weinhundert.com\/da\/wp-json\/wp\/v2\/product"}],"about":[{"href":"https:\/\/weinhundert.com\/da\/wp-json\/wp\/v2\/types\/product"}],"replies":[{"embeddable":true,"href":"https:\/\/weinhundert.com\/da\/wp-json\/wp\/v2\/comments?post=13503"}],"wp:featuredmedia":[{"embeddable":true,"href":"https:\/\/weinhundert.com\/da\/wp-json\/wp\/v2\/media\/13612"}],"wp:attachment":[{"href":"https:\/\/weinhundert.com\/da\/wp-json\/wp\/v2\/media?parent=13503"}],"wp:term":[{"taxonomy":"product_brand","embeddable":true,"href":"https:\/\/weinhundert.com\/da\/wp-json\/wp\/v2\/product_brand?post=13503"},{"taxonomy":"product_cat","embeddable":true,"href":"https:\/\/weinhundert.com\/da\/wp-json\/wp\/v2\/product_cat?post=13503"},{"taxonomy":"product_tag","embeddable":true,"href":"https:\/\/weinhundert.com\/da\/wp-json\/wp\/v2\/product_tag?post=13503"}],"curies":[{"name":"wp","href":"https:\/\/api.w.org\/{rel}","templated":true}]}}