{"id":13506,"date":"2026-03-31T23:04:35","date_gmt":"2026-03-31T21:04:35","guid":{"rendered":"https:\/\/weinhundert.com\/produkt\/vega-sicilia-unico-2005-075-l\/"},"modified":"2026-04-02T13:55:26","modified_gmt":"2026-04-02T11:55:26","slug":"vega-sicilia-unico-2005-075-l","status":"publish","type":"product","link":"https:\/\/weinhundert.com\/da\/produkt\/vega-sicilia-unico-2005-075-l\/","title":{"rendered":"Vega Sicilia Unico  2005 0,75 l"},"content":{"rendered":"<p>Wenn du auf der Suche nach einem Wein bist, der Geschichten erz\u00e4hlt, dann solltest du unbedingt den Vega Sicilia Unico 2005 aus der Ribera del Duero probieren. Dieser Rotwein ist wie ein guter Freund, der dich mit jedem Schluck auf eine Reise durch die spanische Landschaft mitnimmt. Die Tinto Fino Trauben bringen fruchtige Aromen von reifen Kirschen und Pflaumen ins Glas, w\u00e4hrend subtile Noten von Vanille und Gew\u00fcrzen das Ganze abrunden. Mit seinen 14,5 % Alkohol ist er ein kraftvoller Begleiter, der perfekt zu einem saftigen Lammsteak oder einer herzhaften Paella passt. \u00d6ffne eine Flasche, lehne dich zur\u00fcck und genie\u00dfe das s\u00fcdl\u00e4ndische Lebensgef\u00fchl!<\/p>\n","protected":false},"excerpt":{"rendered":"<p>Kraftvoller Klassiker aus Spanien: Kirsche, Pflaume, Vanille und Gew\u00fcrze in harmonischer Einheit.<\/p>\n","protected":false},"featured_media":13616,"comment_status":"open","ping_status":"closed","template":"","meta":{"_acf_changed":false,"_et_pb_use_builder":"","_et_pb_old_content":"","_et_gb_content_width":"","inline_featured_image":false,"_price":"329.00","_stock":"-1","_tribe_ticket_header":"","_tribe_default_ticket_provider":"","_tribe_ticket_capacity":"","_ticket_start_date":"","_ticket_end_date":"","_tribe_ticket_show_description":"","_tribe_ticket_show_not_going":false,"_tribe_ticket_use_global_stock":"","_tribe_ticket_global_stock_level":"","_global_stock_mode":"","_global_stock_cap":"","_tribe_rsvp_for_event":"","_tribe_ticket_going_count":"","_tribe_ticket_not_going_count":"","_tribe_tickets_list":"[]","_tribe_ticket_has_attendee_info_fields":false,"_tec_slr_enabled":"","_tec_slr_layout":""},"product_brand":[],"product_cat":[124],"product_tag":[],"class_list":{"0":"post-13506","1":"product","2":"type-product","3":"status-publish","4":"has-post-thumbnail","6":"product_cat-rotwein","8":"first","9":"outofstock","10":"taxable","11":"shipping-taxable","12":"purchasable","13":"product-type-simple"},"acf":[],"_links":{"self":[{"href":"https:\/\/weinhundert.com\/da\/wp-json\/wp\/v2\/product\/13506","targetHints":{"allow":["GET"]}}],"collection":[{"href":"https:\/\/weinhundert.com\/da\/wp-json\/wp\/v2\/product"}],"about":[{"href":"https:\/\/weinhundert.com\/da\/wp-json\/wp\/v2\/types\/product"}],"replies":[{"embeddable":true,"href":"https:\/\/weinhundert.com\/da\/wp-json\/wp\/v2\/comments?post=13506"}],"wp:featuredmedia":[{"embeddable":true,"href":"https:\/\/weinhundert.com\/da\/wp-json\/wp\/v2\/media\/13616"}],"wp:attachment":[{"href":"https:\/\/weinhundert.com\/da\/wp-json\/wp\/v2\/media?parent=13506"}],"wp:term":[{"taxonomy":"product_brand","embeddable":true,"href":"https:\/\/weinhundert.com\/da\/wp-json\/wp\/v2\/product_brand?post=13506"},{"taxonomy":"product_cat","embeddable":true,"href":"https:\/\/weinhundert.com\/da\/wp-json\/wp\/v2\/product_cat?post=13506"},{"taxonomy":"product_tag","embeddable":true,"href":"https:\/\/weinhundert.com\/da\/wp-json\/wp\/v2\/product_tag?post=13506"}],"curies":[{"name":"wp","href":"https:\/\/api.w.org\/{rel}","templated":true}]}}