{"id":13522,"date":"2026-03-31T23:05:39","date_gmt":"2026-03-31T21:05:39","guid":{"rendered":"https:\/\/weinhundert.com\/produkt\/trimbach-riesling-clos-sainte-hune-2012-075-l\/"},"modified":"2026-04-02T13:55:49","modified_gmt":"2026-04-02T11:55:49","slug":"trimbach-riesling-clos-sainte-hune-2012-075-l","status":"publish","type":"product","link":"https:\/\/weinhundert.com\/da\/produkt\/trimbach-riesling-clos-sainte-hune-2012-075-l\/","title":{"rendered":"Trimbach Riesling Clos Sainte Hune 2012 0,75 l"},"content":{"rendered":"<p>Dieser Riesling aus dem legend\u00e4ren Clos Sainte Hune ist ein echtes Schwergewicht unter den Alsace-Weinen \u2013 2012 war ein gro\u00dfes Jahr f\u00fcr diese Lage. Das Weingut Trimbach bewirtschaftet dieses winzige, nur 1,8 Hektar gro\u00dfe Weinberg-Monopol seit Generationen mit gro\u00dfer Sorgfalt, und das schmeckt man deutlich. Im Glas offenbaren sich mineralische Noten mit zartem Steinobst und einer bemerkenswerten Frische, die den Wein unglaublich ausgewogen macht. Lass ihn zu Fisch, Meeresfr\u00fcchten oder einer guten K\u00e4seplatte tanzen.<\/p>\n","protected":false},"excerpt":{"rendered":"<p>Mineralischer Riesling-Klassiker aus dem ber\u00fchmten Clos Sainte Hune \u2013 authentische Alsace-Qualit\u00e4t seit Generationen.<\/p>\n","protected":false},"featured_media":13633,"comment_status":"open","ping_status":"closed","template":"","meta":{"_acf_changed":false,"_et_pb_use_builder":"","_et_pb_old_content":"","_et_gb_content_width":"","inline_featured_image":false,"_price":"159.00","_stock":"-1","_tribe_ticket_header":"","_tribe_default_ticket_provider":"","_tribe_ticket_capacity":"","_ticket_start_date":"","_ticket_end_date":"","_tribe_ticket_show_description":"","_tribe_ticket_show_not_going":false,"_tribe_ticket_use_global_stock":"","_tribe_ticket_global_stock_level":"","_global_stock_mode":"","_global_stock_cap":"","_tribe_rsvp_for_event":"","_tribe_ticket_going_count":"","_tribe_ticket_not_going_count":"","_tribe_tickets_list":"[]","_tribe_ticket_has_attendee_info_fields":false,"_tec_slr_enabled":"","_tec_slr_layout":""},"product_brand":[],"product_cat":[123],"product_tag":[],"class_list":{"0":"post-13522","1":"product","2":"type-product","3":"status-publish","4":"has-post-thumbnail","6":"product_cat-weisswein","8":"first","9":"outofstock","10":"taxable","11":"shipping-taxable","12":"purchasable","13":"product-type-simple"},"acf":[],"_links":{"self":[{"href":"https:\/\/weinhundert.com\/da\/wp-json\/wp\/v2\/product\/13522","targetHints":{"allow":["GET"]}}],"collection":[{"href":"https:\/\/weinhundert.com\/da\/wp-json\/wp\/v2\/product"}],"about":[{"href":"https:\/\/weinhundert.com\/da\/wp-json\/wp\/v2\/types\/product"}],"replies":[{"embeddable":true,"href":"https:\/\/weinhundert.com\/da\/wp-json\/wp\/v2\/comments?post=13522"}],"wp:featuredmedia":[{"embeddable":true,"href":"https:\/\/weinhundert.com\/da\/wp-json\/wp\/v2\/media\/13633"}],"wp:attachment":[{"href":"https:\/\/weinhundert.com\/da\/wp-json\/wp\/v2\/media?parent=13522"}],"wp:term":[{"taxonomy":"product_brand","embeddable":true,"href":"https:\/\/weinhundert.com\/da\/wp-json\/wp\/v2\/product_brand?post=13522"},{"taxonomy":"product_cat","embeddable":true,"href":"https:\/\/weinhundert.com\/da\/wp-json\/wp\/v2\/product_cat?post=13522"},{"taxonomy":"product_tag","embeddable":true,"href":"https:\/\/weinhundert.com\/da\/wp-json\/wp\/v2\/product_tag?post=13522"}],"curies":[{"name":"wp","href":"https:\/\/api.w.org\/{rel}","templated":true}]}}