{"id":13526,"date":"2026-03-31T23:05:53","date_gmt":"2026-03-31T21:05:53","guid":{"rendered":"https:\/\/weinhundert.com\/produkt\/domaine-des-perdrix-bourgogne-pinot-noir-2015-075-l\/"},"modified":"2026-04-02T13:55:53","modified_gmt":"2026-04-02T11:55:53","slug":"domaine-des-perdrix-bourgogne-pinot-noir-2015-075-l","status":"publish","type":"product","link":"https:\/\/weinhundert.com\/da\/produkt\/domaine-des-perdrix-bourgogne-pinot-noir-2015-075-l\/","title":{"rendered":"Domaine des Perdrix Bourgogne Pinot Noir 2015 0,75 l"},"content":{"rendered":"<p>Dieser Pinot Noir aus Burgund zeigt dir, warum diese Rebsorte einfach zeitlos ist \u2013 frische Kirsche, ein Hauch Waldbeeren und dezente erdige Noten, die richtig Lust auf mehr machen. Mit 13 Prozent Alkohol sitzt er perfekt im Gleichgewicht und trinkt sich herrlich leicht weg, ohne dabei an Charakter zu verlieren. Die Domaine des Perdrix wei\u00df, wie man authentischen, unpr\u00e4tenti\u00f6sen Wein macht, der einfach Spa\u00df bringt. Perfekt zu Coq au Vin, Entenbrust oder auch zu w\u00fcrzigen Pilzgerichten \u2013 dieser Wein ist dein zuverl\u00e4ssiger Begleiter beim Dinner mit Freunden.<\/p>\n","protected":false},"excerpt":{"rendered":"<p>Authentischer Burgunder mit Kirsche und Waldbeeren \u2013 frisch, leicht, gro\u00dfer Spa\u00df im Glas.<\/p>\n","protected":false},"featured_media":13636,"comment_status":"open","ping_status":"closed","template":"","meta":{"_acf_changed":false,"_et_pb_use_builder":"","_et_pb_old_content":"","_et_gb_content_width":"","inline_featured_image":false,"_price":"29.90","_stock":"-1","_tribe_ticket_header":"","_tribe_default_ticket_provider":"","_tribe_ticket_capacity":"","_ticket_start_date":"","_ticket_end_date":"","_tribe_ticket_show_description":"","_tribe_ticket_show_not_going":false,"_tribe_ticket_use_global_stock":"","_tribe_ticket_global_stock_level":"","_global_stock_mode":"","_global_stock_cap":"","_tribe_rsvp_for_event":"","_tribe_ticket_going_count":"","_tribe_ticket_not_going_count":"","_tribe_tickets_list":"[]","_tribe_ticket_has_attendee_info_fields":false,"_tec_slr_enabled":"","_tec_slr_layout":""},"product_brand":[],"product_cat":[124],"product_tag":[],"class_list":{"0":"post-13526","1":"product","2":"type-product","3":"status-publish","4":"has-post-thumbnail","6":"product_cat-rotwein","8":"first","9":"outofstock","10":"taxable","11":"shipping-taxable","12":"purchasable","13":"product-type-simple"},"acf":[],"_links":{"self":[{"href":"https:\/\/weinhundert.com\/da\/wp-json\/wp\/v2\/product\/13526","targetHints":{"allow":["GET"]}}],"collection":[{"href":"https:\/\/weinhundert.com\/da\/wp-json\/wp\/v2\/product"}],"about":[{"href":"https:\/\/weinhundert.com\/da\/wp-json\/wp\/v2\/types\/product"}],"replies":[{"embeddable":true,"href":"https:\/\/weinhundert.com\/da\/wp-json\/wp\/v2\/comments?post=13526"}],"wp:featuredmedia":[{"embeddable":true,"href":"https:\/\/weinhundert.com\/da\/wp-json\/wp\/v2\/media\/13636"}],"wp:attachment":[{"href":"https:\/\/weinhundert.com\/da\/wp-json\/wp\/v2\/media?parent=13526"}],"wp:term":[{"taxonomy":"product_brand","embeddable":true,"href":"https:\/\/weinhundert.com\/da\/wp-json\/wp\/v2\/product_brand?post=13526"},{"taxonomy":"product_cat","embeddable":true,"href":"https:\/\/weinhundert.com\/da\/wp-json\/wp\/v2\/product_cat?post=13526"},{"taxonomy":"product_tag","embeddable":true,"href":"https:\/\/weinhundert.com\/da\/wp-json\/wp\/v2\/product_tag?post=13526"}],"curies":[{"name":"wp","href":"https:\/\/api.w.org\/{rel}","templated":true}]}}