{"id":13562,"date":"2026-03-31T23:07:59","date_gmt":"2026-03-31T21:07:59","guid":{"rendered":"https:\/\/weinhundert.com\/produkt\/chateau-climens-1er-cru-2009-038-l\/"},"modified":"2026-04-02T13:56:29","modified_gmt":"2026-04-02T11:56:29","slug":"chateau-climens-1er-cru-2009-038-l","status":"publish","type":"product","link":"https:\/\/weinhundert.com\/da\/produkt\/chateau-climens-1er-cru-2009-038-l\/","title":{"rendered":"Chateau Climens 1er Cru 2009 0,38 l"},"content":{"rendered":"<p>Dieser Sauternes aus dem Ch\u00e2teau Climens zeigt dir, warum S\u00fc\u00dfwein nicht s\u00fc\u00dflich sein muss \u2013 hier treffen intensive Aprikosen- und Honignoten auf eine saftige S\u00e4ure, die alles lebendig h\u00e4lt. Der 2009er Jahrgang hat Kraft und Finesse, die Semillon-Traube entfaltet sich mit feinen Botrytis-Noten und einer wunderbar konzentrierten Aromatik, ohne dabei zu erdr\u00fcckend zu wirken. Mit 14 Prozent Alkohol sitzt er im Sattel und bringt echte Substanz ins Glas. Passt perfekt zu Blauschimmelk\u00e4se, gebackenem Ziegenk\u00e4se oder auch zu einer Foie Gras \u2013 oder einfach solo zum Entspannen.<\/p>\n","protected":false},"excerpt":{"rendered":"<p>Sauternes mit Struktur: intensive Aprikose, feine Botrytis, 2009er Reife. Ein S\u00fc\u00dfer mit Biss.<\/p>\n","protected":false},"featured_media":13665,"comment_status":"open","ping_status":"closed","template":"","meta":{"_acf_changed":false,"_et_pb_use_builder":"","_et_pb_old_content":"","_et_gb_content_width":"","inline_featured_image":false,"_price":"49.90","_stock":"-1","_tribe_ticket_header":"","_tribe_default_ticket_provider":"","_tribe_ticket_capacity":"","_ticket_start_date":"","_ticket_end_date":"","_tribe_ticket_show_description":"","_tribe_ticket_show_not_going":false,"_tribe_ticket_use_global_stock":"","_tribe_ticket_global_stock_level":"","_global_stock_mode":"","_global_stock_cap":"","_tribe_rsvp_for_event":"","_tribe_ticket_going_count":"","_tribe_ticket_not_going_count":"","_tribe_tickets_list":"[]","_tribe_ticket_has_attendee_info_fields":false,"_tec_slr_enabled":"","_tec_slr_layout":""},"product_brand":[],"product_cat":[123],"product_tag":[],"class_list":{"0":"post-13562","1":"product","2":"type-product","3":"status-publish","4":"has-post-thumbnail","6":"product_cat-weisswein","8":"first","9":"outofstock","10":"taxable","11":"shipping-taxable","12":"purchasable","13":"product-type-simple"},"acf":[],"_links":{"self":[{"href":"https:\/\/weinhundert.com\/da\/wp-json\/wp\/v2\/product\/13562","targetHints":{"allow":["GET"]}}],"collection":[{"href":"https:\/\/weinhundert.com\/da\/wp-json\/wp\/v2\/product"}],"about":[{"href":"https:\/\/weinhundert.com\/da\/wp-json\/wp\/v2\/types\/product"}],"replies":[{"embeddable":true,"href":"https:\/\/weinhundert.com\/da\/wp-json\/wp\/v2\/comments?post=13562"}],"wp:featuredmedia":[{"embeddable":true,"href":"https:\/\/weinhundert.com\/da\/wp-json\/wp\/v2\/media\/13665"}],"wp:attachment":[{"href":"https:\/\/weinhundert.com\/da\/wp-json\/wp\/v2\/media?parent=13562"}],"wp:term":[{"taxonomy":"product_brand","embeddable":true,"href":"https:\/\/weinhundert.com\/da\/wp-json\/wp\/v2\/product_brand?post=13562"},{"taxonomy":"product_cat","embeddable":true,"href":"https:\/\/weinhundert.com\/da\/wp-json\/wp\/v2\/product_cat?post=13562"},{"taxonomy":"product_tag","embeddable":true,"href":"https:\/\/weinhundert.com\/da\/wp-json\/wp\/v2\/product_tag?post=13562"}],"curies":[{"name":"wp","href":"https:\/\/api.w.org\/{rel}","templated":true}]}}