{"id":13570,"date":"2026-03-31T23:08:28","date_gmt":"2026-03-31T21:08:28","guid":{"rendered":"https:\/\/weinhundert.com\/produkt\/chateau-climens-cypres-2011-038-l\/"},"modified":"2026-04-02T13:56:37","modified_gmt":"2026-04-02T11:56:37","slug":"chateau-climens-cypres-2011-038-l","status":"publish","type":"product","link":"https:\/\/weinhundert.com\/da\/produkt\/chateau-climens-cypres-2011-038-l\/","title":{"rendered":"Chateau Climens Cypres 2011 0,38 l"},"content":{"rendered":"<p>Dieser S\u00e9millon aus Barsac besticht mit seiner sonnigen Fruchtigkeit und einer sanften S\u00fc\u00dfe, die nicht aufdringlich wirkt. Der 2011er zeigt sich reif und vollmundig, mit feinen Honig- und Aprikosennoten, die dich sofort in die Weinberge von Bordeaux entf\u00fchren. Das ist genau der Wein f\u00fcr entspannte Momente mit Freunden oder als Begleiter zu w\u00fcrzigen Speisen. Lass dich von dieser klassischen franz\u00f6sischen Qualit\u00e4t verzaubern \u2013 perfekt zu feinem Fisch, Ziegenk\u00e4se oder s\u00fc\u00dfem Geb\u00e4ck.<\/p>\n","protected":false},"excerpt":{"rendered":"<p>Barsac-Klassiker mit Honig und Aprikose \u2013 reif, vollmundig, herrlich unkompliziert.<\/p>\n","protected":false},"featured_media":13671,"comment_status":"open","ping_status":"closed","template":"","meta":{"_acf_changed":false,"_et_pb_use_builder":"","_et_pb_old_content":"","_et_gb_content_width":"","inline_featured_image":false,"_price":"16.90","_stock":"1","_tribe_ticket_header":"","_tribe_default_ticket_provider":"","_tribe_ticket_capacity":"","_ticket_start_date":"","_ticket_end_date":"","_tribe_ticket_show_description":"","_tribe_ticket_show_not_going":false,"_tribe_ticket_use_global_stock":"","_tribe_ticket_global_stock_level":"","_global_stock_mode":"","_global_stock_cap":"","_tribe_rsvp_for_event":"","_tribe_ticket_going_count":"","_tribe_ticket_not_going_count":"","_tribe_tickets_list":"[]","_tribe_ticket_has_attendee_info_fields":false,"_tec_slr_enabled":"","_tec_slr_layout":""},"product_brand":[],"product_cat":[123],"product_tag":[],"class_list":{"0":"post-13570","1":"product","2":"type-product","3":"status-publish","4":"has-post-thumbnail","6":"product_cat-weisswein","8":"first","9":"instock","10":"taxable","11":"shipping-taxable","12":"purchasable","13":"product-type-simple"},"acf":[],"_links":{"self":[{"href":"https:\/\/weinhundert.com\/da\/wp-json\/wp\/v2\/product\/13570","targetHints":{"allow":["GET"]}}],"collection":[{"href":"https:\/\/weinhundert.com\/da\/wp-json\/wp\/v2\/product"}],"about":[{"href":"https:\/\/weinhundert.com\/da\/wp-json\/wp\/v2\/types\/product"}],"replies":[{"embeddable":true,"href":"https:\/\/weinhundert.com\/da\/wp-json\/wp\/v2\/comments?post=13570"}],"wp:featuredmedia":[{"embeddable":true,"href":"https:\/\/weinhundert.com\/da\/wp-json\/wp\/v2\/media\/13671"}],"wp:attachment":[{"href":"https:\/\/weinhundert.com\/da\/wp-json\/wp\/v2\/media?parent=13570"}],"wp:term":[{"taxonomy":"product_brand","embeddable":true,"href":"https:\/\/weinhundert.com\/da\/wp-json\/wp\/v2\/product_brand?post=13570"},{"taxonomy":"product_cat","embeddable":true,"href":"https:\/\/weinhundert.com\/da\/wp-json\/wp\/v2\/product_cat?post=13570"},{"taxonomy":"product_tag","embeddable":true,"href":"https:\/\/weinhundert.com\/da\/wp-json\/wp\/v2\/product_tag?post=13570"}],"curies":[{"name":"wp","href":"https:\/\/api.w.org\/{rel}","templated":true}]}}