{"id":13588,"date":"2026-03-31T23:09:36","date_gmt":"2026-03-31T21:09:36","guid":{"rendered":"https:\/\/weinhundert.com\/produkt\/e-guigal-gigondas-2013-075-l\/"},"modified":"2026-04-02T13:56:54","modified_gmt":"2026-04-02T11:56:54","slug":"e-guigal-gigondas-2013-075-l","status":"publish","type":"product","link":"https:\/\/weinhundert.com\/da\/produkt\/e-guigal-gigondas-2013-075-l\/","title":{"rendered":"E. Guigal Gigondas 2013 0,75 l"},"content":{"rendered":"<p>Dieser Grenache aus dem s\u00fcdlichen Rh\u00f4ne-Tal zeigt, warum Guigal bei Rotweinfreunden so beliebt ist. Mit 15 % Alkohol packt er richtig was rein \u2013 w\u00fcrzig, kraftvoll und gleichzeitig unkompliziert zu trinken. Die Aromen von dunklen Beeren und Kr\u00e4utern spielen dir auf der Zunge, ohne dabei zu \u00fcberfordern. Perfekt zu gegrilltem Fleisch, kr\u00e4ftigen Pasta-Saucen oder einfach zu einem guten Steak.<\/p>\n","protected":false},"excerpt":{"rendered":"<p>Kr\u00e4ftiger Grenache vom Rh\u00f4ne-Profi Guigal \u2013 w\u00fcrzig, kraftvoll und absolut verl\u00e4sslich.<\/p>\n","protected":false},"featured_media":13687,"comment_status":"open","ping_status":"closed","template":"","meta":{"_acf_changed":false,"_et_pb_use_builder":"","_et_pb_old_content":"","_et_gb_content_width":"","inline_featured_image":false,"_price":"21.90","_stock":"5","_tribe_ticket_header":"","_tribe_default_ticket_provider":"","_tribe_ticket_capacity":"","_ticket_start_date":"","_ticket_end_date":"","_tribe_ticket_show_description":"","_tribe_ticket_show_not_going":false,"_tribe_ticket_use_global_stock":"","_tribe_ticket_global_stock_level":"","_global_stock_mode":"","_global_stock_cap":"","_tribe_rsvp_for_event":"","_tribe_ticket_going_count":"","_tribe_ticket_not_going_count":"","_tribe_tickets_list":"[]","_tribe_ticket_has_attendee_info_fields":false,"_tec_slr_enabled":"","_tec_slr_layout":""},"product_brand":[],"product_cat":[124],"product_tag":[],"class_list":{"0":"post-13588","1":"product","2":"type-product","3":"status-publish","4":"has-post-thumbnail","6":"product_cat-rotwein","8":"first","9":"instock","10":"taxable","11":"shipping-taxable","12":"purchasable","13":"product-type-simple"},"acf":[],"_links":{"self":[{"href":"https:\/\/weinhundert.com\/da\/wp-json\/wp\/v2\/product\/13588","targetHints":{"allow":["GET"]}}],"collection":[{"href":"https:\/\/weinhundert.com\/da\/wp-json\/wp\/v2\/product"}],"about":[{"href":"https:\/\/weinhundert.com\/da\/wp-json\/wp\/v2\/types\/product"}],"replies":[{"embeddable":true,"href":"https:\/\/weinhundert.com\/da\/wp-json\/wp\/v2\/comments?post=13588"}],"wp:featuredmedia":[{"embeddable":true,"href":"https:\/\/weinhundert.com\/da\/wp-json\/wp\/v2\/media\/13687"}],"wp:attachment":[{"href":"https:\/\/weinhundert.com\/da\/wp-json\/wp\/v2\/media?parent=13588"}],"wp:term":[{"taxonomy":"product_brand","embeddable":true,"href":"https:\/\/weinhundert.com\/da\/wp-json\/wp\/v2\/product_brand?post=13588"},{"taxonomy":"product_cat","embeddable":true,"href":"https:\/\/weinhundert.com\/da\/wp-json\/wp\/v2\/product_cat?post=13588"},{"taxonomy":"product_tag","embeddable":true,"href":"https:\/\/weinhundert.com\/da\/wp-json\/wp\/v2\/product_tag?post=13588"}],"curies":[{"name":"wp","href":"https:\/\/api.w.org\/{rel}","templated":true}]}}